{"id":93,"date":"2013-12-18T09:33:17","date_gmt":"2013-12-18T08:33:17","guid":{"rendered":"http:\/\/oskoper.splet.arnes.si\/2013\/12\/18\/solidarnostni-in-razvojni-sklad\/"},"modified":"2024-11-27T12:43:22","modified_gmt":"2024-11-27T11:43:22","slug":"solidarnostni-in-razvojni-sklad","status":"publish","type":"page","link":"https:\/\/oskoper.splet.arnes.si\/?page_id=93","title":{"rendered":"Solidarnostni sklad"},"content":{"rendered":"<p>[et_pb_section fb_built=&#8221;1&#8243; fullwidth=&#8221;on&#8221; admin_label=&#8221;Section&#8221; _builder_version=&#8221;4.16&#8243; background_color=&#8221;rgba(255,255,255,0)&#8221; transparent_background=&#8221;on&#8221; global_colors_info=&#8221;{}&#8221;][et_pb_fullwidth_menu menu_id=&#8221;44&#8243; submenu_direction=&#8221;downwards&#8221; fullwidth_menu=&#8221;off&#8221; active_link_color=&#8221;#dd3333&#8243; admin_label=&#8221;Fullwidth Menu&#8221; _builder_version=&#8221;4.16&#8243; menu_font=&#8221;|on|||&#8221; menu_text_color=&#8221;#31661f&#8221; background_color=&#8221;rgba(255,255,255,0)&#8221; text_orientation=&#8221;justified&#8221; saved_tabs=&#8221;all&#8221; global_colors_info=&#8221;{}&#8221;][\/et_pb_fullwidth_menu][\/et_pb_section][et_pb_section fb_built=&#8221;1&#8243; admin_label=&#8221;section&#8221; _builder_version=&#8221;4.16&#8243; global_colors_info=&#8221;{}&#8221;][et_pb_row admin_label=&#8221;row&#8221; _builder_version=&#8221;4.16&#8243; background_size=&#8221;initial&#8221; background_position=&#8221;top_left&#8221; background_repeat=&#8221;repeat&#8221; global_colors_info=&#8221;{}&#8221;][et_pb_column type=&#8221;4_4&#8243; _builder_version=&#8221;4.16&#8243; custom_padding=&#8221;|||&#8221; global_colors_info=&#8221;{}&#8221; custom_padding__hover=&#8221;|||&#8221;][et_pb_text admin_label=&#8221;Text&#8221; _builder_version=&#8221;4.27.0&#8243; background_size=&#8221;initial&#8221; background_position=&#8221;top_left&#8221; background_repeat=&#8221;repeat&#8221; hover_enabled=&#8221;0&#8243; global_colors_info=&#8221;{}&#8221; sticky_enabled=&#8221;0&#8243;]<\/p>\n<h4>\u0160OLSKI SKLAD<\/h4>\n<ul>\n<li><a href=\"https:\/\/oskoper.splet.arnes.si\/files\/2024\/11\/Pravila-o-delovanju-solskega-sklada.pdf\" rel=\"attachment wp-att-30865\">Pravila o delovanju \u0161olskega sklada<\/a><\/li>\n<li><a href=\"https:\/\/oskoper.splet.arnes.si\/files\/2022\/06\/SKLEP-O-USTANOVITVI-SOLSKEGA-SKLADA-OS-KOPER21122021.pdf\" rel=\"attachment wp-att-22604\">Sklep o ustanovitvi \u0161olskega sklada O\u0160 Koper<\/a><\/li>\n<\/ul>\n<p>&nbsp;<\/p>\n<p>[\/et_pb_text][\/et_pb_column][\/et_pb_row][\/et_pb_section]<\/p>\n<h3>Related Images:<\/h3>","protected":false},"excerpt":{"rendered":"<p>\u0160OLSKI SKLAD Pravila o delovanju \u0161olskega sklada Sklep o ustanovitvi \u0161olskega sklada O\u0160 Koper &nbsp;<\/p>\n","protected":false},"author":9402,"featured_media":0,"parent":1478,"menu_order":4,"comment_status":"open","ping_status":"open","template":"","meta":{"_et_pb_use_builder":"on","_et_pb_old_content":"<h5>SOLIDARNOSTNI SKLAD<\/h5><ul><li><a href=\"http:\/\/oskoper.splet.arnes.si\/files\/2013\/12\/pravilnik-solidarnostni_sklad.pdf\">Pravilnik<\/a><\/li><li><a href=\"http:\/\/oskoper.splet.arnes.si\/files\/2013\/12\/zapisnik_1._in_konstit._seje_-_solidarnostni_sklad_-_15.10.2008.pdf\">Zapisnik kostitutivne seje<\/a><\/li><\/ul><h5>RAZVOJNI SKLAD<\/h5><ul><li><a href=\"http:\/\/oskoper.splet.arnes.si\/files\/2013\/12\/pravilnik-razvojni_sklad.pdf\">Pravilnik<\/a><\/li><li><a href=\"http:\/\/oskoper.splet.arnes.si\/files\/2013\/12\/zapisnik_1._in_konstit._seje_-_razvojni_sklad_-_15.10.2008.pdf\">Zapisnik kostitutivne seje<\/a><\/li><\/ul>","_et_gb_content_width":"","ngg_post_thumbnail":0,"footnotes":"","_expiration-date-status":"","_expiration-date":0,"_expiration-date-type":"","_expiration-date-categories":[],"_expiration-date-options":[]},"class_list":["post-93","page","type-page","status-publish","hentry"],"_links":{"self":[{"href":"https:\/\/oskoper.splet.arnes.si\/index.php?rest_route=\/wp\/v2\/pages\/93","targetHints":{"allow":["GET"]}}],"collection":[{"href":"https:\/\/oskoper.splet.arnes.si\/index.php?rest_route=\/wp\/v2\/pages"}],"about":[{"href":"https:\/\/oskoper.splet.arnes.si\/index.php?rest_route=\/wp\/v2\/types\/page"}],"author":[{"embeddable":true,"href":"https:\/\/oskoper.splet.arnes.si\/index.php?rest_route=\/wp\/v2\/users\/9402"}],"replies":[{"embeddable":true,"href":"https:\/\/oskoper.splet.arnes.si\/index.php?rest_route=%2Fwp%2Fv2%2Fcomments&post=93"}],"version-history":[{"count":15,"href":"https:\/\/oskoper.splet.arnes.si\/index.php?rest_route=\/wp\/v2\/pages\/93\/revisions"}],"predecessor-version":[{"id":30866,"href":"https:\/\/oskoper.splet.arnes.si\/index.php?rest_route=\/wp\/v2\/pages\/93\/revisions\/30866"}],"up":[{"embeddable":true,"href":"https:\/\/oskoper.splet.arnes.si\/index.php?rest_route=\/wp\/v2\/pages\/1478"}],"wp:attachment":[{"href":"https:\/\/oskoper.splet.arnes.si\/index.php?rest_route=%2Fwp%2Fv2%2Fmedia&parent=93"}],"curies":[{"name":"wp","href":"https:\/\/api.w.org\/{rel}","templated":true}]}}