{"id":85,"date":"2013-12-16T11:55:47","date_gmt":"2013-12-16T10:55:47","guid":{"rendered":"http:\/\/oskoper.splet.arnes.si\/2013\/12\/16\/pravice-in-dolznosti\/"},"modified":"2017-02-23T11:02:19","modified_gmt":"2017-02-23T10:02:19","slug":"pravice-in-dolznosti","status":"publish","type":"page","link":"https:\/\/oskoper.splet.arnes.si\/?page_id=85","title":{"rendered":"Pravice in dol\u017enosti"},"content":{"rendered":"<p>[et_pb_section admin_label=&#8221;Section&#8221; fullwidth=&#8221;on&#8221; specialty=&#8221;off&#8221;][et_pb_fullwidth_menu admin_label=&#8221;Fullwidth Menu&#8221; menu_id=&#8221;45&#8243; background_color=&#8221;rgba(96,188,60,0.15)&#8221; background_layout=&#8221;light&#8221; text_orientation=&#8221;justified&#8221; submenu_direction=&#8221;downwards&#8221; fullwidth_menu=&#8221;off&#8221; dropdown_menu_animation=&#8221;fade&#8221; active_link_color=&#8221;#dd3333&#8243; menu_text_color=&#8221;#31661f&#8221; saved_tabs=&#8221;all&#8221;] [\/et_pb_fullwidth_menu][\/et_pb_section][et_pb_section admin_label=&#8221;section&#8221;][et_pb_row admin_label=&#8221;row&#8221;][et_pb_column type=&#8221;4_4&#8243;][et_pb_text admin_label=&#8221;Text&#8221;]<\/p>\n<div>\n<div class=\"ExternalClassFA15C2BEC09940F4AF74672BAC79DF37\">\n<div>\n<p style=\"margin: auto 0cm\"><span style=\"font-size: 8pt\">(Iz Pravilnika o pravicah in dol\u017enostih u\u010dencev v osnovni \u0161oli-UL RS, \u0161t. 75, 13. 7. 2004)<\/span><\/p>\n<p class=\"P\"><strong>Pravice u\u010denca v osnovni \u0161oli so:<\/strong><\/p>\n<ul>\n<li class=\"P\">da obiskuje pouk in druge vzgojno-izobra\u017eevalne dejavnosti,<\/li>\n<li class=\"P\">da pridobiva znanje, spretnosti in navade za vse\u017eivljenjsko u\u010denje,<\/li>\n<li class=\"P\">da mu je v \u0161oli zagotovljeno varno in spodbudno okolje,<\/li>\n<li class=\"P\">da \u0161ola organizira \u017eivljenje in delo s spo\u0161tovanjem univerzalnih civilizacijskih vrednot in posebnosti razli\u010dnih kultur,<\/li>\n<li class=\"P\">da mu \u0161ola zagotavlja enakopravno obravnavanje ne glede na spol, raso in etni\u010dno pripadnost, veroizpoved, socialni status dru\u017eine in druge okoli\u0161\u010dine,<\/li>\n<li class=\"P\">da \u0161ola zagotovi varovanje njegovih osebnih podatkov v skladu z zakonom in drugimi predpisi,<\/li>\n<li class=\"P\">da u\u010ditelji in drugi delavci \u0161ole spo\u0161tujejo njegovo osebnost in individualnost ter njegovo \u010dlove\u0161ko dostojanstvo in pravico do zasebnosti,<\/li>\n<li class=\"P\">da mu je omogo\u010deno tudi izven pouka pridobiti dodatno razlago in nasvet,<\/li>\n<li class=\"P\">da se pri pouku upo\u0161teva njegova radovednost ter razvojne zna\u010dilnosti, predznanje in individualne posebnosti,<\/li>\n<li class=\"P\">da pri pouku dobi kakovostne informacije, ki sledijo sodobnemu razvoju znanosti in strok,<\/li>\n<li class=\"P\">da dobi o svojem delu sprotno, pravi\u010dno in utemeljeno povratno informacijo,<\/li>\n<li class=\"P\">da dobi pri svojem delu pomo\u010d in podporo, \u010de ju potrebuje,<\/li>\n<li class=\"P\">da svoji razvojni stopnji primerno sodeluje pri oblikovanju dnevov dejavnosti, ekskurzij, interesnih dejavnosti in prireditev \u0161ole,<\/li>\n<li class=\"P\">da se lahko svobodno izre\u010de o vseh vpra\u0161anjih iz \u017eivljenja in dela \u0161ole,<\/li>\n<li class=\"P\">da se vklju\u010duje v delo oddel\u010dne skupnosti u\u010dencev, skupnosti u\u010dencev \u0161ole in \u0161olskega parlamenta,<\/li>\n<li class=\"P\">da sodeluje pri ocenjevanju,<\/li>\n<li class=\"P\">da sodeluje pri dogovorjenih skupnih aktivnostih.<\/li>\n<\/ul>\n<p class=\"P\"><strong>Dol\u017enosti u\u010denca so:<\/strong><\/p>\n<ul>\n<li class=\"P\">da spo\u0161tuje pravice drugih u\u010dencev in delavcev \u0161ole in ima spo\u0161tljiv in strpen odnos do individualnosti, \u010dlove\u0161kega dostojanstva, etni\u010dne pripadnosti, veroizpovedi, rase in spola,<\/li>\n<li class=\"P\">da izpolni osnovno\u0161olsko obveznost,<\/li>\n<li class=\"P\">da redno in to\u010dno obiskuje pouk in druge vzgojno-izobra\u017eevalne dejavnosti,<\/li>\n<li class=\"P\">da izpolnjuje svoje u\u010dne in druge \u0161olske obveznosti,<\/li>\n<li class=\"P\">da u\u010dencev in delavcev \u0161ole ne ovira in ne moti pri delu,<\/li>\n<li class=\"P\">da v \u0161oli in izven \u0161ole skrbi za lastno zdravje in varnost ter ne ogro\u017ea zdravja in varnosti ter osebnostne integritete drugih u\u010dencev in delavcev \u0161ole,<\/li>\n<li class=\"P\">da spo\u0161tuje pravila hi\u0161nega reda,<\/li>\n<li class=\"P\">da varuje in odgovorno ravna s premo\u017eenjem \u0161ole ter lastnino u\u010dencev in delavcev \u0161ole ter le-tega namerno ne po\u0161koduje,<\/li>\n<li class=\"P\">da se spo\u0161tljivo vede do drugih,<\/li>\n<li class=\"P\">da sodeluje pri urejanju \u0161ole in \u0161olske okolice, dogovorjenem v oddel\u010dni skupnosti ali skupnosti u\u010dencev \u0161ole,<\/li>\n<li class=\"P\">da sodeluje pri dogovorjenih oblikah de\u017eurstva u\u010dencev.<\/li>\n<\/ul>\n<\/div>\n<\/div>\n<\/div>\n<p>[\/et_pb_text][\/et_pb_column][\/et_pb_row][\/et_pb_section]<\/p>\n<h3>Related Images:<\/h3>","protected":false},"excerpt":{"rendered":"<p>(Iz Pravilnika o pravicah in dol\u017enostih u\u010dencev v osnovni \u0161oli-UL RS, \u0161t. 75, 13. 7. 2004) Pravice u\u010denca v osnovni \u0161oli so: da obiskuje pouk in druge vzgojno-izobra\u017eevalne dejavnosti, da pridobiva znanje, spretnosti in navade za vse\u017eivljenjsko u\u010denje, da mu je v \u0161oli zagotovljeno varno in spodbudno okolje, da \u0161ola organizira \u017eivljenje in delo s [&hellip;]<\/p>\n","protected":false},"author":9402,"featured_media":0,"parent":1557,"menu_order":9,"comment_status":"closed","ping_status":"closed","template":"","meta":{"_et_pb_use_builder":"on","_et_pb_old_content":"<div><div class=\"ExternalClassFA15C2BEC09940F4AF74672BAC79DF37\"><div><p style=\"margin: auto 0cm;\"><span style=\"font-size: 8pt;\">(Iz Pravilnika o pravicah in dol\u017enostih u\u010dencev v osnovni \u0161oli-UL RS, \u0161t. 75, 13. 7. 2004)<\/span><\/p><p class=\"P\"><strong>Pravice u\u010denca v osnovni \u0161oli so:<\/strong><\/p><ul><li class=\"P\">da obiskuje pouk in druge vzgojno-izobra\u017eevalne dejavnosti,<\/li><li class=\"P\">da pridobiva znanje, spretnosti in navade za vse\u017eivljenjsko u\u010denje,<\/li><li class=\"P\">da mu je v \u0161oli zagotovljeno varno in spodbudno okolje,<\/li><li class=\"P\">da \u0161ola organizira \u017eivljenje in delo s spo\u0161tovanjem univerzalnih civilizacijskih vrednot in posebnosti razli\u010dnih kultur,<\/li><li class=\"P\">da mu \u0161ola zagotavlja enakopravno obravnavanje ne glede na spol, raso in etni\u010dno pripadnost, veroizpoved, socialni status dru\u017eine in druge okoli\u0161\u010dine,<\/li><li class=\"P\">da \u0161ola zagotovi varovanje njegovih osebnih podatkov v skladu z zakonom in drugimi predpisi,<\/li><li class=\"P\">da u\u010ditelji in drugi delavci \u0161ole spo\u0161tujejo njegovo osebnost in individualnost ter njegovo \u010dlove\u0161ko dostojanstvo in pravico do zasebnosti,<\/li><li class=\"P\">da mu je omogo\u010deno tudi izven pouka pridobiti dodatno razlago in nasvet,<\/li><li class=\"P\">da se pri pouku upo\u0161teva njegova radovednost ter razvojne zna\u010dilnosti, predznanje in individualne posebnosti,<\/li><li class=\"P\">da pri pouku dobi kakovostne informacije, ki sledijo sodobnemu razvoju znanosti in strok,<\/li><li class=\"P\">da dobi o svojem delu sprotno, pravi\u010dno in utemeljeno povratno informacijo,<\/li><li class=\"P\">da dobi pri svojem delu pomo\u010d in podporo, \u010de ju potrebuje,<\/li><li class=\"P\">da svoji razvojni stopnji primerno sodeluje pri oblikovanju dnevov dejavnosti, ekskurzij, interesnih dejavnosti in prireditev \u0161ole,<\/li><li class=\"P\">da se lahko svobodno izre\u010de o vseh vpra\u0161anjih iz \u017eivljenja in dela \u0161ole,<\/li><li class=\"P\">da se vklju\u010duje v delo oddel\u010dne skupnosti u\u010dencev, skupnosti u\u010dencev \u0161ole in \u0161olskega parlamenta,<\/li><li class=\"P\">da sodeluje pri ocenjevanju,<\/li><li class=\"P\">da sodeluje pri dogovorjenih skupnih aktivnostih.<\/li><\/ul><p class=\"P\"><strong>Dol\u017enosti u\u010denca so:<\/strong><\/p><ul><li class=\"P\">da spo\u0161tuje pravice drugih u\u010dencev in delavcev \u0161ole in ima spo\u0161tljiv in strpen odnos do individualnosti, \u010dlove\u0161kega dostojanstva, etni\u010dne pripadnosti, veroizpovedi, rase in spola,<\/li><li class=\"P\">da izpolni osnovno\u0161olsko obveznost,<\/li><li class=\"P\">da redno in to\u010dno obiskuje pouk in druge vzgojno-izobra\u017eevalne dejavnosti,<\/li><li class=\"P\">da izpolnjuje svoje u\u010dne in druge \u0161olske obveznosti,<\/li><li class=\"P\">da u\u010dencev in delavcev \u0161ole ne ovira in ne moti pri delu,<\/li><li class=\"P\">da v \u0161oli in izven \u0161ole skrbi za lastno zdravje in varnost ter ne ogro\u017ea zdravja in varnosti ter osebnostne integritete drugih u\u010dencev in delavcev \u0161ole,<\/li><li class=\"P\">da spo\u0161tuje pravila hi\u0161nega reda,<\/li><li class=\"P\">da varuje in odgovorno ravna s premo\u017eenjem \u0161ole ter lastnino u\u010dencev in delavcev \u0161ole ter le-tega namerno ne po\u0161koduje,<\/li><li class=\"P\">da se spo\u0161tljivo vede do drugih,<\/li><li class=\"P\">da sodeluje pri urejanju \u0161ole in \u0161olske okolice, dogovorjenem v oddel\u010dni skupnosti ali skupnosti u\u010dencev \u0161ole,<\/li><li class=\"P\">da sodeluje pri dogovorjenih oblikah de\u017eurstva u\u010dencev.<\/li><\/ul><\/div><\/div><\/div>","_et_gb_content_width":"","ngg_post_thumbnail":0,"footnotes":"","_expiration-date-status":"","_expiration-date":0,"_expiration-date-type":"","_expiration-date-categories":[],"_expiration-date-options":[]},"class_list":["post-85","page","type-page","status-publish","hentry"],"_links":{"self":[{"href":"https:\/\/oskoper.splet.arnes.si\/index.php?rest_route=\/wp\/v2\/pages\/85","targetHints":{"allow":["GET"]}}],"collection":[{"href":"https:\/\/oskoper.splet.arnes.si\/index.php?rest_route=\/wp\/v2\/pages"}],"about":[{"href":"https:\/\/oskoper.splet.arnes.si\/index.php?rest_route=\/wp\/v2\/types\/page"}],"author":[{"embeddable":true,"href":"https:\/\/oskoper.splet.arnes.si\/index.php?rest_route=\/wp\/v2\/users\/9402"}],"replies":[{"embeddable":true,"href":"https:\/\/oskoper.splet.arnes.si\/index.php?rest_route=%2Fwp%2Fv2%2Fcomments&post=85"}],"version-history":[{"count":9,"href":"https:\/\/oskoper.splet.arnes.si\/index.php?rest_route=\/wp\/v2\/pages\/85\/revisions"}],"predecessor-version":[{"id":3173,"href":"https:\/\/oskoper.splet.arnes.si\/index.php?rest_route=\/wp\/v2\/pages\/85\/revisions\/3173"}],"up":[{"embeddable":true,"href":"https:\/\/oskoper.splet.arnes.si\/index.php?rest_route=\/wp\/v2\/pages\/1557"}],"wp:attachment":[{"href":"https:\/\/oskoper.splet.arnes.si\/index.php?rest_route=%2Fwp%2Fv2%2Fmedia&parent=85"}],"curies":[{"name":"wp","href":"https:\/\/api.w.org\/{rel}","templated":true}]}}