{"id":81,"date":"2016-09-06T11:38:00","date_gmt":"2016-09-06T09:38:00","guid":{"rendered":"http:\/\/oskoper.splet.arnes.si\/2014\/10\/06\/govorilne-ure-v-solskem-letu-2013-2014\/"},"modified":"2025-01-08T10:33:14","modified_gmt":"2025-01-08T09:33:14","slug":"govorilne-ure-v-solskem-letu-2013-2014","status":"publish","type":"page","link":"https:\/\/oskoper.splet.arnes.si\/?page_id=81","title":{"rendered":"Govorilne ure v \u0161olskem letu 2020-2021"},"content":{"rendered":"<p>[et_pb_section fb_built=&#8221;1&#8243; fullwidth=&#8221;on&#8221; admin_label=&#8221;Section&#8221; _builder_version=&#8221;4.16&#8243; background_color=&#8221;rgba(255,255,255,0)&#8221; transparent_background=&#8221;on&#8221; global_colors_info=&#8221;{}&#8221;][et_pb_fullwidth_menu menu_id=&#8221;61&#8243; submenu_direction=&#8221;downwards&#8221; fullwidth_menu=&#8221;off&#8221; active_link_color=&#8221;#dd3333&#8243; admin_label=&#8221;Fullwidth Menu&#8221; _builder_version=&#8221;4.16&#8243; menu_font=&#8221;|on|||&#8221; menu_text_color=&#8221;#31661f&#8221; background_color=&#8221;rgba(255,255,255,0)&#8221; text_orientation=&#8221;justified&#8221; saved_tabs=&#8221;all&#8221; global_colors_info=&#8221;{}&#8221;][\/et_pb_fullwidth_menu][\/et_pb_section][et_pb_section fb_built=&#8221;1&#8243; admin_label=&#8221;section&#8221; _builder_version=&#8221;4.16&#8243; global_colors_info=&#8221;{}&#8221;][et_pb_row admin_label=&#8221;row&#8221; _builder_version=&#8221;4.16&#8243; background_size=&#8221;initial&#8221; background_position=&#8221;top_left&#8221; background_repeat=&#8221;repeat&#8221; global_colors_info=&#8221;{}&#8221;][et_pb_column type=&#8221;4_4&#8243; _builder_version=&#8221;4.16&#8243; custom_padding=&#8221;|||&#8221; global_colors_info=&#8221;{}&#8221; custom_padding__hover=&#8221;|||&#8221;][et_pb_text admin_label=&#8221;Text&#8221; _builder_version=&#8221;4.27.0&#8243; background_size=&#8221;initial&#8221; background_position=&#8221;top_left&#8221; background_repeat=&#8221;repeat&#8221; hover_enabled=&#8221;0&#8243; use_border_color=&#8221;off&#8221; border_color=&#8221;#ffffff&#8221; border_style=&#8221;solid&#8221; global_colors_info=&#8221;{}&#8221; sticky_enabled=&#8221;0&#8243;]<\/p>\n<p style=\"text-align: justify\">Popoldanske govorilne ure so organizirane po predmetnih podro\u010djih enkrat mese\u010dno (v tabeli). Na pogovor z u\u010diteljem lahko star\u0161i ali skrbniki\u00a0 pridejo tudi v \u010dasu dopoldanskih govorilnih ur po urniku dopoldanskih govorilnih ur, ki bo objavljen septembra na \u0161olski spletni strani in na oglasni deski v avli \u0161ole.<\/p>\n<p>&nbsp;<\/p>\n<p style=\"text-align: justify\">Obiski star\u0161ev izven urnika govorilnih ur ter v mesecu septembru in juniju so mo\u017eni po predhodnem dogovoru z u\u010ditelji.<\/p>\n<p style=\"text-align: justify\">Govorilne ure na razredni stopnji (prvo in drugo triletje) bodo organizirane skladno z dogovorom med razredni\u010darkami in star\u0161i na prvem roditeljskem sestanku.<\/p>\n<p style=\"text-align: justify\">Na Osnovni \u0161oli Koper v zadnjih letih klasi\u010dne oblike na\u0161ega sodelovanja s star\u0161i nadgrajujemo in ustvarjamo \u010dasu in sodobnim potrebam ustrezne komunikacijske in dru\u017eabne poti.<\/p>\n<p style=\"text-align: justify\">Sodobna informacijsko-komunikacijska tehnologija ponuja mo\u017enosti hitrej\u0161ega komuniciranja med domom in \u0161olo (ko je to potrebno) in jo velja v bodo\u010de bolje izkoristiti, vsekakor pa je nujno v teh interakcijah poglabljati in gojiti osebne pristne stike v sodelovanju, upo\u0161tevajo\u010d tako potrebe star\u0161ev, u\u010diteljev kot tudi otrok.<\/p>\n<p style=\"text-align: justify\">S \u0161olskim letom 2012\/2013 smo pre\u0161li na elektronsko vodenje dnevnikov in redovalnic s storitvijo eAsistent, ki omogo\u010da sprotno obve\u0161\u010danje star\u0161ev u\u010dencev o odsotnosti, o vpisih v dnevnik, pohvalah, ocenjevanju znanja, ocenah, povabilih na govorilne ure in roditeljske sestanke.<\/p>\n<p>Oblike, kot so:<\/p>\n<ul>\n<li style=\"text-align: justify\">vzpostavljanje elektronskih klepetalnic, interaktivne spletne strani za \u010dim hitrej\u0161i pretok informacij,<\/li>\n<li style=\"text-align: justify\">skupno pre\u017eivljanje prostega \u010dasa z otroki (u\u010ditelji, s star\u0161i in z u\u010denci),<\/li>\n<li style=\"text-align: justify\">sodelovanje pri organizaciji in izpeljavi dni s posebno vsebino, \u0161ole v naravi,<\/li>\n<li style=\"text-align: justify\">sooblikovanje nadstandardnih programov, ponudbe interesnih dejavnosti, posameznih projektov,<\/li>\n<li style=\"text-align: justify\">skupno zastopanje stali\u0161\u010d do nacionalne in regionalne \u0161olske politike ter uvajanje le-te v zavod,<\/li>\n<li style=\"text-align: justify\">skupno oblikovanje vzgojnega na\u010drta \u0161ole,<\/li>\n<li style=\"text-align: justify\">skupno organiziranje kulturnih in \u0161portnih prireditev ob praznikih in posebnih dnevih ter drugo<\/li>\n<\/ul>\n<p style=\"text-align: justify\">\u2026 so mo\u017enosti, kjer lahko v dobro otroka in njegovega devetletnega bivanja na \u0161oli tako star\u0161i kot vzgojitelji in u\u010ditelji gradimo ustreznej\u0161e in kvalitetnej\u0161e poznavanje potreb, \u017eelja in interesov posameznikov, kar je zlasti pomembno v smislu dobrega, obojestransko konstruktivnega delovanja in zagotavljanja ustreznega psihofizi\u010dnega in socialnega razvoja in vzgoje na\u0161ih otrok oz. u\u010dencev.<\/p>\n<p><a href=\"https:\/\/oskoper.splet.arnes.si\/files\/2024\/09\/Termini-GU-2024-25.pdf\" rel=\"attachment wp-att-27064\">Termini govorilnih ur 2024\/25<\/a><\/p>\n<p><a href=\"https:\/\/oskoper.splet.arnes.si\/files\/2024\/09\/Dopoldanske-GU-2024-25.pdf\" rel=\"attachment wp-att-23239\">Dopoldanske GU 2024\/25<\/a><\/p>\n<p><a href=\"https:\/\/oskoper.splet.arnes.si\/files\/2025\/01\/Popoldanske-GU-2024-25.pdf\" rel=\"attachment wp-att-24130\">Popoldanske GU 2024\/25<\/a><\/p>\n<p>&nbsp;<\/p>\n<p>&nbsp;<\/p>\n<p>[\/et_pb_text][\/et_pb_column][\/et_pb_row][\/et_pb_section]<\/p>\n<h3>Related Images:<\/h3>","protected":false},"excerpt":{"rendered":"<p>Popoldanske govorilne ure so organizirane po predmetnih podro\u010djih enkrat mese\u010dno (v tabeli). Na pogovor z u\u010diteljem lahko star\u0161i ali skrbniki\u00a0 pridejo tudi v \u010dasu dopoldanskih govorilnih ur po urniku dopoldanskih govorilnih ur, ki bo objavljen septembra na \u0161olski spletni strani in na oglasni deski v avli \u0161ole. &nbsp; Obiski star\u0161ev izven urnika govorilnih ur ter [&hellip;]<\/p>\n","protected":false},"author":9402,"featured_media":0,"parent":1566,"menu_order":1,"comment_status":"open","ping_status":"open","template":"","meta":{"_et_pb_use_builder":"on","_et_pb_old_content":"<p><span style=\"line-height: 115%; font-family: 'Tahoma',sans-serif; font-size: 10pt;\"><span style=\"color: #000000;\">Popoldanske govorilne ure so organizirane po predmetnih podro\u010djih enkrat mese\u010dno (v tabeli). Na pogovor z u\u010diteljem lahko star\u0161i ali skrbniki\u00a0 pridejo tudi v \u010dasu dopoldanskih govorilnih ur po urniku dopoldanskih govorilnih ur, ki bo objavljen septembra na \u0161olski spletni strani in na oglasni deski v avli \u0161ole.<\/span><\/span><\/p><table style=\"border: 1pt outset #b0dfa0; width: 562px;\" border=\"1\" cellspacing=\"3\" cellpadding=\"0\"><tbody><tr style=\"height: 40.3pt;\"><td style=\"background: #7cca62; padding: 0cm 5.4pt; border: 1pt inset #b0dfa0; width: 176.95pt; height: 40.3pt;\" width=\"236\"><p style=\"margin: 0cm 0cm 0pt; text-align: center; line-height: 115%;\" align=\"center\"><strong><span style=\"color: white; line-height: 115%; font-family: 'Tahoma',sans-serif; font-size: 10pt;\">PREDMETNA PODRO\u010cJA<\/span><\/strong><\/p><p>\u00a0<\/p><\/td><td style=\"background: #7cca62; padding: 0cm 5.4pt; border: 1pt inset #b0dfa0; width: 137.85pt; height: 40.3pt;\" width=\"184\"><p style=\"margin: 0cm 0cm 0pt; text-align: center; line-height: 115%;\" align=\"center\"><strong><span style=\"color: white; line-height: 115%; font-family: 'Tahoma',sans-serif; font-size: 10pt;\">DATUMI GOVORILNIH UR<\/span><\/strong><\/p><p>\u00a0<\/p><\/td><td style=\"background: #7cca62; padding: 0cm 5.4pt; border: 1pt inset #b0dfa0; width: 98.6pt; height: 40.3pt;\" width=\"131\"><p style=\"margin: 0cm 0cm 0pt; text-align: center; line-height: 115%;\" align=\"center\"><strong><span style=\"color: white; line-height: 115%; font-family: 'Tahoma',sans-serif; font-size: 10pt;\">\u010cAS<\/span><\/strong><\/p><p>\u00a0<\/p><\/td><\/tr><tr style=\"height: 19.85pt;\"><td style=\"background: #e4f4df; padding: 0cm 5.4pt; border: 1pt inset #b0dfa0; width: 316.8pt; height: 19.85pt;\" colspan=\"2\" width=\"422\"><p style=\"margin: 0cm 0cm 0pt; line-height: 115%;\"><strong><span style=\"line-height: 115%; font-family: 'Tahoma',sans-serif; font-size: 10pt;\">PRAVILOMA VSAK DRUGI TOREK V MESECU: <\/span><\/strong><\/p><p>\u00a0<\/p><\/td><td style=\"padding: 0cm 5.4pt; border: 1pt inset #b0dfa0; width: 98.6pt; height: 19.85pt; background-color: transparent;\" rowspan=\"2\" width=\"131\"><p style=\"margin: 0cm 0cm 0pt; line-height: 115%;\"><span style=\"line-height: 115%; font-family: 'Tahoma',sans-serif; font-size: 10pt;\">od 17.00 do 19.00<\/span><\/p><p>\u00a0<\/p><\/td><\/tr><tr style=\"height: 95.6pt;\"><td style=\"padding: 0cm 5.4pt; border: 1pt inset #b0dfa0; width: 176.95pt; height: 95.6pt; background-color: transparent;\" width=\"236\"><p style=\"margin: 0cm 0cm 0pt; line-height: 115%;\"><strong><span style=\"line-height: 115%; font-family: 'Tahoma',sans-serif; font-size: 10pt;\">Za prvo in drugo triletje, SLO, TJA, ITD,\u00a0 \u0160VZ, IP s podro\u010dja jezika in \u0161porta<\/span><\/strong><\/p><p>\u00a0<\/p><\/td><td style=\"background: #cae9c0; padding: 0cm 5.4pt; border: 1pt inset #b0dfa0; width: 137.85pt; height: 95.6pt;\" width=\"184\"><p style=\"background: #cae9c0; margin: 0cm 0cm 0pt; line-height: 115%;\"><strong><span style=\"line-height: 115%; font-family: 'Tahoma',sans-serif; font-size: 10pt;\">11.\u00a0 oktober,<\/span><\/strong><\/p><p style=\"background: #cae9c0; margin: 0cm 0cm 0pt; line-height: 115%;\"><strong><span style=\"line-height: 115%; font-family: 'Tahoma',sans-serif; font-size: 10pt;\">8.\u00a0 november,<\/span><\/strong><\/p><p style=\"background: #cae9c0; margin: 0cm 0cm 0pt; line-height: 115%;\"><strong><span style=\"line-height: 115%; font-family: 'Tahoma',sans-serif; font-size: 10pt;\">13.\u00a0 december,<\/span><\/strong><\/p><p style=\"background: #cae9c0; margin: 0cm 0cm 0pt; line-height: 115%;\"><strong><span style=\"line-height: 115%; font-family: 'Tahoma',sans-serif; font-size: 10pt;\">10.\u00a0 januar,<\/span><\/strong><\/p><p style=\"background: #cae9c0; margin: 0cm 0cm 0pt; line-height: 115%;\"><strong><span style=\"line-height: 115%; font-family: 'Tahoma',sans-serif; font-size: 10pt;\">14.\u00a0 februar,<\/span><\/strong><\/p><p style=\"background: #cae9c0; margin: 0cm 0cm 0pt; line-height: 115%;\"><strong><span style=\"line-height: 115%; font-family: 'Tahoma',sans-serif; font-size: 10pt;\">14.\u00a0 marec,<\/span><\/strong><\/p><p style=\"background: #cae9c0; margin: 0cm 0cm 0pt; line-height: 115%;\"><strong><span style=\"line-height: 115%; font-family: 'Tahoma',sans-serif; font-size: 10pt;\">11.\u00a0 april,<\/span><\/strong><\/p><p style=\"margin: 0cm 0cm 0pt; line-height: 115%;\"><strong><span style=\"line-height: 115%; font-family: 'Tahoma',sans-serif; font-size: 10pt;\">23.\u00a0 maj<\/span><\/strong><\/p><\/td><\/tr><tr style=\"height: 20.55pt;\"><td style=\"background: #e4f4df; padding: 0cm 5.4pt; border: 1pt inset #b0dfa0; width: 316.8pt; height: 20.55pt;\" colspan=\"2\" width=\"422\"><p style=\"margin: 0cm 0cm 0pt; line-height: 115%;\"><span style=\"line-height: 115%; font-family: 'Tahoma',sans-serif; font-size: 10pt;\"><strong>PRAVILOMA VSAK DRUGI \u010cETRTEK V MESECU: <\/strong><\/span><\/p><p>\u00a0<\/p><\/td><td style=\"padding: 0cm 5.4pt; border: 1pt inset #b0dfa0; width: 98.6pt; height: 20.55pt; background-color: transparent;\" width=\"131\">\u00a0<\/td><\/tr><tr style=\"height: 93.4pt;\"><td style=\"padding: 0cm 5.4pt; border: 1pt inset #b0dfa0; width: 176.95pt; height: 93.4pt; background-color: transparent;\" width=\"236\"><p style=\"margin: 0cm 0cm 0pt; line-height: 115%;\"><strong><span style=\"line-height: 115%; font-family: 'Tahoma',sans-serif; font-size: 10pt;\">BIO, KEM, SPN, FIZ,\u00a0 MAT,\u00a0 THV, GOS,\u00a0 IP s podro\u010dja naravoslovja GEO, ZGO, DIE SPD, LVZ, GVZ,\u00a0 IP s podro\u010dja dru\u017eboslovja, glasbe in\u00a0 likovne vzgoje<\/span><\/strong><\/p><p>\u00a0<\/p><\/td><td style=\"background: #cae9c0; padding: 0cm 5.4pt; border: 1pt inset #b0dfa0; width: 137.85pt; height: 93.4pt;\" width=\"184\"><p style=\"margin: 0cm 0cm 0pt; line-height: 115%;\"><strong><span style=\"line-height: 115%; font-family: 'Tahoma',sans-serif; font-size: 10pt;\">13.\u00a0 oktober,<\/span><\/strong><\/p><p style=\"margin: 0cm 0cm 0pt; line-height: 115%;\"><strong><span style=\"line-height: 115%; font-family: 'Tahoma',sans-serif; font-size: 10pt;\">10.\u00a0 november,<\/span><\/strong><\/p><p style=\"margin: 0cm 0cm 0pt; line-height: 115%;\"><strong><span style=\"line-height: 115%; font-family: 'Tahoma',sans-serif; font-size: 10pt;\">15.\u00a0 december,<\/span><\/strong><\/p><p style=\"margin: 0cm 0cm 0pt; line-height: 115%;\"><strong><span style=\"line-height: 115%; font-family: 'Tahoma',sans-serif; font-size: 10pt;\">12.\u00a0 januar,<\/span><\/strong><\/p><p style=\"margin: 0cm 0cm 0pt; line-height: 115%;\"><strong><span style=\"line-height: 115%; font-family: 'Tahoma',sans-serif; font-size: 10pt;\">16.\u00a0 februar,<\/span><\/strong><\/p><p style=\"margin: 0cm 0cm 0pt; line-height: 115%;\"><strong><span style=\"line-height: 115%; font-family: 'Tahoma',sans-serif; font-size: 10pt;\">16.\u00a0 marec,<\/span><\/strong><\/p><p style=\"margin: 0cm 0cm 0pt; line-height: 115%;\"><strong><span style=\"line-height: 115%; font-family: 'Tahoma',sans-serif; font-size: 10pt;\">13.\u00a0 april,<\/span><\/strong><\/p><p style=\"margin: 0cm 0cm 0pt; line-height: 115%;\"><strong><span style=\"line-height: 115%; font-family: 'Tahoma',sans-serif; font-size: 10pt;\">25.\u00a0 maj<\/span><\/strong><\/p><\/td><td style=\"padding: 0cm 5.4pt; border: 1pt inset #b0dfa0; width: 98.6pt; height: 93.4pt; background-color: transparent;\" width=\"131\"><p style=\"margin: 0cm 0cm 0pt; line-height: 115%;\"><span style=\"line-height: 115%; font-family: 'Tahoma',sans-serif; font-size: 10pt;\">od 17.00 do 19.00 <\/span><\/p><p>\u00a0<\/p><\/td><\/tr><\/tbody><\/table><p style=\"margin: 0cm 0cm 0pt; text-align: justify; line-height: 115%;\"><span style=\"line-height: 115%; font-family: 'Tahoma',sans-serif; font-size: 10pt;\"><span style=\"color: #000000;\">Obiski star\u0161ev izven urnika govorilnih ur ter v mesecu septembru in juniju so mo\u017eni po predhodnem dogovoru\u00a0 z u\u010ditelji.<\/span><\/span><\/p><p><span style=\"line-height: 115%; font-family: 'Tahoma',sans-serif; font-size: 10pt;\"><span style=\"color: #000000;\">Govorilne ure na razredni stopnji (prvo in drugo triletje) bodo organizirane skladno z dogovorom med razredni\u010darkami in star\u0161i na prvem roditeljskem sestanku. <\/span><\/span><\/p><p><strong>Razpored GU po u\u010diteljih in pripadajo\u010dih u\u010dilnicah:<\/strong><\/p><p><a href=\"http:\/\/oskoper.splet.arnes.si\/files\/2014\/10\/govorilne_ure_popoldan.pdf\">Popoldanske govorilne ure<\/a><\/p><p><a href=\"http:\/\/oskoper.splet.arnes.si\/files\/2014\/10\/govorilne_ure_dopoldan.pdf\">Dopoldanske govorilne ure<\/a><\/p>","_et_gb_content_width":"","ngg_post_thumbnail":0,"footnotes":"","_expiration-date-status":"","_expiration-date":0,"_expiration-date-type":"","_expiration-date-categories":[],"_expiration-date-options":[]},"class_list":["post-81","page","type-page","status-publish","hentry"],"_links":{"self":[{"href":"https:\/\/oskoper.splet.arnes.si\/index.php?rest_route=\/wp\/v2\/pages\/81","targetHints":{"allow":["GET"]}}],"collection":[{"href":"https:\/\/oskoper.splet.arnes.si\/index.php?rest_route=\/wp\/v2\/pages"}],"about":[{"href":"https:\/\/oskoper.splet.arnes.si\/index.php?rest_route=\/wp\/v2\/types\/page"}],"author":[{"embeddable":true,"href":"https:\/\/oskoper.splet.arnes.si\/index.php?rest_route=\/wp\/v2\/users\/9402"}],"replies":[{"embeddable":true,"href":"https:\/\/oskoper.splet.arnes.si\/index.php?rest_route=%2Fwp%2Fv2%2Fcomments&post=81"}],"version-history":[{"count":16,"href":"https:\/\/oskoper.splet.arnes.si\/index.php?rest_route=\/wp\/v2\/pages\/81\/revisions"}],"predecessor-version":[{"id":31246,"href":"https:\/\/oskoper.splet.arnes.si\/index.php?rest_route=\/wp\/v2\/pages\/81\/revisions\/31246"}],"up":[{"embeddable":true,"href":"https:\/\/oskoper.splet.arnes.si\/index.php?rest_route=\/wp\/v2\/pages\/1566"}],"wp:attachment":[{"href":"https:\/\/oskoper.splet.arnes.si\/index.php?rest_route=%2Fwp%2Fv2%2Fmedia&parent=81"}],"curies":[{"name":"wp","href":"https:\/\/api.w.org\/{rel}","templated":true}]}}