{"id":7441,"date":"2018-04-16T11:44:35","date_gmt":"2018-04-16T09:44:35","guid":{"rendered":"http:\/\/oskoper.splet.arnes.si\/?page_id=7441"},"modified":"2024-01-18T11:33:57","modified_gmt":"2024-01-18T10:33:57","slug":"projekti-2","status":"publish","type":"page","link":"https:\/\/oskoper.splet.arnes.si\/?page_id=7441","title":{"rendered":"Projekti"},"content":{"rendered":"<p>[et_pb_section fb_built=&#8221;1&#8243; admin_label=&#8221;Section&#8221; _builder_version=&#8221;4.16&#8243; global_colors_info=&#8221;{}&#8221;][et_pb_row admin_label=&#8221;Row&#8221; _builder_version=&#8221;4.16&#8243; background_size=&#8221;initial&#8221; background_position=&#8221;top_left&#8221; background_repeat=&#8221;repeat&#8221; global_colors_info=&#8221;{}&#8221;][et_pb_column type=&#8221;4_4&#8243; _builder_version=&#8221;4.16&#8243; custom_padding=&#8221;|||&#8221; global_colors_info=&#8221;{}&#8221; custom_padding__hover=&#8221;|||&#8221;][et_pb_text admin_label=&#8221;Text&#8221; _builder_version=&#8221;4.16&#8243; background_size=&#8221;initial&#8221; background_position=&#8221;top_left&#8221; background_repeat=&#8221;repeat&#8221; border_width_all=&#8221;0px&#8221; border_color_all=&#8221;#dbdbdb&#8221; border_style_all=&#8221;solid&#8221; use_border_color=&#8221;on&#8221; border_color=&#8221;#dbdbdb&#8221; border_style=&#8221;solid&#8221; global_colors_info=&#8221;{}&#8221;]<\/p>\n<h4><strong>Spoznavanje drugih pomeni tudi spoznavanje samega sebe v naj\u0161ir\u0161em pomenu. Projekti in sodelovanje v njih predstavljajo velik izziv za \u0161olo. Izku\u0161nje ka\u017eejo, da se tak\u0161na oblika dela bogato obrestuje. Projekti spreminjajo vzdu\u0161je na \u0161oli, krepijo ob\u010dutek za timsko delo, sve\u017e pristop k pou\u010devanju pa prispeva tudi k ve\u010dji motivaciji u\u010dencev.<\/strong><\/h4>\n<p>&nbsp;<br \/>\n[\/et_pb_text][\/et_pb_column][\/et_pb_row][et_pb_row admin_label=&#8221;Row&#8221; _builder_version=&#8221;4.16&#8243; background_size=&#8221;initial&#8221; background_position=&#8221;top_left&#8221; background_repeat=&#8221;repeat&#8221; global_colors_info=&#8221;{}&#8221;][et_pb_column type=&#8221;4_4&#8243; _builder_version=&#8221;4.16&#8243; custom_padding=&#8221;|||&#8221; global_colors_info=&#8221;{}&#8221; custom_padding__hover=&#8221;|||&#8221;][et_pb_text admin_label=&#8221;Text&#8221; _builder_version=&#8221;4.16&#8243; background_size=&#8221;initial&#8221; background_position=&#8221;top_left&#8221; background_repeat=&#8221;repeat&#8221; use_border_color=&#8221;off&#8221; border_color=&#8221;#ffffff&#8221; border_style=&#8221;solid&#8221; global_colors_info=&#8221;{}&#8221;]<\/p>\n<h2>PROJEKTI V IZVAJANJU<\/h2>\n<p>[\/et_pb_text][et_pb_tabs admin_label=&#8221;Tabs&#8221; _builder_version=&#8221;4.23.1&#8243; background_size=&#8221;initial&#8221; background_position=&#8221;top_left&#8221; background_repeat=&#8221;repeat&#8221; hover_enabled=&#8221;0&#8243; use_border_color=&#8221;off&#8221; border_color=&#8221;#ffffff&#8221; border_style=&#8221;solid&#8221; global_colors_info=&#8221;{}&#8221; sticky_enabled=&#8221;0&#8243;][et_pb_tab title=&#8221;\u0160olski projekti&#8221; _builder_version=&#8221;4.16&#8243; body_font=&#8221;||||&#8221; body_line_height=&#8221;2em&#8221; tab_font=&#8221;||||&#8221; tab_line_height=&#8221;2em&#8221; background_size=&#8221;initial&#8221; background_position=&#8221;top_left&#8221; background_repeat=&#8221;repeat&#8221; body_line_height_tablet=&#8221;2em&#8221; body_line_height_phone=&#8221;2em&#8221; tab_line_height_tablet=&#8221;2em&#8221; tab_line_height_phone=&#8221;2em&#8221; global_colors_info=&#8221;{}&#8221;] <a href=\"http:\/\/www.os-koper.si\/?page_id=2138\"><img loading=\"lazy\" decoding=\"async\" class=\"alignleft size-medium wp-image-7571\" src=\"http:\/\/oskoper.splet.arnes.si\/files\/2018\/04\/\u0161olski-projekti-300x74.png\" alt=\"\" width=\"300\" height=\"74\" srcset=\"https:\/\/oskoper.splet.arnes.si\/files\/2018\/04\/\u0161olski-projekti-300x74.png 300w, https:\/\/oskoper.splet.arnes.si\/files\/2018\/04\/\u0161olski-projekti-768x189.png 768w, https:\/\/oskoper.splet.arnes.si\/files\/2018\/04\/\u0161olski-projekti-650x160.png 650w, https:\/\/oskoper.splet.arnes.si\/files\/2018\/04\/\u0161olski-projekti.png 773w\" sizes=\"(max-width: 300px) 100vw, 300px\" \/><\/a> [\/et_pb_tab][et_pb_tab title=&#8221;Nacionalni projekti&#8221; _builder_version=&#8221;4.23.1&#8243; body_font=&#8221;||||&#8221; body_line_height=&#8221;2em&#8221; tab_font=&#8221;||||&#8221; tab_line_height=&#8221;2em&#8221; background_size=&#8221;initial&#8221; background_position=&#8221;top_left&#8221; background_repeat=&#8221;repeat&#8221; hover_enabled=&#8221;0&#8243; body_line_height_tablet=&#8221;2em&#8221; body_line_height_phone=&#8221;2em&#8221; tab_line_height_tablet=&#8221;2em&#8221; tab_line_height_phone=&#8221;2em&#8221; global_colors_info=&#8221;{}&#8221; sticky_enabled=&#8221;0&#8243;]<\/p>\n<p>Razvojna naloga\u00a0<strong>Varno in spodbudno u\u010dno okolje<\/strong><\/p>\n<p><a href=\"https:\/\/oskoper.splet.arnes.si\/?page_id=28208\"><img loading=\"lazy\" decoding=\"async\" src=\"https:\/\/oskoper.splet.arnes.si\/files\/2017\/09\/ZRSS_barvni_lezeci.jpg\" width=\"392\" height=\"68\" alt=\"\" class=\"wp-image-14245 alignnone size-full\" srcset=\"https:\/\/oskoper.splet.arnes.si\/files\/2017\/09\/ZRSS_barvni_lezeci.jpg 1009w, https:\/\/oskoper.splet.arnes.si\/files\/2017\/09\/ZRSS_barvni_lezeci-300x52.jpg 300w, https:\/\/oskoper.splet.arnes.si\/files\/2017\/09\/ZRSS_barvni_lezeci-768x133.jpg 768w, https:\/\/oskoper.splet.arnes.si\/files\/2017\/09\/ZRSS_barvni_lezeci-650x113.jpg 650w\" sizes=\"(max-width: 392px) 100vw, 392px\" \/><\/a>\u00a0<\/p>\n<p>&nbsp;<\/p>\n<p>[\/et_pb_tab][et_pb_tab title=&#8221;Mednarodni projekti&#8221; _builder_version=&#8221;4.17.3&#8243; body_font=&#8221;||||&#8221; body_line_height=&#8221;2em&#8221; tab_font=&#8221;||||&#8221; tab_line_height=&#8221;2em&#8221; background_size=&#8221;initial&#8221; background_position=&#8221;top_left&#8221; background_repeat=&#8221;repeat&#8221; body_line_height_tablet=&#8221;2em&#8221; body_line_height_phone=&#8221;2em&#8221; tab_line_height_tablet=&#8221;2em&#8221; tab_line_height_phone=&#8221;2em&#8221; global_colors_info=&#8221;{}&#8221;]<\/p>\n<h4>&nbsp;<\/h4>\n<p>&nbsp;<\/p>\n<p>[\/et_pb_tab][\/et_pb_tabs][et_pb_text admin_label=&#8221;Text&#8221; _builder_version=&#8221;4.16&#8243; background_size=&#8221;initial&#8221; background_position=&#8221;top_left&#8221; background_repeat=&#8221;repeat&#8221; use_border_color=&#8221;off&#8221; border_color=&#8221;#ffffff&#8221; border_style=&#8221;solid&#8221; global_colors_info=&#8221;{}&#8221;]<\/p>\n<h2>ZAKLJU\u010cENI PROJEKTI<\/h2>\n<p>[\/et_pb_text][\/et_pb_column][\/et_pb_row][et_pb_row column_structure=&#8221;1_6,1_6,1_6,1_6,1_6,1_6&#8243; _builder_version=&#8221;4.23.1&#8243; _module_preset=&#8221;default&#8221; global_colors_info=&#8221;{}&#8221;][et_pb_column type=&#8221;1_6&#8243; _builder_version=&#8221;4.23.1&#8243; _module_preset=&#8221;default&#8221; global_colors_info=&#8221;{}&#8221;][et_pb_blurb url=&#8221;http:\/\/oskoper.splet.arnes.si\/?page_id=18545&#8243; image=&#8221;https:\/\/oskoper.splet.arnes.si\/files\/2021\/10\/trajnost.png&#8221; _builder_version=&#8221;4.23.1&#8243; _module_preset=&#8221;default&#8221; global_colors_info=&#8221;{}&#8221;][\/et_pb_blurb][et_pb_blurb url=&#8221;http:\/\/oskoper.splet.arnes.si\/?page_id=1245&#8243; image=&#8221;https:\/\/oskoper.splet.arnes.si\/files\/2016\/10\/chain-reaction.png&#8221; _builder_version=&#8221;4.23.1&#8243; _module_preset=&#8221;default&#8221; global_colors_info=&#8221;{}&#8221;][\/et_pb_blurb][\/et_pb_column][et_pb_column type=&#8221;1_6&#8243; _builder_version=&#8221;4.23.1&#8243; _module_preset=&#8221;default&#8221; global_colors_info=&#8221;{}&#8221;][et_pb_blurb url=&#8221;http:\/\/oskoper.splet.arnes.si\/?page_id=5065&#8243; image=&#8221;https:\/\/oskoper.splet.arnes.si\/files\/2018\/04\/BannerESS_OBJEM.jpg&#8221; _builder_version=&#8221;4.23.1&#8243; _module_preset=&#8221;default&#8221; global_colors_info=&#8221;{}&#8221;][\/et_pb_blurb][et_pb_blurb url=&#8221;http:\/\/www.os-koper.si\/?page_id=1268&#8243; image=&#8221;https:\/\/oskoper.splet.arnes.si\/files\/2016\/10\/comenius-e1476959477393.jpg&#8221; _builder_version=&#8221;4.23.1&#8243; _module_preset=&#8221;default&#8221; global_colors_info=&#8221;{}&#8221;][\/et_pb_blurb][\/et_pb_column][et_pb_column type=&#8221;1_6&#8243; _builder_version=&#8221;4.23.1&#8243; _module_preset=&#8221;default&#8221; global_colors_info=&#8221;{}&#8221;][et_pb_blurb url=&#8221;http:\/\/www.os-koper.si\/?page_id=5981&#8243; image=&#8221;https:\/\/oskoper.splet.arnes.si\/files\/2017\/11\/francek.png&#8221; _builder_version=&#8221;4.23.1&#8243; _module_preset=&#8221;default&#8221; global_colors_info=&#8221;{}&#8221;][\/et_pb_blurb][et_pb_blurb url=&#8221;http:\/\/oskoper.splet.arnes.si\/?page_id=1250&#8243; image=&#8221;https:\/\/oskoper.splet.arnes.si\/files\/2016\/11\/logo-medkulturno-sobivanje.jpg&#8221; _builder_version=&#8221;4.23.1&#8243; _module_preset=&#8221;default&#8221; global_colors_info=&#8221;{}&#8221;][\/et_pb_blurb][\/et_pb_column][et_pb_column type=&#8221;1_6&#8243; _builder_version=&#8221;4.23.1&#8243; _module_preset=&#8221;default&#8221; global_colors_info=&#8221;{}&#8221;][et_pb_blurb url=&#8221;https:\/\/oskoper.splet.arnes.si\/?page_id=19890&#8243; image=&#8221;https:\/\/oskoper.splet.arnes.si\/files\/2017\/09\/ZRSS_barvni_lezeci.jpg&#8221; _builder_version=&#8221;4.23.1&#8243; _module_preset=&#8221;default&#8221; global_colors_info=&#8221;{}&#8221;][\/et_pb_blurb][et_pb_blurb url=&#8221;http:\/\/oskoper.splet.arnes.si\/?page_id=6875&#8243; image=&#8221;https:\/\/oskoper.splet.arnes.si\/files\/2016\/11\/EDUKA2.jpg&#8221; _builder_version=&#8221;4.23.1&#8243; _module_preset=&#8221;default&#8221; global_colors_info=&#8221;{}&#8221;][\/et_pb_blurb][\/et_pb_column][et_pb_column type=&#8221;1_6&#8243; _builder_version=&#8221;4.23.1&#8243; _module_preset=&#8221;default&#8221; global_colors_info=&#8221;{}&#8221;][et_pb_blurb url=&#8221;http:\/\/www.os-koper.si\/?page_id=5113&#8243; image=&#8221;https:\/\/oskoper.splet.arnes.si\/files\/2018\/10\/jeziki-stejejo4-e1538379888406.png&#8221; _builder_version=&#8221;4.23.1&#8243; _module_preset=&#8221;default&#8221; global_colors_info=&#8221;{}&#8221;][\/et_pb_blurb][et_pb_blurb url=&#8221;http:\/\/www.os-koper.si\/?page_id=3051&#8243; image=&#8221;https:\/\/oskoper.splet.arnes.si\/files\/2017\/02\/16299810_731949766963433_9053197263530912463_o.jpg&#8221; _builder_version=&#8221;4.23.1&#8243; _module_preset=&#8221;default&#8221; global_colors_info=&#8221;{}&#8221;][\/et_pb_blurb][\/et_pb_column][et_pb_column type=&#8221;1_6&#8243; _builder_version=&#8221;4.23.1&#8243; _module_preset=&#8221;default&#8221; global_colors_info=&#8221;{}&#8221;][et_pb_blurb url=&#8221;http:\/\/www.os-koper.si\/?page_id=5121&#8243; image=&#8221;https:\/\/oskoper.splet.arnes.si\/files\/2018\/04\/POGUM.jpg&#8221; _builder_version=&#8221;4.23.1&#8243; _module_preset=&#8221;default&#8221; global_colors_info=&#8221;{}&#8221;][\/et_pb_blurb][et_pb_blurb url=&#8221;http:\/\/www.os-koper.si\/?page_id=8943&#8243; image=&#8221;https:\/\/oskoper.splet.arnes.si\/files\/2018\/04\/erasmus.png&#8221; _builder_version=&#8221;4.23.1&#8243; _module_preset=&#8221;default&#8221; global_colors_info=&#8221;{}&#8221;][\/et_pb_blurb][\/et_pb_column][\/et_pb_row][\/et_pb_section]<\/p>\n<h3>Related Images:<\/h3>","protected":false},"excerpt":{"rendered":"<p>Spoznavanje drugih pomeni tudi spoznavanje samega sebe v naj\u0161ir\u0161em pomenu. Projekti in sodelovanje v njih predstavljajo velik izziv za \u0161olo. Izku\u0161nje ka\u017eejo, da se tak\u0161na oblika dela bogato obrestuje. Projekti spreminjajo vzdu\u0161je na \u0161oli, krepijo ob\u010dutek za timsko delo, sve\u017e pristop k pou\u010devanju pa prispeva tudi k ve\u010dji motivaciji u\u010dencev. &nbsp; PROJEKTI V IZVAJANJU Razvojna [&hellip;]<\/p>\n","protected":false},"author":9402,"featured_media":0,"parent":0,"menu_order":0,"comment_status":"closed","ping_status":"closed","template":"","meta":{"_et_pb_use_builder":"on","_et_pb_old_content":"","_et_gb_content_width":"","ngg_post_thumbnail":0,"footnotes":"","_expiration-date-status":"","_expiration-date":0,"_expiration-date-type":"","_expiration-date-categories":[],"_expiration-date-options":[]},"class_list":["post-7441","page","type-page","status-publish","hentry"],"_links":{"self":[{"href":"https:\/\/oskoper.splet.arnes.si\/index.php?rest_route=\/wp\/v2\/pages\/7441","targetHints":{"allow":["GET"]}}],"collection":[{"href":"https:\/\/oskoper.splet.arnes.si\/index.php?rest_route=\/wp\/v2\/pages"}],"about":[{"href":"https:\/\/oskoper.splet.arnes.si\/index.php?rest_route=\/wp\/v2\/types\/page"}],"author":[{"embeddable":true,"href":"https:\/\/oskoper.splet.arnes.si\/index.php?rest_route=\/wp\/v2\/users\/9402"}],"replies":[{"embeddable":true,"href":"https:\/\/oskoper.splet.arnes.si\/index.php?rest_route=%2Fwp%2Fv2%2Fcomments&post=7441"}],"version-history":[{"count":86,"href":"https:\/\/oskoper.splet.arnes.si\/index.php?rest_route=\/wp\/v2\/pages\/7441\/revisions"}],"predecessor-version":[{"id":28213,"href":"https:\/\/oskoper.splet.arnes.si\/index.php?rest_route=\/wp\/v2\/pages\/7441\/revisions\/28213"}],"wp:attachment":[{"href":"https:\/\/oskoper.splet.arnes.si\/index.php?rest_route=%2Fwp%2Fv2%2Fmedia&parent=7441"}],"curies":[{"name":"wp","href":"https:\/\/api.w.org\/{rel}","templated":true}]}}