{"id":71,"date":"2013-11-28T08:44:36","date_gmt":"2013-11-28T07:44:36","guid":{"rendered":"http:\/\/oskoper.splet.arnes.si\/2013\/11\/28\/poslovni-cas-in-uradne-ure\/"},"modified":"2023-09-06T09:26:00","modified_gmt":"2023-09-06T07:26:00","slug":"poslovni-cas-in-uradne-ure","status":"publish","type":"page","link":"https:\/\/oskoper.splet.arnes.si\/?page_id=71","title":{"rendered":"Poslovni \u010das in uradne ure"},"content":{"rendered":"<p>[et_pb_section fb_built=&#8221;1&#8243; fullwidth=&#8221;on&#8221; admin_label=&#8221;Section&#8221; _builder_version=&#8221;4.16&#8243; background_color=&#8221;rgba(255,255,255,0)&#8221; transparent_background=&#8221;on&#8221; global_colors_info=&#8221;{}&#8221;][et_pb_fullwidth_menu menu_id=&#8221;44&#8243; submenu_direction=&#8221;downwards&#8221; fullwidth_menu=&#8221;off&#8221; active_link_color=&#8221;#dd3333&#8243; admin_label=&#8221;Fullwidth Menu&#8221; _builder_version=&#8221;4.16&#8243; menu_font=&#8221;|on|||&#8221; menu_text_color=&#8221;#31661f&#8221; background_color=&#8221;rgba(255,255,255,0)&#8221; text_orientation=&#8221;justified&#8221; saved_tabs=&#8221;all&#8221; global_colors_info=&#8221;{}&#8221;][\/et_pb_fullwidth_menu][\/et_pb_section][et_pb_section fb_built=&#8221;1&#8243; admin_label=&#8221;section&#8221; _builder_version=&#8221;4.16&#8243; global_colors_info=&#8221;{}&#8221;][et_pb_row admin_label=&#8221;row&#8221; _builder_version=&#8221;4.16&#8243; background_size=&#8221;initial&#8221; background_position=&#8221;top_left&#8221; background_repeat=&#8221;repeat&#8221; global_colors_info=&#8221;{}&#8221;][et_pb_column type=&#8221;4_4&#8243; _builder_version=&#8221;4.16&#8243; custom_padding=&#8221;|||&#8221; global_colors_info=&#8221;{}&#8221; custom_padding__hover=&#8221;|||&#8221;][et_pb_text admin_label=&#8221;Text&#8221; _builder_version=&#8221;4.18.0&#8243; background_size=&#8221;initial&#8221; background_position=&#8221;top_left&#8221; background_repeat=&#8221;repeat&#8221; hover_enabled=&#8221;0&#8243; use_border_color=&#8221;off&#8221; border_color=&#8221;#ffffff&#8221; border_style=&#8221;solid&#8221; global_colors_info=&#8221;{}&#8221; sticky_enabled=&#8221;0&#8243;]<\/p>\n<h3>\u010cASOVNA RAZPOREDITEV DELA<\/h3>\n<p style=\"text-align: justify\">Na \u0161oli poteka pouk le v dopoldanski izmeni. Pouk pri\u010denja ob 8.20 uri. V tretjem vzgojno izobra\u017eevalnem obdobju se za pouk izbirnih predmetov, dopolnilnega in dodatnega pouka, izkoristi tudi \u010das pred pri\u010detkom pouka od 7.30 dalje.<\/p>\n<h4>\u0160olski dan na Osnovni \u0161oli Koper<\/h4>\n<p style=\"text-align: justify\"><img loading=\"lazy\" decoding=\"async\" src=\"http:\/\/oskoper.splet.arnes.si\/files\/2021\/07\/solskidan.png\" width=\"332\" height=\"257\" alt=\"\" class=\"wp-image-19318 alignnone size-full\" srcset=\"https:\/\/oskoper.splet.arnes.si\/files\/2021\/07\/solskidan.png 332w, https:\/\/oskoper.splet.arnes.si\/files\/2021\/07\/solskidan-300x232.png 300w\" sizes=\"(max-width: 332px) 100vw, 332px\" \/><\/p>\n<p style=\"text-align: justify\">Predmeti po predmetniku, nivojski pouk, izbirni predmeti, individualni pouk, razredne ure in fakultativni pouk so vklju\u010deni v urnik rednega pouka.<\/p>\n<p style=\"text-align: justify\">Dopolnilni, dodatni pouk, samostojno u\u010denje, pevski zbori, interesne dejavnosti in druge dejavnosti so organizirane pred ali po pouku.<\/p>\n<p style=\"text-align: justify\">Med \u0161olskim letom so mo\u017ene spremembe \u010dasovne razporeditve pouka in odmorov.<\/p>\n<h4>Ostale dejavnosti<\/h4>\n<p><img loading=\"lazy\" decoding=\"async\" src=\"http:\/\/oskoper.splet.arnes.si\/files\/2021\/07\/urnikdejavnosti.png\" width=\"690\" height=\"229\" alt=\"\" class=\"wp-image-19317 alignnone size-full\" srcset=\"http:\/\/oskoper.splet.arnes.si\/files\/2021\/07\/urnikdejavnosti.png 690w, http:\/\/oskoper.splet.arnes.si\/files\/2021\/07\/urnikdejavnosti-480x159.png 480w\" sizes=\"(min-width: 0px) and (max-width: 480px) 480px, (min-width: 481px) 690px, 100vw\" \/><\/p>\n<h3>DELOVNI IN OBRATOVALNI \u010cAS<\/h3>\n<p style=\"text-align: justify\">POSLOVNI \u010cAS IN URADNE URE<\/p>\n<p style=\"text-align: justify\">Osnovna \u0161ola Koper posluje pet dni v tednu, in sicer v ponedeljek, torek, sredo, \u010detrtek in petek (v nadaljevanju: poslovni dnevi).<\/p>\n<p style=\"text-align: justify\">Ravnatelj lahko v skladu s \u0161olskim koledarjem in v izjemnih okoli\u0161\u010dinah (vi\u0161ja sila, ki je \u017ee nastopila ali se neposredno pri\u010dakuje in drugi primeri, ko so ogro\u017eena \u010dlove\u0161ka \u017eivljenja in zdravje ljudi ali \u010de je treba prepre\u010diti groze\u010do materialno \u0161kodo) ali v primeru, da je to nujno potrebno za izvajanje uradnih ur s strankami ali za opravljanje dela, ki mora biti opravljeno brez prekinitve oziroma dolo\u010denega dne ali v dolo\u010denem roku, odredi, da Osnovna \u0161ola Koper ali njena notranja organizacijska enota za\u010dasno posluje v soboto, nedeljo, na dr\u017eavni praznik ali na drug, z zakonom dela prost dan.<\/p>\n<p style=\"text-align: justify\">POSLOVNI \u010cAS<\/p>\n<p style=\"text-align: justify\">Poslovni \u010das se za\u010dne v ponedeljek, torek, sredo, \u010detrtek in petek ob 7.00 uri in kon\u010da ob 15.00 uri. Med poslovnim \u010dasom mora biti zagotovljeno poslovanje vseh notranjih organizacijskih enot Osnovne \u0161ole Koper. Svetovalni center za otroke, mladostnike in star\u0161e deluje tudi v popoldanskem \u010dasu, najkasneje do 20. ure.<\/p>\n<p style=\"text-align: justify\">URADNE URE<\/p>\n<p style=\"text-align: justify\">Uradne ure za poslovanje s strankami so vsak ponedeljek, torek, sredo, \u010detrtek in petek od 7.00 do 15.00 ure in \u010das, opredeljen po LDN \u2013 govorilne ure, roditeljski sestanki, prireditve za star\u0161e in druge aktivnosti za u\u010dence in star\u0161e.<\/p>\n<h3 style=\"text-align: justify\">RAZPOREDITEV DELOVNEGA \u010cASA DELAVCEV<\/h3>\n<p style=\"text-align: justify\">V Osnovni \u0161oli Koper se dolo\u010di premakljiv za\u010detek in konec delovnega \u010dasa. V okviru premakljivega za\u010detka in konca delovnega \u010dasa je \u010das za prihod delavcev na delo dolo\u010den v razponu, in sicer:<\/p>\n<p>&nbsp;<\/p>\n<h4>Delovni \u010das delavcev<\/h4>\n<p><img loading=\"lazy\" decoding=\"async\" src=\"https:\/\/oskoper.splet.arnes.si\/files\/2023\/09\/delovni-cas-650x240.jpg\" width=\"650\" height=\"240\" alt=\"\" class=\"wp-image-26968 alignnone size-large\" srcset=\"https:\/\/oskoper.splet.arnes.si\/files\/2023\/09\/delovni-cas-650x240.jpg 650w, https:\/\/oskoper.splet.arnes.si\/files\/2023\/09\/delovni-cas-480x177.jpg 480w\" sizes=\"(min-width: 0px) and (max-width: 480px) 480px, (min-width: 481px) 650px, 100vw\" \/><\/p>\n<p>[\/et_pb_text][\/et_pb_column][\/et_pb_row][\/et_pb_section]<\/p>\n<h3>Related Images:<\/h3>","protected":false},"excerpt":{"rendered":"<p>\u010cASOVNA RAZPOREDITEV DELA Na \u0161oli poteka pouk le v dopoldanski izmeni. Pouk pri\u010denja ob 8.20 uri. V tretjem vzgojno izobra\u017eevalnem obdobju se za pouk izbirnih predmetov, dopolnilnega in dodatnega pouka, izkoristi tudi \u010das pred pri\u010detkom pouka od 7.30 dalje. \u0160olski dan na Osnovni \u0161oli Koper Predmeti po predmetniku, nivojski pouk, izbirni predmeti, individualni pouk, razredne [&hellip;]<\/p>\n","protected":false},"author":9402,"featured_media":0,"parent":1358,"menu_order":1,"comment_status":"closed","ping_status":"closed","template":"","meta":{"_et_pb_use_builder":"on","_et_pb_old_content":"<p>Osnovna \u0161ola Koper posluje pet dni v tednu in sicer ponedeljek, torek, sredo, \u010detrtek in petek (v nadaljevanju: poslovni dnevi).<\/p><p>Ravnatelj lahko v skladu s \u0161olskim koledarjem in v izjemnih okoli\u0161\u010dinah (vi\u0161ja sila, ki je \u017ee nastopila ali se neposredno pri\u010dakuje in drugi primeri, ko so ogro\u017eena \u010dlove\u0161ka \u017eivljenja in zdravje ljudi ali, \u010de je potrebno prepre\u010diti groze\u010do materialno \u0161kodo) ali v primeru, da je to nujno potrebno za izvajanje uradnih ur s strankami ali za opravljanje dela, ki mora biti opravljeno brez prekinitve oziroma dolo\u010denega dne ali v dolo\u010denem roku, odredi, da Osnovna \u0161ola Koper ali njena notranja organizacijska enota za\u010dasno posluje v soboto, nedeljo, na dr\u017eavni praznik ali na drug z zakonom dela prost dan.<\/p><h3>Poslovni \u010das<\/h3><p>Poslovni \u010das se za\u010dne v ponedeljek, torek, sredo, \u010detrtek in petek ob 7.00 uri in kon\u010da ob 15.00 uri. Med poslovnim \u010dasom je zagotovljeno poslovanje vseh notranjih organizacijskih enot Osnovne \u0161ole Koper. \u00a0Svetovalni center za otroke, mladostnike in star\u0161e deluje tudi v popoldanskem \u010dasu, najkasneje do 20. \u00a0ure.<\/p><h3>Uradne ure<\/h3><p>Uradne ure za poslovanje s strankami so vsak ponedeljek, torek, sredo, \u010detrtek in petek od 7. do 15. ure in \u010das opredeljen po LDN - govorilne ure, roditeljski sestanki prireditve za star\u0161e in druge aktivnosti za u\u010dence in star\u0161e.<\/p><p>V Osnovni \u0161oli Koper je dolo\u010den premakljiv za\u010detek in konec delovnega \u010dasa. V okviru premakljivega za\u010detka in konca delovnega \u010dasa je \u010das za prihod delavcev na delo dolo\u010den v razponu in sicer:<\/p><h3>Delovni \u010das delavcev<\/h3><table style=\"width: 599px; height: 148px;\" border=\"1\" cellspacing=\"2\" cellpadding=\"2\"><tbody style=\"text-align: left;\"><tr style=\"text-align: left;\"><td style=\"text-align: left;\">\u00a0<\/td><td style=\"text-align: left;\"><strong>ZA\u010cETEK PREMAKLJIVEGA<br \/> DELOVNEGA \u010cASA<\/strong><\/td><td style=\"text-align: left;\"><strong>KONEC DELOVNEGA \u010cASA<\/strong><\/td><\/tr><tr style=\"text-align: left;\"><td style=\"text-align: left;\">Kuhinja<\/td><td style=\"text-align: left;\">7:00<\/td><td style=\"text-align: left;\">15:00<\/td><\/tr><tr style=\"text-align: left;\"><td style=\"text-align: left;\">Poslovodstvo<\/td><td style=\"text-align: left;\">7:00<\/td><td style=\"text-align: left;\">16:00<\/td><\/tr><tr style=\"text-align: left;\"><td style=\"text-align: left;\">Upravna slu\u017eba<\/td><td style=\"text-align: left;\">7:00<\/td><td style=\"text-align: left;\">15:30<\/td><\/tr><tr style=\"text-align: left;\"><td style=\"text-align: left;\">Ra\u010dunovodstvo<\/td><td style=\"text-align: left;\">7:00<\/td><td style=\"text-align: left;\">15:30<\/td><\/tr><tr style=\"text-align: left;\"><td style=\"text-align: left;\">Vzdr\u017eevalna in tehni\u010dna slu\u017eba<\/td><td style=\"text-align: left;\">5:00<\/td><td style=\"text-align: left;\">22:00<\/td><\/tr><tr style=\"text-align: left;\"><td style=\"text-align: left;\">Pedago\u0161ki in drugi strokovni delavci<\/td><td style=\"text-align: left;\">6:00<\/td><td style=\"text-align: left;\">17:00<\/td><\/tr><\/tbody><\/table><p>\u00a0<\/p><p>Na \u0161oli poteka pouk le v dopoldanski izmeni. Zaradi la\u017eje organizacije dela v devetletki pri\u010denjamo s poukom ob 8.20. V tretjem vzgojno izobra\u017eevalnem obdobju smo izkoristili tudi preduro, ki pri\u010dne ob 7.30.<\/p><h3>\u0160olski dan na Osnovni \u0161oli\u00a0 Koper<\/h3><table><tbody><tr><td width=\"207\"><strong>URA<\/strong><\/td><td width=\"179\"><strong>TRAJANJE<\/strong><\/td><\/tr><tr><td width=\"207\">0.<\/td><td width=\"179\">\u00a07.30\u20138.15<\/td><\/tr><tr><td width=\"207\">1.<\/td><td width=\"179\">\u00a08.20\u20139.05<\/td><\/tr><tr><td width=\"207\">2.<\/td><td width=\"179\">\u00a0 9.10\u20139.55<\/td><\/tr><tr><td width=\"207\">Odmor za malico, aktivni odmor<\/td><td width=\"179\">\u00a0 9.55\u201310.25<\/td><\/tr><tr><td width=\"207\">3.<\/td><td width=\"179\">10.25\u201311.10<\/td><\/tr><tr><td width=\"207\">4.<\/td><td width=\"179\">11.15\u201312.00<\/td><\/tr><tr><td width=\"207\">5.<\/td><td width=\"179\">12.05\u201312.50<\/td><\/tr><tr><td width=\"207\">6.<\/td><td width=\"179\">12.55\u201313.40<\/td><\/tr><tr><td width=\"207\">7.<\/td><td width=\"179\">13.45\u201314.30<\/td><\/tr><tr><td width=\"207\">8.<\/td><td width=\"179\">14.35\u201315.20<\/td><\/tr><\/tbody><\/table><p>Predmeti po predmetniku, nivojski pouk, izbirni predmeti, individualni pouk, razredne ure in fakultativni pouk so vklju\u010deni v urnik rednega pouka.<\/p><p>Dopolnilni, dodatni pouk, samostojno u\u010denje, pevski zbori in interesne dejavnosti so organizirane pred ali po pouku.<\/p><h3>Ostale dejavnosti:<\/h3><table style=\"width: 417px; height: 227px;\" border=\"1\" cellspacing=\"3\" cellpadding=\"0\"><tbody style=\"text-align: left;\"><tr style=\"text-align: left;\"><td style=\"text-align: left;\" width=\"171\"><strong>Ura<\/strong><\/td><td style=\"text-align: left;\" width=\"187\"><strong>Dejavnost<\/strong><\/td><\/tr><tr style=\"text-align: left;\"><td style=\"text-align: left;\" width=\"171\">6:00 - 8:10<\/td><td style=\"text-align: left;\" width=\"187\">jutranje varstvo<\/td><\/tr><tr style=\"text-align: left;\"><td style=\"text-align: left;\" width=\"171\">7:30 - 8:15<\/td><td style=\"text-align: left;\" width=\"187\">izbirni predmeti, nivojski pouk, dopolnilni, dodatni pouk,\u00a0 razredne ure<\/td><\/tr><tr style=\"text-align: left;\"><td style=\"text-align: left;\" width=\"171\">12:00 - 17:00<\/td><td style=\"text-align: left;\" width=\"187\">podalj\u0161ano bivanje za u\u010dence 1., 2., 3., 4. in 5. razreda<\/td><\/tr><tr style=\"text-align: left;\"><td style=\"text-align: left;\" width=\"171\">12:00 - 14:30<\/td><td style=\"text-align: left;\" width=\"187\">kosilo za u\u010dence<\/td><\/tr><tr style=\"text-align: left;\"><td style=\"text-align: left;\" width=\"171\">12:00 - 12:45<\/td><td style=\"text-align: left;\" width=\"187\">dejavnosti v okviru \u0161portnega programa<\/td><\/tr><tr style=\"text-align: left;\"><td style=\"text-align: left;\" width=\"171\">14:00 - 14:45<\/td><td style=\"text-align: left;\" width=\"187\">izbirni predmeti, dopolnilni, dodatni pouk, pevski zbori<\/td><\/tr><tr style=\"text-align: left;\"><td style=\"text-align: left;\" width=\"171\">popoldanski \u010das, po 14:45 ali po dogovoru z u\u010denci<\/td><td style=\"text-align: left;\" width=\"187\">interesne dejavnosti<\/td><\/tr><\/tbody><\/table><h3>Jutranje varstvo<\/h3><p align=\"left\">Za u\u010dence prvega, drugega, tretjega in \u010detrtega\u00a0 razreda osnovne \u0161ole je organizirano jutranje varstvo. V jutranjem varstvu u\u010denci\u00a0 pre\u017eivijo \u010das do pouka. Zaposleni so z razli\u010dnimi skupinskimi ali individualnimi\u00a0 igrami, branjem in ostalim vodenim delom.\u00a0 Omogo\u010den je tudi tihi po\u010ditek na blazinah. Jutranje varstvo je za u\u010dence prvega razreda\u00a0 \u0161ole brezpla\u010dno.<\/p><h3>Podalj\u0161ano bivanje<\/h3><p>Podalj\u0161ano bivanje je namenjeno u\u010dencem prvega, drugega, tretjega, \u010detrtega in petega razreda devetletne osnovne \u0161ole, ki doma nimajo ustreznega varstva.<\/p><p>Glavni namen podalj\u0161anega bivanja je, da otrok v sprostitvenih dejavnostih, ob dobrem po\u010dutju, pre\u017eivi \u010das v dru\u017ebi vrstnikov, da si ob igri pridobiva \u017eivljenjske izku\u0161nje in pravila za zdrav na\u010din \u017eivljenja, da se vsak dan telesno razgiba in preko spro\u0161\u010denih odnosov ustvarja pogoje za demokrati\u010dni dialog s svojimi vrstniki. U\u010denci, ki obiskujejo podalj\u0161ano bivanje, bodo dele\u017eni \u0161e ene popoldanske malice v \u010dasu od kosila do odhoda\u00a0 domov, \u010de se bodo star\u0161i tako odlo\u010dili. Nudili jim bomo tudi dodatno pija\u010do, saj se ob igri in gibanju na\u00a0 prostem potreba po tej \u0161e pove\u010da.<\/p><p>Ugotavljamo, da \u0161tevilo otrok, vklju\u010denih v oddelke podalj\u0161anega bivanja, iz leta v leto nara\u0161\u010da.<\/p>","_et_gb_content_width":"","ngg_post_thumbnail":0,"footnotes":"","_expiration-date-status":"","_expiration-date":0,"_expiration-date-type":"","_expiration-date-categories":[],"_expiration-date-options":[]},"class_list":["post-71","page","type-page","status-publish","hentry"],"_links":{"self":[{"href":"https:\/\/oskoper.splet.arnes.si\/index.php?rest_route=\/wp\/v2\/pages\/71","targetHints":{"allow":["GET"]}}],"collection":[{"href":"https:\/\/oskoper.splet.arnes.si\/index.php?rest_route=\/wp\/v2\/pages"}],"about":[{"href":"https:\/\/oskoper.splet.arnes.si\/index.php?rest_route=\/wp\/v2\/types\/page"}],"author":[{"embeddable":true,"href":"https:\/\/oskoper.splet.arnes.si\/index.php?rest_route=\/wp\/v2\/users\/9402"}],"replies":[{"embeddable":true,"href":"https:\/\/oskoper.splet.arnes.si\/index.php?rest_route=%2Fwp%2Fv2%2Fcomments&post=71"}],"version-history":[{"count":18,"href":"https:\/\/oskoper.splet.arnes.si\/index.php?rest_route=\/wp\/v2\/pages\/71\/revisions"}],"predecessor-version":[{"id":26969,"href":"https:\/\/oskoper.splet.arnes.si\/index.php?rest_route=\/wp\/v2\/pages\/71\/revisions\/26969"}],"up":[{"embeddable":true,"href":"https:\/\/oskoper.splet.arnes.si\/index.php?rest_route=\/wp\/v2\/pages\/1358"}],"wp:attachment":[{"href":"https:\/\/oskoper.splet.arnes.si\/index.php?rest_route=%2Fwp%2Fv2%2Fmedia&parent=71"}],"curies":[{"name":"wp","href":"https:\/\/api.w.org\/{rel}","templated":true}]}}