{"id":6875,"date":"2018-03-13T10:30:06","date_gmt":"2018-03-13T09:30:06","guid":{"rendered":"http:\/\/oskoper.splet.arnes.si\/?page_id=6875"},"modified":"2019-02-14T16:59:59","modified_gmt":"2019-02-14T15:59:59","slug":"projekt-eduka-2-cezmejno-upravljanje-izobrazevanja","status":"publish","type":"page","link":"https:\/\/oskoper.splet.arnes.si\/?page_id=6875","title":{"rendered":"Projekt EDUKA 2 \u2013 \u010cezmejno upravljanje izobra\u017eevanja"},"content":{"rendered":"<p><a href=\"http:\/\/oskoper.splet.arnes.si\/files\/2018\/03\/EDUKA-LOGO.jpg\"><img loading=\"lazy\" decoding=\"async\" class=\"alignleft size-medium wp-image-6955\" src=\"http:\/\/oskoper.splet.arnes.si\/files\/2018\/03\/EDUKA-LOGO-137x300.jpg\" alt=\"\" width=\"137\" height=\"300\" srcset=\"https:\/\/oskoper.splet.arnes.si\/files\/2018\/03\/EDUKA-LOGO-137x300.jpg 137w, https:\/\/oskoper.splet.arnes.si\/files\/2018\/03\/EDUKA-LOGO-297x650.jpg 297w, https:\/\/oskoper.splet.arnes.si\/files\/2018\/03\/EDUKA-LOGO.jpg 301w\" sizes=\"(max-width: 137px) 100vw, 137px\" \/><\/a><\/p>\n<p>&nbsp;<\/p>\n<p>Projekt EDUKA2 je nastal iz projekta EDUKA- Vzgajati k razli\u010dnosti.<\/p>\n<p>Projekt se izvaja v okviru Programa sodelovanja Interreg V \u2013 A Italija \u2013 Slovenija 2104 \u2013 2010 ter Evropskega Sklada za regionalni razvoj.<\/p>\n<p>Trajanje projekta: 1.9. 2017 &#8211; 28.2.2019.<\/p>\n<p>Cilji: Krepitev \u010dezmejnega sodelovanja na podro\u010dju izobra\u017eevanja z razvijanjem enotnih didakti\u010dnih orodij in izobra\u017eevalnih modelov. Predvidene dejavnosti bodo koristne \u0161e posebej za \u0161ole in univerze programskega obmo\u010dja, ki vklju\u010duje Pokrajino Trst, Gorico, Videm, Benetke, Osrednjeslovensko statisti\u010dno regijo, Gori\u0161ko statisti\u010dno regijo ter Obalno-kra\u0161ko statisti\u010dno regijo. Projekt je razdeljen na ve\u010d Projektnih aktivnosti.<\/p>\n<p>&nbsp;<\/p>\n<p>&nbsp;<\/p>\n<hr \/>\n<h4><\/h4>\n<h3>O\u0160 Koper je vklju\u010dena v Projektne aktivnosti \u010cezmejni razred<\/h3>\n<p>&nbsp;<\/p>\n<p>Cilj: oblikovanje interdisciplinarne didakti\u010dne poti za spoznavanje \u010dezmejnega prostora kot celovite in enovite geografske enote<\/p>\n<p>Trajanje: januar \u2013 december 2018<\/p>\n<p>SODELUJO\u010cE \u0160OLE<\/p>\n<ol>\n<li><strong>SLOVENIJA:<\/strong><br \/>\na) \u0160ola z slovenskim u\u010dnim jezikom: O\u0160 Koper ( KP)<br \/>\nb) \u0160ola z italijanskim u\u010dnim jezikom: Osnovna \u0161ola Pier Paolo Vergerio il Vecchio( KP)<\/li>\n<li><strong>ITALIJA :<\/strong><br \/>\nc) \u0160ola z slovenskim u\u010dnim jezikom: Ve\u010dstopenjska \u0161ola SV. Jakoba ( TS)<br \/>\nd) \u0160ola z italijanskim u\u010dnim jezikom: Ve\u010dstopenjska \u0161ola Giovanni Lucio ( Milje)<br \/>\nV okviru \u010dezmejnih razredov ter \u010dezmejne delovne skupine bo potekalo terensko raziskovalno delo z obiski urbanih centrov, naravnih okolij, zgodovinskih in kulturnih krajev, ustanov, institucij, proizvodnih in obrtni\u0161kih dejavnosti. Na osnovi gradiva, ki ga bodo sestavili u\u010denci po zaklju\u010dku terenskega raziskovalnega dela bo nastala u\u010dna enota, ki bo dostopna na spletni platformi. Ker je projekt EDUKA 2 \u010dezmejen in namenjen tudi promoviranju jezika soseda bodo sre\u010danja in delo potekala tako s slovenskem kot italijanskem jeziku. Ravno tako bo dvojezi\u010dna tudi u\u010dna enota.<\/li>\n<\/ol>\n<p>Koordinator in izvajalec projekta na O\u0160 Koper : Martina Sera\u017ein Mohor\u010di\u010d<\/p>\n<p><a href=\"http:\/\/oskoper.splet.arnes.si\/?cat=91\"><img loading=\"lazy\" decoding=\"async\" class=\"alignleft size-thumbnail wp-image-7517\" src=\"http:\/\/oskoper.splet.arnes.si\/files\/2018\/03\/prispevki-150x150.png\" alt=\"\" width=\"150\" height=\"150\" \/><\/a><\/p>\n<p>&nbsp;<\/p>\n<h3>Related Images:<\/h3>","protected":false},"excerpt":{"rendered":"<p>&nbsp; Projekt EDUKA2 je nastal iz projekta EDUKA- Vzgajati k razli\u010dnosti. Projekt se izvaja v okviru Programa sodelovanja Interreg V \u2013 A Italija \u2013 Slovenija 2104 \u2013 2010 ter Evropskega Sklada za regionalni razvoj. Trajanje projekta: 1.9. 2017 &#8211; 28.2.2019. Cilji: Krepitev \u010dezmejnega sodelovanja na podro\u010dju izobra\u017eevanja z razvijanjem enotnih didakti\u010dnih orodij in izobra\u017eevalnih modelov. [&hellip;]<\/p>\n","protected":false},"author":9402,"featured_media":0,"parent":0,"menu_order":0,"comment_status":"closed","ping_status":"closed","template":"","meta":{"_et_pb_use_builder":"off","_et_pb_old_content":"<p><a href=\"http:\/\/oskoper.splet.arnes.si\/files\/2018\/03\/EDUKA-LOGO.jpg\"><img class=\"wp-image-6955 alignright\" src=\"http:\/\/oskoper.splet.arnes.si\/files\/2018\/03\/EDUKA-LOGO-137x300.jpg\" alt=\"\" width=\"143\" height=\"313\" \/><\/a>Projekt EDUKA2 je nastal iz projekta EDUKA- Vzgajati k razli\u010dnosti.<br \/> Proje<a style=\"background-color: transparent; color: #2ea3f2; font-family: \" open sans\",arial,sans-serif; font-size: 14px; font-style: normal; font-variant: normal; font-weight: 500; letter-spacing: normal; orphans: 2; text-align: left; text-decoration: none; text-indent: 0px; text-transform: none; -webkit-text-stroke-width: 0px; white-space: normal; word-spacing: 0px;\" href=\"http:\/\/oskoper.splet.arnes.si\/?cat=91\"><img class=\"wp-image-7517  alignright\" style=\"float: left; height: 181px; max-width: 1020px; margin: 7px 14px 7px 0px;\" src=\"http:\/\/oskoper.splet.arnes.si\/files\/2018\/03\/prispevki-e1523862760594.png\" alt=\"\" width=\"181\" height=\"181\" \/><\/a>kt se izvaja v okviru Programa sodelovanja Interreg V \u2013 A Italija \u2013 Slovenija 2104 \u2013 2010 ter Evropskega Sklada za regionalni razvoj.<\/p><p>Trajanje projekta: 1.9. 2017 - 28.2.2019.<\/p><p>Cilji: Krepitev \u010dezmejnega sodelovanja na podro\u010dju izobra\u017eevanja z razvijanjem enotnih didakti\u010dnih orodij in izobra\u017eevalnih modelov. Predvidene dejavnosti bodo koristne \u0161e posebej za \u0161ole in univerze programskega obmo\u010dja, ki vklju\u010duje Pokrajino Trst, Gorico, Videm, Benetke, Osrednjeslovensko statisti\u010dno regijo, Gori\u0161ko statisti\u010dno regijo ter Obalno-kra\u0161ko statisti\u010dno regijo. Projekt je razdeljen na ve\u010d Projektnih aktivnosti.<\/p><p>O\u0160 Koper je vklju\u010dena v Projektni aktivnosti \u010cezmejni razredi.<br \/> Cilj: oblikovanje interdisciplinarne didakti\u010dne poti za spoznavanje \u010dezmejnega prostora kot celovite in enovite geografske enote<br \/> Trajanje: januar \u2013 december 2018<br \/> Sodelujo\u010de \u0161ole<\/p><ol><li>SLOVENIJA:<br \/> a) \u0160ola z slovenskim u\u010dnim jezikom: O\u0160 Koper ( KP)<br \/> b) \u0160ola z italijanskim u\u010dnim jezikom: Osnovna \u0161ola Pier Paolo Vergerio il Vecchio( KP)<\/li><li>ITALIJA :<br \/> c) \u0160ola z slovenskim u\u010dnim jezikom: Ve\u010dstopenjska \u0161ola SV. Jakoba ( TS)<br \/> d) \u0160ola z italijanskim u\u010dnim jezikom: Ve\u010dstopenjska \u0161ola Giovanni Lucio ( Milje)<br \/> V okviru \u010dezmejnih razredov ter \u010dezmejne delovne skupine bo potekalo terensko raziskovalno delo z obiski urbanih centrov, naravnih okolij, zgodovinskih in kulturnih krajev, ustanov, institucij, proizvodnih in obrtni\u0161kih dejavnosti. Na osnovi gradiva, ki ga bodo sestavili u\u010denci po zaklju\u010dku terenskega raziskovalnega dela bo nastala u\u010dna enota, ki bo dostopna na spletni platformi. Ker je projekt EDUKA 2 \u010dezmejen in namenjen tudi promoviranju jezika soseda bodo sre\u010danja in delo potekala tako s slovenskem kot italijanskem jeziku. Ravno tako bo dvojezi\u010dna tudi u\u010dna enota.<\/li><\/ol><p>Koordinator in izvajalec projekta na O\u0160 Koper : Martina Sera\u017ein Mohor\u010di\u010d<\/p><p><a href=\"http:\/\/oskoper.splet.arnes.si\/?cat=91\"><br \/> <\/a><\/p>","_et_gb_content_width":"","ngg_post_thumbnail":0,"footnotes":""},"class_list":["post-6875","page","type-page","status-publish","hentry"],"publishpress_future_action":{"enabled":false,"date":"2026-05-22 19:31:01","action":"change-status","newStatus":"draft","terms":[],"taxonomy":"","extraData":[]},"publishpress_future_workflow_manual_trigger":{"enabledWorkflows":[]},"_links":{"self":[{"href":"https:\/\/oskoper.splet.arnes.si\/index.php?rest_route=\/wp\/v2\/pages\/6875","targetHints":{"allow":["GET"]}}],"collection":[{"href":"https:\/\/oskoper.splet.arnes.si\/index.php?rest_route=\/wp\/v2\/pages"}],"about":[{"href":"https:\/\/oskoper.splet.arnes.si\/index.php?rest_route=\/wp\/v2\/types\/page"}],"author":[{"embeddable":true,"href":"https:\/\/oskoper.splet.arnes.si\/index.php?rest_route=\/wp\/v2\/users\/9402"}],"replies":[{"embeddable":true,"href":"https:\/\/oskoper.splet.arnes.si\/index.php?rest_route=%2Fwp%2Fv2%2Fcomments&post=6875"}],"version-history":[{"count":14,"href":"https:\/\/oskoper.splet.arnes.si\/index.php?rest_route=\/wp\/v2\/pages\/6875\/revisions"}],"predecessor-version":[{"id":9861,"href":"https:\/\/oskoper.splet.arnes.si\/index.php?rest_route=\/wp\/v2\/pages\/6875\/revisions\/9861"}],"wp:attachment":[{"href":"https:\/\/oskoper.splet.arnes.si\/index.php?rest_route=%2Fwp%2Fv2%2Fmedia&parent=6875"}],"curies":[{"name":"wp","href":"https:\/\/api.w.org\/{rel}","templated":true}]}}