{"id":68,"date":"2013-11-22T10:07:06","date_gmt":"2013-11-22T09:07:06","guid":{"rendered":"http:\/\/oskoper.splet.arnes.si\/2013\/11\/22\/zalozba\/"},"modified":"2019-06-03T09:47:49","modified_gmt":"2019-06-03T07:47:49","slug":"zalozba","status":"publish","type":"page","link":"https:\/\/oskoper.splet.arnes.si\/?page_id=68","title":{"rendered":"Zalo\u017eba"},"content":{"rendered":"<p>[et_pb_section bb_built=&#8221;1&#8243; admin_label=&#8221;section&#8221;][et_pb_row admin_label=&#8221;row&#8221;][et_pb_column type=&#8221;1_2&#8243;][et_pb_accordion admin_label=&#8221;Accordion&#8221; use_border_color=&#8221;off&#8221; border_color=&#8221;#ffffff&#8221; border_style=&#8221;solid&#8221; open_toggle_text_color=&#8221;#208917&#8243; icon_color=&#8221;#208917&#8243; open_toggle_background_color=&#8221;rgba(105,198,97,0.27)&#8221; toggle_font=&#8221;|on|||&#8221;] [et_pb_accordion_item title=&#8221;BONTON IN OLIKA \u010cLOVEKA STA SLIKA&#8221;]<a href=\"http:\/\/oskoper.splet.arnes.si\/files\/2013\/11\/Bonton-in-olika.pdf\"><img loading=\"lazy\" decoding=\"async\" class=\"alignleft wp-image-6937 size-medium\" src=\"http:\/\/oskoper.splet.arnes.si\/files\/2013\/11\/Bonton_in_olika_640_x_533-300x250.jpg\" alt=\"\" width=\"300\" height=\"250\" srcset=\"https:\/\/oskoper.splet.arnes.si\/files\/2013\/11\/Bonton_in_olika_640_x_533-300x250.jpg 300w, https:\/\/oskoper.splet.arnes.si\/files\/2013\/11\/Bonton_in_olika_640_x_533.jpg 640w\" sizes=\"(max-width: 300px) 100vw, 300px\" \/><\/a>[\/et_pb_accordion_item][et_pb_accordion_item title=&#8221;SEM PTI\u010cEK DROBEN MIL&#8221;]<a href=\"http:\/\/oskoper.splet.arnes.si\/files\/2013\/11\/Sem_pticek.pdf\"><img loading=\"lazy\" decoding=\"async\" class=\"alignleft wp-image-66 size-medium\" src=\"http:\/\/oskoper.splet.arnes.si\/files\/2013\/11\/sem_pticek_bil-164x250.jpg\" alt=\"sem pticek bil\" width=\"164\" height=\"250\" srcset=\"https:\/\/oskoper.splet.arnes.si\/files\/2013\/11\/sem_pticek_bil-164x250.jpg 164w, https:\/\/oskoper.splet.arnes.si\/files\/2013\/11\/sem_pticek_bil-36x55.jpg 36w, https:\/\/oskoper.splet.arnes.si\/files\/2013\/11\/sem_pticek_bil.jpg 420w\" sizes=\"(max-width: 164px) 100vw, 164px\" \/><\/a>[\/et_pb_accordion_item][et_pb_accordion_item title=&#8221;NA POTI K U\u010cENJU SLOVEN\u0160\u010cINE&#8221;]<a href=\"http:\/\/oskoper.splet.arnes.si\/files\/2013\/11\/U\u010cBENIK-zadji-pregled-3-1.pdf\"><img loading=\"lazy\" decoding=\"async\" class=\"alignleft wp-image-67 size-medium\" src=\"http:\/\/oskoper.splet.arnes.si\/files\/2013\/11\/naslovnica-ucbenik-slo_2-250x177.jpg\" alt=\"naslovnica-ucbenik-slo 2\" width=\"250\" height=\"177\" srcset=\"https:\/\/oskoper.splet.arnes.si\/files\/2013\/11\/naslovnica-ucbenik-slo_2-250x177.jpg 250w, https:\/\/oskoper.splet.arnes.si\/files\/2013\/11\/naslovnica-ucbenik-slo_2-650x459.jpg 650w, https:\/\/oskoper.splet.arnes.si\/files\/2013\/11\/naslovnica-ucbenik-slo_2-78x55.jpg 78w, https:\/\/oskoper.splet.arnes.si\/files\/2013\/11\/naslovnica-ucbenik-slo_2-470x332.jpg 470w, https:\/\/oskoper.splet.arnes.si\/files\/2013\/11\/naslovnica-ucbenik-slo_2.jpg 1304w\" sizes=\"(max-width: 250px) 100vw, 250px\" \/><\/a><a href=\"https:\/\/docs.google.com\/viewer?a=v&amp;pid=sites&amp;srcid=ZGVmYXVsdGRvbWFpbnxvc2tvcGVyfGd4OjVjZWZlOTQzZjFkM2I1YmE\">Priro\u010dnik k u\u010dnemu gradivu &#8221;NA POTI K U\u010cENJU SLOVEN\u0160\u010cINE&#8221;<\/a>[\/et_pb_accordion_item] [\/et_pb_accordion][\/et_pb_column][et_pb_column type=&#8221;1_2&#8243;][et_pb_accordion admin_label=&#8221;Accordion&#8221; use_border_color=&#8221;off&#8221; border_color=&#8221;#ffffff&#8221; border_style=&#8221;solid&#8221; open_toggle_text_color=&#8221;#208917&#8243; icon_color=&#8221;#208917&#8243; open_toggle_background_color=&#8221;rgba(105,198,97,0.27)&#8221; toggle_font=&#8221;|on|||&#8221;] [et_pb_accordion_item title=&#8221;VERJAMETE V PRAVLJICE &#8220;]<\/p>\n<p>Publikacija je bila izdana ob 10 obletnici Osnovne \u0161ole Koper.<br \/>\n<a href=\"http:\/\/oskoper.splet.arnes.si\/files\/2013\/11\/VERJAMETE-V-PRAVLJICE.jpg\"><img loading=\"lazy\" decoding=\"async\" class=\"alignleft size-medium wp-image-6899\" src=\"http:\/\/oskoper.splet.arnes.si\/files\/2013\/11\/VERJAMETE-V-PRAVLJICE-204x300.jpg\" alt=\"\" width=\"204\" height=\"300\" srcset=\"https:\/\/oskoper.splet.arnes.si\/files\/2013\/11\/VERJAMETE-V-PRAVLJICE-204x300.jpg 204w, https:\/\/oskoper.splet.arnes.si\/files\/2013\/11\/VERJAMETE-V-PRAVLJICE-768x1129.jpg 768w, https:\/\/oskoper.splet.arnes.si\/files\/2013\/11\/VERJAMETE-V-PRAVLJICE-442x650.jpg 442w, https:\/\/oskoper.splet.arnes.si\/files\/2013\/11\/VERJAMETE-V-PRAVLJICE-1080x1587.jpg 1080w\" sizes=\"(max-width: 204px) 100vw, 204px\" \/><\/a><a href=\"http:\/\/oskoper.splet.arnes.si\/files\/2018\/03\/VERJAMETE-V-PRAVLJICE-2.jpg\"><img loading=\"lazy\" decoding=\"async\" class=\"alignleft size-medium wp-image-6907\" src=\"http:\/\/oskoper.splet.arnes.si\/files\/2018\/03\/VERJAMETE-V-PRAVLJICE-2-206x300.jpg\" alt=\"\" width=\"206\" height=\"300\" srcset=\"https:\/\/oskoper.splet.arnes.si\/files\/2018\/03\/VERJAMETE-V-PRAVLJICE-2-206x300.jpg 206w, https:\/\/oskoper.splet.arnes.si\/files\/2018\/03\/VERJAMETE-V-PRAVLJICE-2-768x1119.jpg 768w, https:\/\/oskoper.splet.arnes.si\/files\/2018\/03\/VERJAMETE-V-PRAVLJICE-2-446x650.jpg 446w, https:\/\/oskoper.splet.arnes.si\/files\/2018\/03\/VERJAMETE-V-PRAVLJICE-2-1080x1574.jpg 1080w\" sizes=\"(max-width: 206px) 100vw, 206px\" \/><\/a><\/p>\n<p>[\/et_pb_accordion_item][et_pb_accordion_item title=&#8221;DROBTINICE ZELI&#8221;]<\/p>\n<p>U\u010dencem in u\u010diteljem Osnovne \u0161ole Koper in vsem, ki premorejo \u010dudenje nad lepoto in popolnostjo narave.<\/p>\n<p>&nbsp;<\/p>\n<ul class=\"et_post_gallery clearfix\">\n\t\t\t\t\t<li class=\"et_gallery_item et_pb_gallery_image\">\n\t\t\t\t\t\t<a href=\"https:\/\/oskoper.splet.arnes.si\/files\/2013\/11\/DOBROTNICE-ZELI.jpg\" title=\"DOBROTNICE ZELI\">\n\t\t\t\t\t\t\t<span class=\"et_portfolio_image\">\n\t\t\t\t\t\t\t\t<img loading=\"lazy\" decoding=\"async\" width=\"400\" height=\"284\" src=\"https:\/\/oskoper.splet.arnes.si\/files\/2013\/11\/DOBROTNICE-ZELI-400x284.jpg\" class=\"attachment-et-pb-portfolio-image size-et-pb-portfolio-image\" alt=\"\" \/>\n\t\t\t\t\t\t\t\t<span class=\"et_overlay\"><\/span>\n\t\t\t\t\t\t\t<\/span>\n\t\t\t\t\t\t<\/a>\n\t\t\t\t\t\t\n\t\t\t\t\t<\/li><li class=\"et_gallery_item et_pb_gallery_image\">\n\t\t\t\t\t\t<a href=\"https:\/\/oskoper.splet.arnes.si\/files\/2013\/11\/dobrotnice-koprive.jpg\" title=\"dobrotnice-koprive\">\n\t\t\t\t\t\t\t<span class=\"et_portfolio_image\">\n\t\t\t\t\t\t\t\t<img loading=\"lazy\" decoding=\"async\" width=\"400\" height=\"284\" src=\"https:\/\/oskoper.splet.arnes.si\/files\/2013\/11\/dobrotnice-koprive-400x284.jpg\" class=\"attachment-et-pb-portfolio-image size-et-pb-portfolio-image\" alt=\"\" \/>\n\t\t\t\t\t\t\t\t<span class=\"et_overlay\"><\/span>\n\t\t\t\t\t\t\t<\/span>\n\t\t\t\t\t\t<\/a>\n\t\t\t\t\t\t\n\t\t\t\t\t<\/li><li class=\"et_gallery_item et_pb_gallery_image\">\n\t\t\t\t\t\t<a href=\"https:\/\/oskoper.splet.arnes.si\/files\/2013\/11\/dobrotnice-uvod.jpg\" title=\"dobrotnice - uvod\">\n\t\t\t\t\t\t\t<span class=\"et_portfolio_image\">\n\t\t\t\t\t\t\t\t<img loading=\"lazy\" decoding=\"async\" width=\"400\" height=\"284\" src=\"https:\/\/oskoper.splet.arnes.si\/files\/2013\/11\/dobrotnice-uvod-400x284.jpg\" class=\"attachment-et-pb-portfolio-image size-et-pb-portfolio-image\" alt=\"\" \/>\n\t\t\t\t\t\t\t\t<span class=\"et_overlay\"><\/span>\n\t\t\t\t\t\t\t<\/span>\n\t\t\t\t\t\t<\/a>\n\t\t\t\t\t\t\n\t\t\t\t\t<\/li>\n\t\t\t\t<\/ul>\n<p>[\/et_pb_accordion_item][et_pb_accordion_item title=&#8221;RAZPRLI SMO PESNI\u0160KA KRILA IN PESEM BO SVET BOGATILA&#8221;]<\/p>\n<p><a href=\"http:\/\/oskoper.splet.arnes.si\/files\/2013\/11\/POEZIJE-SKEN.pdf\"><img loading=\"lazy\" decoding=\"async\" class=\"alignleft size-medium wp-image-10685\" src=\"http:\/\/oskoper.splet.arnes.si\/files\/2013\/11\/razprli-smo-pesniska-krila-210x300.jpg\" alt=\"\" width=\"210\" height=\"300\" srcset=\"https:\/\/oskoper.splet.arnes.si\/files\/2013\/11\/razprli-smo-pesniska-krila-210x300.jpg 210w, https:\/\/oskoper.splet.arnes.si\/files\/2013\/11\/razprli-smo-pesniska-krila-768x1096.jpg 768w, https:\/\/oskoper.splet.arnes.si\/files\/2013\/11\/razprli-smo-pesniska-krila-456x650.jpg 456w, https:\/\/oskoper.splet.arnes.si\/files\/2013\/11\/razprli-smo-pesniska-krila-1080x1541.jpg 1080w, https:\/\/oskoper.splet.arnes.si\/files\/2013\/11\/razprli-smo-pesniska-krila.jpg 1601w\" sizes=\"(max-width: 210px) 100vw, 210px\" \/><\/a><\/p>\n<p>&nbsp;<\/p>\n<p>&nbsp;<\/p>\n<p>[\/et_pb_accordion_item] [\/et_pb_accordion][\/et_pb_column][\/et_pb_row][\/et_pb_section]<\/p>\n<h3>Related Images:<\/h3>","protected":false},"excerpt":{"rendered":"<p>Priro\u010dnik k u\u010dnemu gradivu &#8221;NA POTI K U\u010cENJU SLOVEN\u0160\u010cINE&#8221; Publikacija je bila izdana ob 10 obletnici Osnovne \u0161ole Koper. U\u010dencem in u\u010diteljem Osnovne \u0161ole Koper in vsem, ki premorejo \u010dudenje nad lepoto in popolnostjo narave. &nbsp; <ul class=\"et_post_gallery clearfix\">\n\t\t\t\t\t<li class=\"et_gallery_item et_pb_gallery_image\">\n\t\t\t\t\t\t<a href=\"https:\/\/oskoper.splet.arnes.si\/files\/2013\/11\/DOBROTNICE-ZELI.jpg\" title=\"DOBROTNICE ZELI\">\n\t\t\t\t\t\t\t<span class=\"et_portfolio_image\">\n\t\t\t\t\t\t\t\t<img width=\"400\" height=\"284\" src=\"https:\/\/oskoper.splet.arnes.si\/files\/2013\/11\/DOBROTNICE-ZELI-400x284.jpg\" class=\"attachment-et-pb-portfolio-image size-et-pb-portfolio-image\" alt=\"\" decoding=\"async\" loading=\"lazy\" \/>\n\t\t\t\t\t\t\t\t<span class=\"et_overlay\"><\/span>\n\t\t\t\t\t\t\t<\/span>\n\t\t\t\t\t\t<\/a>\n\t\t\t\t\t\t\n\t\t\t\t\t<\/li><li class=\"et_gallery_item et_pb_gallery_image\">\n\t\t\t\t\t\t<a href=\"https:\/\/oskoper.splet.arnes.si\/files\/2013\/11\/dobrotnice-koprive.jpg\" title=\"dobrotnice-koprive\">\n\t\t\t\t\t\t\t<span class=\"et_portfolio_image\">\n\t\t\t\t\t\t\t\t<img width=\"400\" height=\"284\" src=\"https:\/\/oskoper.splet.arnes.si\/files\/2013\/11\/dobrotnice-koprive-400x284.jpg\" class=\"attachment-et-pb-portfolio-image size-et-pb-portfolio-image\" alt=\"\" decoding=\"async\" loading=\"lazy\" \/>\n\t\t\t\t\t\t\t\t<span class=\"et_overlay\"><\/span>\n\t\t\t\t\t\t\t<\/span>\n\t\t\t\t\t\t<\/a>\n\t\t\t\t\t\t\n\t\t\t\t\t<\/li><li class=\"et_gallery_item et_pb_gallery_image\">\n\t\t\t\t\t\t<a href=\"https:\/\/oskoper.splet.arnes.si\/files\/2013\/11\/dobrotnice-uvod.jpg\" title=\"dobrotnice - uvod\">\n\t\t\t\t\t\t\t<span class=\"et_portfolio_image\">\n\t\t\t\t\t\t\t\t<img width=\"400\" height=\"284\" src=\"https:\/\/oskoper.splet.arnes.si\/files\/2013\/11\/dobrotnice-uvod-400x284.jpg\" class=\"attachment-et-pb-portfolio-image size-et-pb-portfolio-image\" alt=\"\" decoding=\"async\" loading=\"lazy\" \/>\n\t\t\t\t\t\t\t\t<span class=\"et_overlay\"><\/span>\n\t\t\t\t\t\t\t<\/span>\n\t\t\t\t\t\t<\/a>\n\t\t\t\t\t\t\n\t\t\t\t\t<\/li>\n\t\t\t\t<\/ul> &nbsp; &nbsp;<\/p>\n","protected":false},"author":9402,"featured_media":0,"parent":0,"menu_order":0,"comment_status":"closed","ping_status":"open","template":"","meta":{"_et_pb_use_builder":"on","_et_pb_old_content":"<h5>BONTON IN OLIKA \u010cLOVEKA STA SLIKA<\/h5><p><a href=\"https:\/\/docs.google.com\/viewer?a=v&pid=sites&srcid=ZGVmYXVsdGRvbWFpbnxvc2tvcGVyfGd4OjcxMWUxMjMxNGQzNTJlYzQ\"><img class=\"  wp-image-64\" src=\"http:\/\/oskoper.splet.arnes.si\/files\/2013\/11\/Bonton_in_olika_640_x_533.jpg\" alt=\"Bonton in olika 640 x 533\" width=\"195\" height=\"162\" \/><\/a><\/p><hr \/><h5>SEM PTI\u010cEK DROBEN BIL<\/h5><h5><a href=\"http:\/\/oskoper.splet.arnes.si\/files\/2013\/11\/Sem_pticek.pdf\"><img class=\" size-full wp-image-66\" src=\"http:\/\/oskoper.splet.arnes.si\/files\/2013\/11\/sem_pticek_bil.jpg\" alt=\"sem pticek bil\" width=\"190\" height=\"289\" \/><\/a><\/h5><hr \/><h5>NA POTI K U\u010cENJU SLOVEN\u0160\u010cINE (u\u010dbenik)<\/h5><h5><strong><a href=\"https:\/\/docs.google.com\/viewer?a=v&pid=sites&srcid=ZGVmYXVsdGRvbWFpbnxvc2tvcGVyfGd4OjVjZWZlOTQzZjFkM2I1YmE\">Priro\u010dnik k u\u010dnemu gradivu NA POTI K U\u010cENJU SLOVEN\u0160\u010cINE<\/a><\/strong><\/h5><p><img class=\" size-full wp-image-67\" src=\"http:\/\/oskoper.splet.arnes.si\/files\/2013\/11\/naslovnica-ucbenik-slo_2.jpg\" alt=\"naslovnica-ucbenik-slo 2\" width=\"391\" height=\"277\" \/><\/p>","_et_gb_content_width":"","ngg_post_thumbnail":0,"footnotes":"","_expiration-date-status":"saved","_expiration-date":0,"_expiration-date-type":"","_expiration-date-categories":[],"_expiration-date-options":[]},"class_list":["post-68","page","type-page","status-publish","hentry"],"_links":{"self":[{"href":"https:\/\/oskoper.splet.arnes.si\/index.php?rest_route=\/wp\/v2\/pages\/68","targetHints":{"allow":["GET"]}}],"collection":[{"href":"https:\/\/oskoper.splet.arnes.si\/index.php?rest_route=\/wp\/v2\/pages"}],"about":[{"href":"https:\/\/oskoper.splet.arnes.si\/index.php?rest_route=\/wp\/v2\/types\/page"}],"author":[{"embeddable":true,"href":"https:\/\/oskoper.splet.arnes.si\/index.php?rest_route=\/wp\/v2\/users\/9402"}],"replies":[{"embeddable":true,"href":"https:\/\/oskoper.splet.arnes.si\/index.php?rest_route=%2Fwp%2Fv2%2Fcomments&post=68"}],"version-history":[{"count":45,"href":"https:\/\/oskoper.splet.arnes.si\/index.php?rest_route=\/wp\/v2\/pages\/68\/revisions"}],"predecessor-version":[{"id":10705,"href":"https:\/\/oskoper.splet.arnes.si\/index.php?rest_route=\/wp\/v2\/pages\/68\/revisions\/10705"}],"wp:attachment":[{"href":"https:\/\/oskoper.splet.arnes.si\/index.php?rest_route=%2Fwp%2Fv2%2Fmedia&parent=68"}],"curies":[{"name":"wp","href":"https:\/\/api.w.org\/{rel}","templated":true}]}}