{"id":6533,"date":"2018-01-16T10:56:52","date_gmt":"2018-01-16T09:56:52","guid":{"rendered":"http:\/\/oskoper.splet.arnes.si\/?page_id=6533"},"modified":"2018-01-16T10:57:24","modified_gmt":"2018-01-16T09:57:24","slug":"sio-2020","status":"publish","type":"page","link":"https:\/\/oskoper.splet.arnes.si\/?page_id=6533","title":{"rendered":"SIO 2020"},"content":{"rendered":"<p><a href=\"http:\/\/oskoper.splet.arnes.si\/files\/2018\/01\/logotip_EKP-2014-2020_SIO-2020.png\"><img loading=\"lazy\" decoding=\"async\" class=\"size-full wp-image-6535 aligncenter\" src=\"http:\/\/oskoper.splet.arnes.si\/files\/2018\/01\/logotip_EKP-2014-2020_SIO-2020.png\" alt=\"\" width=\"1355\" height=\"137\" srcset=\"https:\/\/oskoper.splet.arnes.si\/files\/2018\/01\/logotip_EKP-2014-2020_SIO-2020.png 1355w, https:\/\/oskoper.splet.arnes.si\/files\/2018\/01\/logotip_EKP-2014-2020_SIO-2020-300x30.png 300w, https:\/\/oskoper.splet.arnes.si\/files\/2018\/01\/logotip_EKP-2014-2020_SIO-2020-768x78.png 768w, https:\/\/oskoper.splet.arnes.si\/files\/2018\/01\/logotip_EKP-2014-2020_SIO-2020-650x66.png 650w, https:\/\/oskoper.splet.arnes.si\/files\/2018\/01\/logotip_EKP-2014-2020_SIO-2020-1080x109.png 1080w\" sizes=\"(max-width: 1355px) 100vw, 1355px\" \/><\/a><\/p>\n<p><a href=\"https:\/\/www.arnes.si\/sio-2020\/\" target=\"_blank\">Program nadaljnje vzpostavitve IKT infrastrukture v vzgoji in izobra\u017eevanju.<\/a><\/p>\n<p>Cilj operacije je izbolj\u0161anje kompetenc in dose\u017ekov mladih ter ve\u010dja usposobljenost izobra\u017eevalcev prek ve\u010dje uporabe sodobne IKT pri pou\u010devanju in u\u010denju. Vzgojno-izobra\u017eevalnim zavodom se sofinancira izgradnja brez\u017ei\u010dnih omre\u017eij in nakup IKT opreme, razvija se e-storitve in e-vsebine.<\/p>\n<p><a href=\"http:\/\/www.eu-skladi.si\/\" target=\"_blank\" rel=\"noreferrer\">Spletna stran evropske kohezijske politike v Sloveniji.<\/a><\/p>\n<p>Nalo\u017ebo sofinancirata Republika Slovenija in Evropska unija iz Evropskega sklada za regionalni razvoj.<\/p>\n<h3>Related Images:<\/h3>","protected":false},"excerpt":{"rendered":"<p>Program nadaljnje vzpostavitve IKT infrastrukture v vzgoji in izobra\u017eevanju. Cilj operacije je izbolj\u0161anje kompetenc in dose\u017ekov mladih ter ve\u010dja usposobljenost izobra\u017eevalcev prek ve\u010dje uporabe sodobne IKT pri pou\u010devanju in u\u010denju. Vzgojno-izobra\u017eevalnim zavodom se sofinancira izgradnja brez\u017ei\u010dnih omre\u017eij in nakup IKT opreme, razvija se e-storitve in e-vsebine. Spletna stran evropske kohezijske politike v Sloveniji. Nalo\u017ebo sofinancirata [&hellip;]<\/p>\n","protected":false},"author":9402,"featured_media":0,"parent":0,"menu_order":0,"comment_status":"closed","ping_status":"closed","template":"","meta":{"_et_pb_use_builder":"","_et_pb_old_content":"","_et_gb_content_width":"","ngg_post_thumbnail":0,"footnotes":"","_expiration-date-status":"","_expiration-date":0,"_expiration-date-type":"","_expiration-date-categories":[],"_expiration-date-options":[]},"class_list":["post-6533","page","type-page","status-publish","hentry"],"_links":{"self":[{"href":"https:\/\/oskoper.splet.arnes.si\/index.php?rest_route=\/wp\/v2\/pages\/6533","targetHints":{"allow":["GET"]}}],"collection":[{"href":"https:\/\/oskoper.splet.arnes.si\/index.php?rest_route=\/wp\/v2\/pages"}],"about":[{"href":"https:\/\/oskoper.splet.arnes.si\/index.php?rest_route=\/wp\/v2\/types\/page"}],"author":[{"embeddable":true,"href":"https:\/\/oskoper.splet.arnes.si\/index.php?rest_route=\/wp\/v2\/users\/9402"}],"replies":[{"embeddable":true,"href":"https:\/\/oskoper.splet.arnes.si\/index.php?rest_route=%2Fwp%2Fv2%2Fcomments&post=6533"}],"version-history":[{"count":3,"href":"https:\/\/oskoper.splet.arnes.si\/index.php?rest_route=\/wp\/v2\/pages\/6533\/revisions"}],"predecessor-version":[{"id":6541,"href":"https:\/\/oskoper.splet.arnes.si\/index.php?rest_route=\/wp\/v2\/pages\/6533\/revisions\/6541"}],"wp:attachment":[{"href":"https:\/\/oskoper.splet.arnes.si\/index.php?rest_route=%2Fwp%2Fv2%2Fmedia&parent=6533"}],"curies":[{"name":"wp","href":"https:\/\/api.w.org\/{rel}","templated":true}]}}