{"id":62,"date":"2016-08-30T10:56:00","date_gmt":"2016-08-30T08:56:00","guid":{"rendered":"http:\/\/oskoper.splet.arnes.si\/2016\/08\/30\/jedilniki\/"},"modified":"2025-01-17T13:37:45","modified_gmt":"2025-01-17T12:37:45","slug":"jedilniki","status":"publish","type":"page","link":"https:\/\/oskoper.splet.arnes.si\/?page_id=62","title":{"rendered":"Jedilniki"},"content":{"rendered":"<p>[et_pb_section fb_built=&#8221;1&#8243; fullwidth=&#8221;on&#8221; admin_label=&#8221;Section&#8221; _builder_version=&#8221;4.16&#8243; background_color=&#8221;rgba(255,255,255,0)&#8221; transparent_background=&#8221;on&#8221; global_colors_info=&#8221;{}&#8221;][et_pb_fullwidth_menu menu_id=&#8221;63&#8243; submenu_direction=&#8221;downwards&#8221; fullwidth_menu=&#8221;off&#8221; active_link_color=&#8221;#dd3333&#8243; admin_label=&#8221;Fullwidth Menu&#8221; _builder_version=&#8221;4.16&#8243; menu_font=&#8221;|on|||&#8221; menu_text_color=&#8221;#31661f&#8221; background_color=&#8221;rgba(255,255,255,0)&#8221; text_orientation=&#8221;justified&#8221; saved_tabs=&#8221;all&#8221; global_colors_info=&#8221;{}&#8221;][\/et_pb_fullwidth_menu][\/et_pb_section][et_pb_section fb_built=&#8221;1&#8243; admin_label=&#8221;section&#8221; _builder_version=&#8221;4.16&#8243; global_colors_info=&#8221;{}&#8221;][et_pb_row admin_label=&#8221;Row&#8221; _builder_version=&#8221;4.16&#8243; background_size=&#8221;initial&#8221; background_position=&#8221;top_left&#8221; background_repeat=&#8221;repeat&#8221; global_colors_info=&#8221;{}&#8221;][et_pb_column type=&#8221;4_4&#8243; _builder_version=&#8221;4.16&#8243; custom_padding=&#8221;|||&#8221; global_colors_info=&#8221;{}&#8221; custom_padding__hover=&#8221;|||&#8221;][et_pb_text admin_label=&#8221;Text&#8221; _builder_version=&#8221;4.16&#8243; background_size=&#8221;initial&#8221; background_position=&#8221;top_left&#8221; background_repeat=&#8221;repeat&#8221; use_border_color=&#8221;off&#8221; border_color=&#8221;#ffffff&#8221; border_style=&#8221;solid&#8221; global_colors_info=&#8221;{}&#8221;]<\/p>\n<p style=\"text-align: justify\"><a href=\"http:\/\/www.shemasolskegasadja.si\/predstavitev\/eu-shema-solskega-sadja\"><img loading=\"lazy\" decoding=\"async\" class=\"alignleft size-full wp-image-5837\" src=\"http:\/\/oskoper.splet.arnes.si\/files\/2016\/08\/RTEmagicC_shema_solskega_sadja_logo_www_jpg.jpg\" alt=\"\" width=\"250\" height=\"149\" \/><\/a>Evropska Komisija je v za\u010detku leta 2009 sprejela Uredbo za oskrbo otrok v izobra\u017eevalnih ustanovah s sadjem in zelenjavo, ki predvideva ureditev brezpla\u010dnega razdeljevanja sadja in zelenjave u\u010dencem v \u0161olah. K aktivnemu sodelovanju je pristopila tudi Slovenija, kjer omenjeni ukrep izvaja Ministrstvo za kmetijstvo in okolje v sodelovanju z Ministrstvom za izobra\u017eevanje, znanost in \u0161port ter Ministrstvom za zdravje. Tudi na\u0161a \u0161ola se je pridru\u017eila shemi \u0161olskega sadja in zelenjave.<\/p>\n<p>[\/et_pb_text][\/et_pb_column][\/et_pb_row][et_pb_row admin_label=&#8221;row&#8221; _builder_version=&#8221;4.16&#8243; background_size=&#8221;initial&#8221; background_position=&#8221;top_left&#8221; background_repeat=&#8221;repeat&#8221; global_colors_info=&#8221;{}&#8221;][et_pb_column type=&#8221;4_4&#8243; _builder_version=&#8221;4.16&#8243; custom_padding=&#8221;|||&#8221; global_colors_info=&#8221;{}&#8221; custom_padding__hover=&#8221;|||&#8221;][et_pb_tabs active_tab_background_color=&#8221;rgba(115,183,84,0.55)&#8221; admin_label=&#8221;Tabs&#8221; _builder_version=&#8221;4.27.0&#8243; body_letter_spacing=&#8221;0&#8243; body_line_height=&#8221;1.7&#8243; tab_letter_spacing=&#8221;0&#8243; tab_line_height=&#8221;1.7&#8243; background_size=&#8221;initial&#8221; background_position=&#8221;top_left&#8221; background_repeat=&#8221;repeat&#8221; hover_enabled=&#8221;0&#8243; use_border_color=&#8221;off&#8221; border_color=&#8221;#ffffff&#8221; border_style=&#8221;solid&#8221; global_colors_info=&#8221;{}&#8221; sticky_enabled=&#8221;0&#8243;][et_pb_tab title=&#8221;Jedilnik od 20.1. do 24.1.2025&#8243; _builder_version=&#8221;4.27.0&#8243; _module_preset=&#8221;default&#8221; hover_enabled=&#8221;0&#8243; global_colors_info=&#8221;{}&#8221; sticky_enabled=&#8221;0&#8243;]<\/p>\n<p><a href=\"https:\/\/oskoper.splet.arnes.si\/files\/2025\/01\/Jedilnik-3-20.01.2025-24.01.2025.jpg\"><img loading=\"lazy\" decoding=\"async\" src=\"https:\/\/oskoper.splet.arnes.si\/files\/2025\/01\/Jedilnik-3-20.01.2025-24.01.2025.jpg\" width=\"644\" height=\"922\" alt=\"\" class=\"wp-image-31395 alignnone size-full\" srcset=\"https:\/\/oskoper.splet.arnes.si\/files\/2025\/01\/Jedilnik-3-20.01.2025-24.01.2025.jpg 644w, https:\/\/oskoper.splet.arnes.si\/files\/2025\/01\/Jedilnik-3-20.01.2025-24.01.2025-480x687.jpg 480w\" sizes=\"(min-width: 0px) and (max-width: 480px) 480px, (min-width: 481px) 644px, 100vw\" \/><\/a><\/p>\n<p>[\/et_pb_tab][\/et_pb_tabs][\/et_pb_column][\/et_pb_row][\/et_pb_section]<\/p>\n<h3>Related Images:<\/h3>","protected":false},"excerpt":{"rendered":"<p>Evropska Komisija je v za\u010detku leta 2009 sprejela Uredbo za oskrbo otrok v izobra\u017eevalnih ustanovah s sadjem in zelenjavo, ki predvideva ureditev brezpla\u010dnega razdeljevanja sadja in zelenjave u\u010dencem v \u0161olah. K aktivnemu sodelovanju je pristopila tudi Slovenija, kjer omenjeni ukrep izvaja Ministrstvo za kmetijstvo in okolje v sodelovanju z Ministrstvom za izobra\u017eevanje, znanost in \u0161port [&hellip;]<\/p>\n","protected":false},"author":9402,"featured_media":0,"parent":1502,"menu_order":1,"comment_status":"closed","ping_status":"open","template":"","meta":{"_et_pb_use_builder":"on","_et_pb_old_content":"<p>[box]<a href=\"http:\/\/oskoper.splet.arnes.si\/files\/2016\/08\/Jedilnik-21.11.-25.11.pdf\"><u><span style=\"color: #0066cc;\">Jedilnik od 21.11. do 25.11. 2016<\/span><\/u><\/a> [\/box]<\/p><p>\u00a0<\/p>","_et_gb_content_width":"","ngg_post_thumbnail":0,"footnotes":"","_expiration-date-status":"","_expiration-date":0,"_expiration-date-type":"","_expiration-date-categories":[],"_expiration-date-options":[]},"class_list":["post-62","page","type-page","status-publish","hentry"],"_links":{"self":[{"href":"https:\/\/oskoper.splet.arnes.si\/index.php?rest_route=\/wp\/v2\/pages\/62","targetHints":{"allow":["GET"]}}],"collection":[{"href":"https:\/\/oskoper.splet.arnes.si\/index.php?rest_route=\/wp\/v2\/pages"}],"about":[{"href":"https:\/\/oskoper.splet.arnes.si\/index.php?rest_route=\/wp\/v2\/types\/page"}],"author":[{"embeddable":true,"href":"https:\/\/oskoper.splet.arnes.si\/index.php?rest_route=\/wp\/v2\/users\/9402"}],"replies":[{"embeddable":true,"href":"https:\/\/oskoper.splet.arnes.si\/index.php?rest_route=%2Fwp%2Fv2%2Fcomments&post=62"}],"version-history":[{"count":15,"href":"https:\/\/oskoper.splet.arnes.si\/index.php?rest_route=\/wp\/v2\/pages\/62\/revisions"}],"predecessor-version":[{"id":31396,"href":"https:\/\/oskoper.splet.arnes.si\/index.php?rest_route=\/wp\/v2\/pages\/62\/revisions\/31396"}],"up":[{"embeddable":true,"href":"https:\/\/oskoper.splet.arnes.si\/index.php?rest_route=\/wp\/v2\/pages\/1502"}],"wp:attachment":[{"href":"https:\/\/oskoper.splet.arnes.si\/index.php?rest_route=%2Fwp%2Fv2%2Fmedia&parent=62"}],"curies":[{"name":"wp","href":"https:\/\/api.w.org\/{rel}","templated":true}]}}