{"id":5795,"date":"2017-11-06T11:13:07","date_gmt":"2017-11-06T10:13:07","guid":{"rendered":"http:\/\/oskoper.splet.arnes.si\/?page_id=5795"},"modified":"2020-11-13T15:47:15","modified_gmt":"2020-11-13T14:47:15","slug":"moznost-dostopa-do-storitev-arnesa-sio-in-office-365","status":"publish","type":"page","link":"https:\/\/oskoper.splet.arnes.si\/?page_id=5795","title":{"rendered":"Mo\u017enost dostopa do storitev Arnesa, SIO in Office 365"},"content":{"rendered":"<p>[et_pb_section fb_built=&#8221;1&#8243; admin_label=&#8221;section&#8221; _builder_version=&#8221;3.22&#8243;][et_pb_row admin_label=&#8221;row&#8221; _builder_version=&#8221;3.25&#8243; background_size=&#8221;initial&#8221; background_position=&#8221;top_left&#8221; background_repeat=&#8221;repeat&#8221;][et_pb_column type=&#8221;4_4&#8243; _builder_version=&#8221;3.25&#8243; custom_padding=&#8221;|||&#8221; custom_padding__hover=&#8221;|||&#8221;][et_pb_text admin_label=&#8221;Text&#8221; _builder_version=&#8221;4.6.6&#8243; background_size=&#8221;initial&#8221; background_position=&#8221;top_left&#8221; background_repeat=&#8221;repeat&#8221; hover_enabled=&#8221;0&#8243; use_border_color=&#8221;off&#8221; border_color=&#8221;#ffffff&#8221; border_style=&#8221;solid&#8221; sticky_enabled=&#8221;0&#8243;]<\/p>\n<p><a href=\"http:\/\/oskoper.splet.arnes.si\/files\/2017\/11\/office-365-icons2.png\"><img loading=\"lazy\" decoding=\"async\" class=\"size-medium wp-image-5803 aligncenter\" src=\"http:\/\/oskoper.splet.arnes.si\/files\/2017\/11\/office-365-icons2-300x103.png\" alt=\"\" width=\"300\" height=\"103\" srcset=\"https:\/\/oskoper.splet.arnes.si\/files\/2017\/11\/office-365-icons2-300x103.png 300w, https:\/\/oskoper.splet.arnes.si\/files\/2017\/11\/office-365-icons2-650x222.png 650w, https:\/\/oskoper.splet.arnes.si\/files\/2017\/11\/office-365-icons2.png 702w\" sizes=\"(max-width: 300px) 100vw, 300px\" \/><\/a><strong>Kaj je Office 365?<\/strong><br \/> Office 365 je paket storitev, ki vklju\u010duje elektronsko po\u0161to, digitalno shrambo, orodja za avdio in video komunikacijo, deljenje dokumentov in hkratno delo na njih. Vsa ta orodja so med seboj tesno povezana z dodeljeno \u0161olsko e-identiteto. Gre za internetno razli\u010dico programa Microsoft Office. Preko prijave na Microsoftov ra\u010dun lahko u\u010denci dostopajo do mre\u017ene razli\u010dice Worda, Excela, Powerpointa, Outlooka, OneNota, OneDriva, si shranjujejo dokumente na Microsoftov stre\u017enik (OneDrive) ter jih odprejo in popravijo kjerkoli, kjer se lahko pove\u017eejo na splet.<\/p>\n<p>V \u010dasu trajanja izobra\u017eevanja je u\u010dencem brezpla\u010dno na voljo polna programska zbirka Office ProPlus, ki vklju\u010duje programe Word, Excel, PowerPoint, Outlook, OneNote, Publisher in Access. Namestijo jo lahko na 5 ra\u010dunalnikih in 5 mobilnih napravah.<br \/> Ve\u010d o tem si lahko preberete na spletnih straneh:<\/p>\n<ul>\n<li><a href=\"https:\/\/o365.arnes.si\/\">https:\/\/o365.arnes.si\/<\/a><\/li>\n<li><a href=\"https:\/\/o365.arnes.si\/ucenec\/priloznosti\">https:\/\/o365.arnes.si\/ucenec\/priloznosti<\/a><\/li>\n<li><a href=\"https:\/\/o365.arnes.si\/ucenec\/prednosti\">https:\/\/o365.arnes.si\/ucenec\/prednosti<\/a><\/li>\n<\/ul>\n<p>Z istimi prijavnimi podatki se lahko u\u010denci prijavijo na:<\/p>\n<ul>\n<li><a href=\"https:\/\/aai.arnes.si\/\">https:\/\/aai.arnes.si\/<\/a> &#8211; u\u010dencem so brezpla\u010dno na voljo Arnesove in druge storitve,<\/li>\n<li><a href=\"https:\/\/skupnost.sio.si\/\">https:\/\/skupnost.sio.si\/<\/a> &#8211; u\u010dencem so na voljo nekatere spletne u\u010dilnice (kolesarski izpit)<\/li>\n<\/ul>\n<hr \/>\n<p>&nbsp;<\/p>\n<p><strong>Navodila za 1 . prijavo<\/strong><\/p>\n<ol>\n<li>Za aktiviranje Office 365 ra\u010duna je potrebno prvi\u010d OBVEZNO obiskati stran <strong>Oblak 365<\/strong> (<a href=\"https:\/\/o365.arnes.si\/\">https:\/\/o365.arnes.si\/<\/a>) in se prijaviti s prijavnimi AAI podatki, ki ste jih dobili v \u0161oli. Ko se izbira doma\u010do organizacijo izberete Osnovna \u0161ola Koper. Ob prijavi se kreira uporabni\u0161ki ra\u010dun.<\/li>\n<li><strong>Nadaljnje delo v Office-u 365<br \/> <\/strong>Po prvi prijavi v Oblak 365 se lahko direktno prijavljate na naslovu (<a href=\"https:\/\/login.microsoftonline.com\/\">https:\/\/login.microsoftonline.com <\/a>) oz. \u010de v iskalnik vpi\u0161ete Office 365.<\/li>\n<li><strong>Zamenjava gesla<\/strong><br \/> Geslo, ki ga prejme u\u010denec je varno. Zamenja se lahko na spletni strani: SIO MDM ( <a href=\"https:\/\/mdm.arnes.si\">https:\/\/mdm.arnes.si <\/a>) . Pri tem je treba upo\u0161tevati, da mora imeti geslo vsaj 8 znakov in naj bo primerno zahtevno.<\/li>\n<\/ol>\n<p>Na \u0161oli ne nudimo podpore pri uporabi Oblak 365, Office 365 in drugih storitev, do katerih lahko u\u010denci dostopajo z AAI geslom.<br \/> Za podrobnej\u0161e informacije se uporabi vgrajeno pomo\u010d ali pa informacije poi\u0161\u010dite na spletu.<br \/> Organizator informacijske dejavnosti<\/p>\n<p><a href=\"mailto:jure.skapin@os-koper.si\">Jure \u0160kapin<\/a>, ra\u010dunalnikar &#8211; organizator informacijske dejavnosti (ROID)<\/p>\n<p>[\/et_pb_text][\/et_pb_column][\/et_pb_row][\/et_pb_section]<\/p>\n<h3>Related Images:<\/h3>","protected":false},"excerpt":{"rendered":"<p>Kaj je Office 365? Office 365 je paket storitev, ki vklju\u010duje elektronsko po\u0161to, digitalno shrambo, orodja za avdio in video komunikacijo, deljenje dokumentov in hkratno delo na njih. Vsa ta orodja so med seboj tesno povezana z dodeljeno \u0161olsko e-identiteto. Gre za internetno razli\u010dico programa Microsoft Office. Preko prijave na Microsoftov ra\u010dun lahko u\u010denci dostopajo [&hellip;]<\/p>\n","protected":false},"author":9402,"featured_media":0,"parent":0,"menu_order":0,"comment_status":"closed","ping_status":"closed","template":"","meta":{"_et_pb_use_builder":"on","_et_pb_old_content":"<p><a href=\"http:\/\/oskoper.splet.arnes.si\/files\/2017\/11\/office-365-icons2.png\"><img class=\"size-medium wp-image-5803 aligncenter\" src=\"http:\/\/oskoper.splet.arnes.si\/files\/2017\/11\/office-365-icons2-300x103.png\" alt=\"\" width=\"300\" height=\"103\" \/><\/a><\/p><div class=\"wrapper\"><div class=\"container container-content\"><div class=\"row row-space\"><div class=\"banner guide\"><h4 class=\"banner-inside banner-inside-bottom\">Kaj je Office 365?<\/h4><div class=\"banner-inside banner-inside-bottom\">Office 365 je paket storitev, ki vklju\u010duje elektronsko po\u0161to, digitalno shrambo, orodja za avdio in video komunikacijo, deljenje dokumentov in hkratno delo na njih. Vsa ta orodja so med seboj tesno povezana z dodeljeno \u0161olsko e-identiteto. Gre za internetno razli\u010dico programa Microsoft Office. Preko prijave na Microsoftov ra\u010dun lahko u\u010denci dostopajo do mre\u017ene razli\u010dice Worda, Excela, Powerpointa, Outlooka, OneNota, OneDriva, si shranjujejo dokumente na Microsoftov stre\u017enik (OneDrive) ter jih odprejo in popravijo kjerkoli, kjer se lahko pove\u017eejo na splet.<\/div><\/div><\/div><\/div><\/div><p>V \u010dasu trajanja izobra\u017eevanja je u\u010dencem brezpla\u010dno na voljo polna programska zbirka Office ProPlus, ki vklju\u010duje programe Word, Excel, PowerPoint, Outlook, OneNote, Publisher in Access. Namestijo jo lahko na 5 ra\u010dunalnikih in 5 mobilnih napravah.<br \/> Ve\u010d o tem si lahko preberete na spletnih straneh:<\/p><ul><li><a href=\"https:\/\/o365.arnes.si\/\">https:\/\/o365.arnes.si\/<\/a><\/li><li><a href=\"https:\/\/o365.arnes.si\/ucenec\/priloznosti\">https:\/\/o365.arnes.si\/ucenec\/priloznosti<\/a><\/li><li><a href=\"https:\/\/o365.arnes.si\/ucenec\/prednosti\">https:\/\/o365.arnes.si\/ucenec\/prednosti<\/a><\/li><\/ul><p>Z istimi prijavnimi podatki se lahko u\u010denci prijavijo na:<\/p><ul><li><a href=\"https:\/\/aai.arnes.si\/\">https:\/\/aai.arnes.si\/<\/a> - u\u010dencem so brezpla\u010dno na voljo Arnesove in druge storitve,<\/li><li><a href=\"https:\/\/skupnost.sio.si\/\">https:\/\/skupnost.sio.si\/<\/a> - u\u010dencem so na voljo nekatere spletne u\u010dilnice (kolesarski izpit)<\/li><\/ul><p><strong> Pridobitev<\/strong><br \/> Za pridobitev uporabni\u0161kega imena in gesla je potrebno izpolniti <a href=\"https:\/\/goo.gl\/forms\/SpS6eh0MLUFZUQUw1\">spletni obrazec.<\/a> Star\u0161i oziroma skrbniki bodo na svoj elektronski naslov prejeli datoteko s prijavnimi podatki*.<\/p><p><strong>Navodila za 1 . prijavo<\/strong><br \/> Za aktiviranje Office 365 ra\u010duna je potrebno prvi\u010d OBVEZNO obiskati stran Oblak 365 (<a href=\"https:\/\/o365.arnes.si\/\">https:\/\/o365.arnes.si\/<\/a>) in se prijaviti s prijavnimi podatki*. Ko se izbira doma\u010do organizacijo izberete Osnovna \u0161ola Koper. Ob prijavi se kreira uporabni\u0161ki ra\u010dun.<\/p><p><strong>Nadaljnje delo v Office-u 365<br \/> <\/strong>Po prvi prijavi v Oblak 365 se lahko direktno prijavljate na naslovu (<a href=\"https:\/\/login.microsoftonline.com\/\"><u><span style=\"color: #0066cc;\">https:\/\/login.microsoftonline.com\/<\/span><\/u><\/a>) oz. \u010de v iskalnik vpi\u0161ete Office 365.<\/p><p><strong>Zamenjava gesla<\/strong><br \/> Geslo, ki ga prejme u\u010denec je varno. Zamenja se lahko na spletni strani: SIO MDM ( <a href=\"https:\/\/mdm.arnes.si\">https:\/\/mdm.arnes.si <\/a>) . Pri tem je treba upo\u0161tevati, da mora imeti geslo vsaj 8 znakov in naj bo primerno zahtevno.<\/p><p>Na \u0161oli ne nudimo podpore pri uporabi Oblak 365, Office 365 in drugih storitev, do katerih lahko u\u010denci dostopajo z AAI geslom.<br \/> Za podrobnej\u0161e informacije se uporabi vgrajeno pomo\u010d ali pa informacije poi\u0161\u010dite na spletu.<br \/> Organizator informacijske dejavnosti<\/p><p>\u0110eni Ple\u0161nik<\/p>","_et_gb_content_width":"","ngg_post_thumbnail":0,"footnotes":"","_expiration-date-status":"saved","_expiration-date":0,"_expiration-date-type":"","_expiration-date-categories":[],"_expiration-date-options":[]},"class_list":["post-5795","page","type-page","status-publish","hentry"],"_links":{"self":[{"href":"https:\/\/oskoper.splet.arnes.si\/index.php?rest_route=\/wp\/v2\/pages\/5795","targetHints":{"allow":["GET"]}}],"collection":[{"href":"https:\/\/oskoper.splet.arnes.si\/index.php?rest_route=\/wp\/v2\/pages"}],"about":[{"href":"https:\/\/oskoper.splet.arnes.si\/index.php?rest_route=\/wp\/v2\/types\/page"}],"author":[{"embeddable":true,"href":"https:\/\/oskoper.splet.arnes.si\/index.php?rest_route=\/wp\/v2\/users\/9402"}],"replies":[{"embeddable":true,"href":"https:\/\/oskoper.splet.arnes.si\/index.php?rest_route=%2Fwp%2Fv2%2Fcomments&post=5795"}],"version-history":[{"count":14,"href":"https:\/\/oskoper.splet.arnes.si\/index.php?rest_route=\/wp\/v2\/pages\/5795\/revisions"}],"predecessor-version":[{"id":16461,"href":"https:\/\/oskoper.splet.arnes.si\/index.php?rest_route=\/wp\/v2\/pages\/5795\/revisions\/16461"}],"wp:attachment":[{"href":"https:\/\/oskoper.splet.arnes.si\/index.php?rest_route=%2Fwp%2Fv2%2Fmedia&parent=5795"}],"curies":[{"name":"wp","href":"https:\/\/api.w.org\/{rel}","templated":true}]}}