{"id":5065,"date":"2017-09-21T16:46:30","date_gmt":"2017-09-21T14:46:30","guid":{"rendered":"http:\/\/oskoper.splet.arnes.si\/?page_id=5065"},"modified":"2020-05-19T08:37:36","modified_gmt":"2020-05-19T06:37:36","slug":"projekt-bralna-pismenost-in-razvoj-slovenscine-objem","status":"publish","type":"page","link":"https:\/\/oskoper.splet.arnes.si\/?page_id=5065","title":{"rendered":"Projekt \u00bbBralna pismenost in razvoj sloven\u0161\u010dine \u2013 OBJEM\u00ab"},"content":{"rendered":"<table>\n<tbody>\n<tr>\n<td>\u00a0<a href=\"http:\/\/www.zrss.si\/\"><img loading=\"lazy\" decoding=\"async\" class=\"alignleft size-medium wp-image-14245\" src=\"http:\/\/oskoper.splet.arnes.si\/files\/2017\/09\/ZRSS_barvni_lezeci-300x52.jpg\" alt=\"\" width=\"300\" height=\"52\" srcset=\"https:\/\/oskoper.splet.arnes.si\/files\/2017\/09\/ZRSS_barvni_lezeci-300x52.jpg 300w, https:\/\/oskoper.splet.arnes.si\/files\/2017\/09\/ZRSS_barvni_lezeci-768x133.jpg 768w, https:\/\/oskoper.splet.arnes.si\/files\/2017\/09\/ZRSS_barvni_lezeci-650x113.jpg 650w, https:\/\/oskoper.splet.arnes.si\/files\/2017\/09\/ZRSS_barvni_lezeci.jpg 1009w\" sizes=\"(max-width: 300px) 100vw, 300px\" \/><\/a><\/td>\n<td><a href=\"http:\/\/www.mizs.gov.si\/\"><img loading=\"lazy\" decoding=\"async\" class=\"alignleft size-medium wp-image-9749\" src=\"http:\/\/oskoper.splet.arnes.si\/files\/2017\/02\/slovenija-300x71.jpg\" alt=\"\" width=\"300\" height=\"71\" srcset=\"https:\/\/oskoper.splet.arnes.si\/files\/2017\/02\/slovenija-300x71.jpg 300w, https:\/\/oskoper.splet.arnes.si\/files\/2017\/02\/slovenija.jpg 463w\" sizes=\"(max-width: 300px) 100vw, 300px\" \/><\/a><\/td>\n<td><a href=\"http:\/\/www.eu-skladi.si\/\"><img loading=\"lazy\" decoding=\"async\" class=\"alignleft size-medium wp-image-4053\" src=\"http:\/\/oskoper.splet.arnes.si\/files\/2016\/10\/Logo_ESS_barvni-300x124.jpg\" alt=\"\" width=\"300\" height=\"124\" srcset=\"https:\/\/oskoper.splet.arnes.si\/files\/2016\/10\/Logo_ESS_barvni-300x124.jpg 300w, https:\/\/oskoper.splet.arnes.si\/files\/2016\/10\/Logo_ESS_barvni-650x268.jpg 650w, https:\/\/oskoper.splet.arnes.si\/files\/2016\/10\/Logo_ESS_barvni.jpg 731w\" sizes=\"(max-width: 300px) 100vw, 300px\" \/><\/a><\/td>\n<td>\u00a0<a href=\"https:\/\/www.zrss.si\/objava\/projekt-objem\"><img loading=\"lazy\" decoding=\"async\" class=\"aligncenter wp-image-13843 size-medium\" src=\"http:\/\/oskoper.splet.arnes.si\/files\/2018\/04\/BannerESS_OBJEM-300x92.jpg\" alt=\"\" width=\"300\" height=\"92\" srcset=\"https:\/\/oskoper.splet.arnes.si\/files\/2018\/04\/BannerESS_OBJEM-300x92.jpg 300w, https:\/\/oskoper.splet.arnes.si\/files\/2018\/04\/BannerESS_OBJEM-650x200.jpg 650w, https:\/\/oskoper.splet.arnes.si\/files\/2018\/04\/BannerESS_OBJEM.jpg 700w\" sizes=\"(max-width: 300px) 100vw, 300px\" \/><\/a><\/td>\n<\/tr>\n<\/tbody>\n<\/table>\n<h3><\/h3>\n<h4>Kratek opis operacije<\/h4>\n<p>Cilji projekta je vzpostaviti oz. nadgraditi ustvarjalno in inovativno u\u010dno okolje za dvig splo\u0161nih kompetenc, vzpostaviti oz. nadgraditi celovito in u\u010dinkovito podporno okolje za oblikovanje, preizku\u0161anje in implementacijo pedago\u0161kih strategij, metod in oblik dela, ob strokovni podpori javnih visoko\u0161olskih zavodov in spremljati dejavnosti projekta ter evalvirati dose\u017eke.<\/p>\n<p>V projektu \u00bbBralna pismenost in razvoj sloven\u0161\u010dine \u2013 OBJEM\u00ab Osnovna \u0161ola Koper sodeluje kot konzorcijski partner Zavoda RS za \u0161olstvo. Deluje kot razvojni tim za bralno pismenost in razvoj sloven\u0161\u010dine.<\/p>\n<h4>Trajanje operacije: 4. 11. 2016 do 30. 6. 2022<\/h4>\n<p>Nalo\u017ebo sofinancirata Republika Slovenija in Evropska unija iz Evropskega socialnega sklada.<\/p>\n<h4>Finan\u010dna podpora:\u00a0skupna vi\u0161ina sredstev, namenjenih za izvedbo projekta, zna\u0161a 2.550.000,00 EUR.<\/h4>\n<h4>Sodelujo\u010di konzorcijski partnerji<\/h4>\n<p>Zavod Republike Slovenije za \u0161olstvo, Pedago\u0161ka fakulteta Ljubljana, Filozofska fakulteta Ljubljana, Fakulteta za ra\u010dunalni\u0161tvo in informatiko, Pedago\u0161ki in\u0161titut, Pedago\u0161ka fakulteta Maribor, Gimnazija in srednja \u0161ola Ko\u010devje, Gimnazija Ormo\u017e, GRM Novo mesto &#8211; Srednja \u0161ola za gostistvo in turizem, Osnovna \u0161ola Br\u0161ljin, Osnovna \u0161ola Dornberk, Osnovna \u0161ola Franceta Pre\u0161erna, Kranj, Osnovna \u0161ola Jo\u017eeta Krajca Rakek, Osnovna \u0161ola Kidri\u010devo, Osnovna \u0161ola Koper, Osnovna \u0161ola Ljube\u010dna, Osnovna \u0161ola Puconci, Prva O\u0160 Slovenj Gradec, Srednja ekonomska, storitvena in gradbena \u0161ola &#8211; \u0160olski center Kranj, Srednja \u0161ola Izola, Srednja \u0161ola Veno Pilon Ajdov\u0161\u010dina- program Pred\u0161olska vzgoja, Vrtec Anice \u010cernejeve, Vrtec Mladi rod, Vrtec pri O\u0160 Franceta Pre\u0161erna \u010cren\u0161ovci, Vrtec Ravne na Koro\u0161kem, Biotehni\u0161ki izobra\u017eevalni center Ljubljana, Ekonomska \u0161ola Murska Sobota, Gimnazija Gian Rinaldo Carli Koper, Gimnazija Jesenice, Gimnazija Koper, Gimnazija Litija, Gimnazija Murska Sobota, Gimnazija Novo mesto, Gimnazija \u0160kofja Loka, Gimnazija Tolmin, II. gimnazija Maribor, Izobra\u017eevalni center Piramida Maribor, Srednja \u0161ola za prehrano in \u017eivilstvo Maribor, Osnova \u0161ola Frana Erjavca Nova Gorica, Osnovna \u0161ola Du\u0161ana Muniha Most na So\u010di, Osnovna \u0161ola Fokovci, Osnovna \u0161ola Janka Glazerja Ru\u0161e, Osnovna \u0161ola Ka\u0161elj, Osnovna \u0161ola Mirna, Osnovna \u0161ola Mi\u0161ka Kranjca Velika Polana, Osnovna \u0161ola Pivka, Osnovna \u0161ola Sre\u010dka Kosovela Se\u017eana, Osnovna \u0161ola \u0160alovci, Osnovna \u0161ola \u0160martno v Tuhinju, Osnovna \u0161ola Vransko- Tabor, Srednja dvojezi\u010dna \u0161ola Lendava, Srednja ekonomska \u0161ola Maribor, \u0160C Nova Gorica- Biotehni\u0161ka \u0161ola, \u0160C Slovenj Gradec, Gimnazija, \u0160ola za hortikulturo in vizualne umetnosti Celje, \u0160olski center Celje Gimnazija Lava, Vrtec Nova Gorica, Vrtec Pedenjped Ljubljana, Vrtec pri O\u0160 Kri\u017eevci, Vrtec pri O\u0160 Muta, Vrtec pri O\u0160 Sredi\u0161\u010de ob Dravi, Vrtec Studenci Maribor, Vrtec \u0160kofja Loka, Vrtec Ton\u010dke \u010ce\u010deve, VVE pri O\u0160 Raka in Vzgojnoizobra\u017eevalni zavod vrtec Mavrica Izola<\/p>\n<p>Nalo\u017ebo sofinancirata Republika Slovenija in Evropska unija iz Evropskega socialnega sklada.<\/p>\n<h3>Related Images:<\/h3>","protected":false},"excerpt":{"rendered":"<p>\u00a0 \u00a0 Kratek opis operacije Cilji projekta je vzpostaviti oz. nadgraditi ustvarjalno in inovativno u\u010dno okolje za dvig splo\u0161nih kompetenc, vzpostaviti oz. nadgraditi celovito in u\u010dinkovito podporno okolje za oblikovanje, preizku\u0161anje in implementacijo pedago\u0161kih strategij, metod in oblik dela, ob strokovni podpori javnih visoko\u0161olskih zavodov in spremljati dejavnosti projekta ter evalvirati dose\u017eke. V projektu \u00bbBralna [&hellip;]<\/p>\n","protected":false},"author":9402,"featured_media":0,"parent":0,"menu_order":0,"comment_status":"closed","ping_status":"closed","template":"","meta":{"_et_pb_use_builder":"","_et_pb_old_content":"","_et_gb_content_width":"","ngg_post_thumbnail":0,"footnotes":""},"class_list":["post-5065","page","type-page","status-publish","hentry"],"publishpress_future_action":{"enabled":false,"date":"2026-05-23 05:14:33","action":"change-status","newStatus":"draft","terms":[],"taxonomy":"","extraData":[]},"publishpress_future_workflow_manual_trigger":{"enabledWorkflows":[]},"_links":{"self":[{"href":"https:\/\/oskoper.splet.arnes.si\/index.php?rest_route=\/wp\/v2\/pages\/5065","targetHints":{"allow":["GET"]}}],"collection":[{"href":"https:\/\/oskoper.splet.arnes.si\/index.php?rest_route=\/wp\/v2\/pages"}],"about":[{"href":"https:\/\/oskoper.splet.arnes.si\/index.php?rest_route=\/wp\/v2\/types\/page"}],"author":[{"embeddable":true,"href":"https:\/\/oskoper.splet.arnes.si\/index.php?rest_route=\/wp\/v2\/users\/9402"}],"replies":[{"embeddable":true,"href":"https:\/\/oskoper.splet.arnes.si\/index.php?rest_route=%2Fwp%2Fv2%2Fcomments&post=5065"}],"version-history":[{"count":8,"href":"https:\/\/oskoper.splet.arnes.si\/index.php?rest_route=\/wp\/v2\/pages\/5065\/revisions"}],"predecessor-version":[{"id":14265,"href":"https:\/\/oskoper.splet.arnes.si\/index.php?rest_route=\/wp\/v2\/pages\/5065\/revisions\/14265"}],"wp:attachment":[{"href":"https:\/\/oskoper.splet.arnes.si\/index.php?rest_route=%2Fwp%2Fv2%2Fmedia&parent=5065"}],"curies":[{"name":"wp","href":"https:\/\/api.w.org\/{rel}","templated":true}]}}