{"id":356,"date":"2016-10-11T12:58:19","date_gmt":"2016-10-11T10:58:19","guid":{"rendered":"http:\/\/oskoper.splet.arnes.si\/?page_id=356"},"modified":"2023-10-25T11:35:02","modified_gmt":"2023-10-25T09:35:02","slug":"vizitka","status":"publish","type":"page","link":"https:\/\/oskoper.splet.arnes.si\/?page_id=356","title":{"rendered":"Kontakt"},"content":{"rendered":"<p>[et_pb_section fb_built=&#8221;1&#8243; admin_label=&#8221;section&#8221; _builder_version=&#8221;4.16&#8243; global_colors_info=&#8221;{}&#8221;][et_pb_row admin_label=&#8221;Row&#8221; _builder_version=&#8221;4.16&#8243; background_size=&#8221;initial&#8221; background_position=&#8221;top_left&#8221; background_repeat=&#8221;repeat&#8221; global_colors_info=&#8221;{}&#8221;][et_pb_column type=&#8221;4_4&#8243; _builder_version=&#8221;4.16&#8243; custom_padding=&#8221;|||&#8221; global_colors_info=&#8221;{}&#8221; custom_padding__hover=&#8221;|||&#8221;][et_pb_text admin_label=&#8221;Text&#8221; _builder_version=&#8221;4.16&#8243; background_size=&#8221;initial&#8221; background_position=&#8221;top_left&#8221; background_repeat=&#8221;repeat&#8221; use_border_color=&#8221;off&#8221; border_color=&#8221;#ffffff&#8221; border_style=&#8221;solid&#8221; saved_tabs=&#8221;all&#8221; global_colors_info=&#8221;{}&#8221;]<\/p>\n<table style=\"height: 50px;background-color: #c7edb9\" width=\"762\">\n<tbody>\n<tr>\n<td>\n<h4>\u00a0VODSTVO \u0160OLE<\/h4>\n<\/td>\n<\/tr>\n<\/tbody>\n<\/table>\n<p>&nbsp;<br \/>\n[\/et_pb_text][et_pb_tabs admin_label=&#8221;Tabs&#8221; _builder_version=&#8221;4.18.0&#8243; background_size=&#8221;initial&#8221; background_position=&#8221;top_left&#8221; background_repeat=&#8221;repeat&#8221; use_border_color=&#8221;off&#8221; border_color=&#8221;#ffffff&#8221; border_style=&#8221;solid&#8221; global_colors_info=&#8221;{}&#8221;][et_pb_tab title=&#8221;Ravnateljica&#8221; _builder_version=&#8221;4.17.3&#8243; body_font=&#8221;||||&#8221; body_line_height=&#8221;2em&#8221; tab_font=&#8221;||||&#8221; tab_line_height=&#8221;2em&#8221; background_size=&#8221;initial&#8221; background_position=&#8221;top_left&#8221; background_repeat=&#8221;repeat&#8221; body_line_height_tablet=&#8221;2em&#8221; body_line_height_phone=&#8221;2em&#8221; tab_line_height_tablet=&#8221;2em&#8221; tab_line_height_phone=&#8221;2em&#8221; global_colors_info=&#8221;{}&#8221;]<\/p>\n<p>Ingrid Poropat, prof.<br \/>GSM: 041\/934-776<br \/>E-mail: <a href=\"ingrid.poropat@os-koper.si\">ingrid.poropat@os-koper.si<\/a><\/p>\n<p>ZOOM: <a href=\"https:\/\/arnes-si.zoom.us\/my\/ingridporopat\">https:\/\/arnes-si.zoom.us\/my\/ingridporopat<\/a><\/p>\n<p>[\/et_pb_tab][et_pb_tab title=&#8221;Pomo\u010dnica ravnateljice&#8221; _builder_version=&#8221;4.18.0&#8243; body_font=&#8221;||||&#8221; body_line_height=&#8221;2em&#8221; tab_font=&#8221;||||&#8221; tab_line_height=&#8221;2em&#8221; background_size=&#8221;initial&#8221; background_position=&#8221;top_left&#8221; background_repeat=&#8221;repeat&#8221; body_line_height_tablet=&#8221;2em&#8221; body_line_height_phone=&#8221;2em&#8221; tab_line_height_tablet=&#8221;2em&#8221; tab_line_height_phone=&#8221;2em&#8221; global_colors_info=&#8221;{}&#8221;]<\/p>\n<p>Niti Krota Bagari, prof.<br \/><span style=\"float: none;background-color: transparent;color: #666666;font-family: 'Open Sans',Arial,sans-serif;font-size: 14px;font-style: normal;font-variant: normal;font-weight: 500;letter-spacing: normal;text-align: left;text-decoration: none;text-indent: 0px\"><span style=\"color: #000000\">GSM: 051\/366-466<\/span><br \/><\/span>E-mail:&nbsp;<a href=\"mailto:niti.krota@os-koper.si\">niti.krota@os-koper.si<\/a><\/p>\n<p>[\/et_pb_tab][et_pb_tab title=&#8221;Pomo\u010dnica ravnateljice&#8221; _builder_version=&#8221;4.16&#8243; body_font=&#8221;||||&#8221; body_line_height=&#8221;2em&#8221; tab_font=&#8221;||||&#8221; tab_line_height=&#8221;2em&#8221; background_size=&#8221;initial&#8221; background_position=&#8221;top_left&#8221; background_repeat=&#8221;repeat&#8221; body_line_height_tablet=&#8221;2em&#8221; body_line_height_phone=&#8221;2em&#8221; tab_line_height_tablet=&#8221;2em&#8221; tab_line_height_phone=&#8221;2em&#8221; global_colors_info=&#8221;{}&#8221;]<\/p>\n<p>Tamara Bibalo Cerkveni\u010d, prof.<br \/> TEL: +386 56 638 104<br \/> E-mail: <a href=\"mailto:tamara.bibalo@os-koper.si\">tamara.bibalo@os-koper.si<\/a><\/p>\n<p>[\/et_pb_tab][\/et_pb_tabs][\/et_pb_column][\/et_pb_row][et_pb_row admin_label=&#8221;Row&#8221; _builder_version=&#8221;4.16&#8243; background_size=&#8221;initial&#8221; background_position=&#8221;top_left&#8221; background_repeat=&#8221;repeat&#8221; global_colors_info=&#8221;{}&#8221;][et_pb_column type=&#8221;4_4&#8243; _builder_version=&#8221;4.16&#8243; custom_padding=&#8221;|||&#8221; global_colors_info=&#8221;{}&#8221; custom_padding__hover=&#8221;|||&#8221;][et_pb_text admin_label=&#8221;Text&#8221; _builder_version=&#8221;4.16&#8243; background_size=&#8221;initial&#8221; background_position=&#8221;top_left&#8221; background_repeat=&#8221;repeat&#8221; use_border_color=&#8221;off&#8221; border_color=&#8221;#ffffff&#8221; border_style=&#8221;solid&#8221; global_colors_info=&#8221;{}&#8221;]<\/p>\n<table style=\"height: 50px;background-color: #c7edb9\" width=\"762\">\n<tbody>\n<tr>\n<td>\n<h4>\u00a0TAJNI\u0160TVO IN RA\u010cUNOVODSTVO<\/h4>\n<\/td>\n<\/tr>\n<\/tbody>\n<\/table>\n<p>&nbsp;<br \/>\n[\/et_pb_text][et_pb_tabs admin_label=&#8221;Tabs&#8221; _builder_version=&#8221;4.18.0&#8243; background_size=&#8221;initial&#8221; background_position=&#8221;top_left&#8221; background_repeat=&#8221;repeat&#8221; hover_enabled=&#8221;0&#8243; use_border_color=&#8221;off&#8221; border_color=&#8221;#ffffff&#8221; border_style=&#8221;solid&#8221; global_colors_info=&#8221;{}&#8221; sticky_enabled=&#8221;0&#8243;][et_pb_tab title=&#8221;Poslovna sekretarka&#8221; _builder_version=&#8221;4.18.0&#8243; body_font=&#8221;||||&#8221; body_line_height=&#8221;2em&#8221; tab_font=&#8221;||||&#8221; tab_line_height=&#8221;2em&#8221; background_size=&#8221;initial&#8221; background_position=&#8221;top_left&#8221; background_repeat=&#8221;repeat&#8221; hover_enabled=&#8221;0&#8243; body_line_height_tablet=&#8221;2em&#8221; body_line_height_phone=&#8221;2em&#8221; tab_line_height_tablet=&#8221;2em&#8221; tab_line_height_phone=&#8221;2em&#8221; global_colors_info=&#8221;{}&#8221; sticky_enabled=&#8221;0&#8243;]<\/p>\n<p>Karen Kova\u010d<br \/>Tel: +38656638101<br \/>E-mail: <a href=\"mailto:karen.kovac@os-koper.si\">karen.kovac@os-koper.si<\/a><\/p>\n<p>[\/et_pb_tab][et_pb_tab title=&#8221;Administratorka&#8221; _builder_version=&#8221;4.18.0&#8243; body_font=&#8221;||||&#8221; body_line_height=&#8221;2em&#8221; tab_font=&#8221;||||&#8221; tab_line_height=&#8221;2em&#8221; background_size=&#8221;initial&#8221; background_position=&#8221;top_left&#8221; background_repeat=&#8221;repeat&#8221; hover_enabled=&#8221;0&#8243; body_line_height_tablet=&#8221;2em&#8221; body_line_height_phone=&#8221;2em&#8221; tab_line_height_tablet=&#8221;2em&#8221; tab_line_height_phone=&#8221;2em&#8221; global_colors_info=&#8221;{}&#8221; sticky_enabled=&#8221;0&#8243;]<\/p>\n<p>Milena Sko\u010dir<br \/>Tel: +38656638100<\/p>\n<p>E-mail: <a href=\"mailto:milena.skocir@os-koper.si\">milena.skocir@os-koper.si<\/a><\/p>\n<p>[\/et_pb_tab][et_pb_tab title=&#8221;Glavni knjigovodja&#8221; _builder_version=&#8221;4.18.0&#8243; body_font=&#8221;||||&#8221; body_line_height=&#8221;2em&#8221; tab_font=&#8221;||||&#8221; tab_line_height=&#8221;2em&#8221; background_size=&#8221;initial&#8221; background_position=&#8221;top_left&#8221; background_repeat=&#8221;repeat&#8221; body_line_height_tablet=&#8221;2em&#8221; body_line_height_phone=&#8221;2em&#8221; tab_line_height_tablet=&#8221;2em&#8221; tab_line_height_phone=&#8221;2em&#8221; global_colors_info=&#8221;{}&#8221;]<\/p>\n<p>Tanja \u0160travs Islamovi\u010d<br \/>Tel: +38656638111<br \/>E-mail:<a href=\"mailto:tanja.si@os-koper.si\"> tanja.si@os-koper.si<\/a><\/p>\n<p>[\/et_pb_tab][et_pb_tab title=&#8221;Knjigovodja&#8221; _builder_version=&#8221;4.18.0&#8243; _module_preset=&#8221;default&#8221; global_colors_info=&#8221;{}&#8221;]<\/p>\n<p>Aleksandra \u010cokelj<\/p>\n<p>Tel: +38656638215<\/p>\n<p>E-mail: <a href=\"mailto:aleksandra.cokelj@os-koper.si\">aleksandra.cokelj@os-koper.si<\/a><\/p>\n<p>&nbsp;<\/p>\n<p>[\/et_pb_tab][et_pb_tab title=&#8221;Ra\u010dunovodja&#8221; _builder_version=&#8221;4.18.0&#8243; _module_preset=&#8221;default&#8221; global_colors_info=&#8221;{}&#8221;]<\/p>\n<p>Bernarda Jermani\u0161<\/p>\n<p>E-mail: <a href=\"mailto:bernarda.jermanis@os-koper.si\">bernarda.jermanis@os-koper.si<\/a><\/p>\n<p>&nbsp;<\/p>\n<h4>Obra\u010dun prehrane<\/h4>\n<p>Tanja \u0160travs Islamovi\u010d<br \/>Tel: +38656638111<br \/>E-mail:<a href=\"mailto:tanja.si@os-koper.si\"> tanja.si@os-koper.si<\/a><\/p>\n<p>&nbsp;<\/p>\n<p>[\/et_pb_tab][\/et_pb_tabs][\/et_pb_column][\/et_pb_row][et_pb_row column_structure=&#8221;1_2,1_2&#8243; admin_label=&#8221;row&#8221; _builder_version=&#8221;4.16&#8243; background_size=&#8221;initial&#8221; background_position=&#8221;top_left&#8221; background_repeat=&#8221;repeat&#8221; global_colors_info=&#8221;{}&#8221;][et_pb_column type=&#8221;1_2&#8243; _builder_version=&#8221;4.16&#8243; custom_padding=&#8221;|||&#8221; global_colors_info=&#8221;{}&#8221; custom_padding__hover=&#8221;|||&#8221;][et_pb_accordion open_toggle_background_color=&#8221;rgba(129,215,66,0.39)&#8221; admin_label=&#8221;Accordion&#8221; _builder_version=&#8221;4.16&#8243; toggle_font=&#8221;|on|||&#8221; use_border_color=&#8221;off&#8221; border_color=&#8221;#ffffff&#8221; border_style=&#8221;solid&#8221; global_colors_info=&#8221;{}&#8221;][et_pb_accordion_item title=&#8221;Interni telefonski imenik&#8221; open=&#8221;on&#8221; _builder_version=&#8221;4.16&#8243; global_colors_info=&#8221;{}&#8221;]<a href=\"http:\/\/oskoper.splet.arnes.si\/files\/2015\/09\/Interni_telefonski_imenik_Osnovne_\u0161ole_Koper.pdf\">Interni telefonski imenik<\/a>[\/et_pb_accordion_item][et_pb_accordion_item title=&#8221;VIZITKA \u0160OLE&#8221; open_toggle_background_color=&#8221;rgba(129,215,66,0.32)&#8221; _builder_version=&#8221;4.16&#8243; global_colors_info=&#8221;{}&#8221; open=&#8221;off&#8221;]<\/p>\n<h3><i><span style=\"color: #000000;font-family: Calibri;font-size: medium\">Naziv: <\/span><\/i><b><span style=\"color: #000000;font-family: Calibri;font-size: medium\">OSNOVNA \u0160OLA KOPER<\/span><\/b><\/h3>\n<p><b><span style=\"color: #000000;font-family: Calibri;font-size: medium\">SCUOLA ELEMENTARE CAPODISTRIA<\/span><\/b><\/p>\n<p><i><span style=\"color: #000000;font-family: Calibri;font-size: medium\">Naslov: <\/span><\/i><a href=\"https:\/\/www.google.si\/maps\/place\/Cesta+Zore+Perello+-+Godina+1,+6000+Koper+-+Capodistria\/@45.5430286,13.7259192,17z\/data=!3m1!4b1!4m5!3m4!1s0x477b6897711b4463:0x906db6ef8174fe2c!8m2!3d45.5430249!4d13.7281079?hl=sl\"><span style=\"color: #000000;font-family: Calibri;font-size: medium\">Cesta Zore Perello <\/span><span lang=\"EN-US\"><span style=\"color: #000000;font-family: Calibri;font-size: medium\">\u2013<\/span><\/span><span style=\"color: #000000;font-family: Calibri;font-size: medium\"> Godina 1, 6000 Koper &#8211; Capodistria<\/span><\/a><\/p>\n<p><i><span style=\"color: #000000;font-family: Calibri;font-size: medium\">Mati\u010dna \u0161tevilka: <\/span><\/i><span style=\"color: #000000;font-family: Calibri;font-size: medium\">2229463<\/span><\/p>\n<p><i><span style=\"color: #000000;font-family: Calibri;font-size: medium\">Dav\u010dna \u0161tevilka: <\/span><\/i><span style=\"color: #000000;font-family: Calibri;font-size: medium\">25866702<\/span><\/p>\n<p><i><span style=\"color: #000000;font-family: Calibri;font-size: medium\">ID za DDV: <\/span><\/i><span style=\"color: #000000;font-family: Calibri;font-size: medium\">SI25866702<\/span><\/p>\n<p><i><span style=\"color: #000000;font-family: Calibri;font-size: medium\">TR.R.: <\/span><\/i><span style=\"color: #000000;font-family: Calibri;font-size: medium\">01250- 6000000627<\/span><\/p>\n<p><span style=\"color: #000000;font-family: Calibri;font-size: medium\">Spletna stran Osnovne \u0161ole Koper: http:\/\/www.os-koper.si\/<\/span><br \/>\n[\/et_pb_accordion_item][\/et_pb_accordion][\/et_pb_column][et_pb_column type=&#8221;1_2&#8243; _builder_version=&#8221;4.16&#8243; custom_padding=&#8221;|||&#8221; global_colors_info=&#8221;{}&#8221; custom_padding__hover=&#8221;|||&#8221;][et_pb_text admin_label=&#8221;Text&#8221; _builder_version=&#8221;4.16&#8243; background_size=&#8221;initial&#8221; background_position=&#8221;top_left&#8221; background_repeat=&#8221;repeat&#8221; text_orientation=&#8221;center&#8221; module_alignment=&#8221;center&#8221; use_border_color=&#8221;off&#8221; border_color=&#8221;#ffffff&#8221; border_style=&#8221;solid&#8221; global_colors_info=&#8221;{}&#8221;]<\/p>\n<h2 style=\"text-align: left\"><a href=\"https:\/\/goo.gl\/maps\/k7ucxths7pD2\"><img loading=\"lazy\" decoding=\"async\" class=\"size-medium wp-image-8967 aligncenter\" src=\"http:\/\/oskoper.splet.arnes.si\/files\/2016\/10\/zemljevid-300x210.png\" alt=\"\" width=\"300\" height=\"210\" srcset=\"https:\/\/oskoper.splet.arnes.si\/files\/2016\/10\/zemljevid-300x210.png 300w, https:\/\/oskoper.splet.arnes.si\/files\/2016\/10\/zemljevid-768x537.png 768w, https:\/\/oskoper.splet.arnes.si\/files\/2016\/10\/zemljevid-650x455.png 650w, https:\/\/oskoper.splet.arnes.si\/files\/2016\/10\/zemljevid.png 938w\" sizes=\"(max-width: 300px) 100vw, 300px\" \/><\/a><\/h2>\n<p>[\/et_pb_text][et_pb_text admin_label=&#8221;Text&#8221; _builder_version=&#8221;4.16&#8243; background_size=&#8221;initial&#8221; background_position=&#8221;top_left&#8221; background_repeat=&#8221;repeat&#8221; use_border_color=&#8221;off&#8221; border_color=&#8221;#ffffff&#8221; border_style=&#8221;solid&#8221; global_colors_info=&#8221;{}&#8221;][\/et_pb_text][\/et_pb_column][\/et_pb_row][\/et_pb_section]<\/p>\n<h3>Related Images:<\/h3>","protected":false},"excerpt":{"rendered":"<p>\u00a0VODSTVO \u0160OLE &nbsp; Ingrid Poropat, prof.GSM: 041\/934-776E-mail: ingrid.poropat@os-koper.si ZOOM: https:\/\/arnes-si.zoom.us\/my\/ingridporopatNiti Krota Bagari, prof.GSM: 051\/366-466E-mail:&nbsp;niti.krota@os-koper.siTamara Bibalo Cerkveni\u010d, prof. TEL: +386 56 638 104 E-mail: tamara.bibalo@os-koper.si \u00a0TAJNI\u0160TVO IN RA\u010cUNOVODSTVO &nbsp; Karen Kova\u010dTel: +38656638101E-mail: karen.kovac@os-koper.siMilena Sko\u010dirTel: +38656638100 E-mail: milena.skocir@os-koper.siTanja \u0160travs Islamovi\u010dTel: +38656638111E-mail: tanja.si@os-koper.siAleksandra \u010cokelj Tel: +38656638215 E-mail: aleksandra.cokelj@os-koper.si &nbsp;Bernarda Jermani\u0161 E-mail: bernarda.jermanis@os-koper.si &nbsp; Obra\u010dun prehrane Tanja \u0160travs Islamovi\u010dTel: [&hellip;]<\/p>\n","protected":false},"author":9402,"featured_media":0,"parent":0,"menu_order":7,"comment_status":"closed","ping_status":"open","template":"","meta":{"_et_pb_use_builder":"on","_et_pb_old_content":"<img class=\" size-full wp-image-127 alignleft\" src=\"http:\/\/oskoper.splet.arnes.si\/files\/2015\/09\/logo3.png\" alt=\"logo3\" width=\"117\" height=\"77\" \/>\r\n<table style=\"border-color: #a3a0a0\" cellspacing=\"5\">\r\n<tbody>\r\n<tr style=\"border-color: #918c8c\">\r\n<td>\u00a0<strong>Naslov:<\/strong> CESTA ZORE PERELLO GODINA 1, 6000, Koper<\/td>\r\n<\/tr>\r\n<tr style=\"border-color: #918c8c\">\r\n<td>\u00a0<strong>Tel:<\/strong> +38656638100<\/td>\r\n<\/tr>\r\n<tr style=\"border-color: #918c8c\">\r\n<td>\u00a0<a href=\"http:\/\/oskoper.splet.arnes.si\/files\/2015\/09\/Interni_telefonski_imenik_Osnovne_%C5%A1ole_Koper.pdf\">Interni telefonski imenik<\/a><\/td>\r\n<\/tr>\r\n<tr style=\"border-color: #918c8c\">\r\n<td>\u00a0<strong>e-mail:<\/strong> <a href=\"mailto:tajnistvo@os-koper.si\">tajnistvo@os-koper.si<\/a><\/td>\r\n<\/tr>\r\n<\/tbody>\r\n<\/table>\r\n\u00a0","_et_gb_content_width":"","ngg_post_thumbnail":0,"footnotes":"","_expiration-date-status":"","_expiration-date":0,"_expiration-date-type":"","_expiration-date-categories":[],"_expiration-date-options":[]},"class_list":["post-356","page","type-page","status-publish","hentry"],"_links":{"self":[{"href":"https:\/\/oskoper.splet.arnes.si\/index.php?rest_route=\/wp\/v2\/pages\/356","targetHints":{"allow":["GET"]}}],"collection":[{"href":"https:\/\/oskoper.splet.arnes.si\/index.php?rest_route=\/wp\/v2\/pages"}],"about":[{"href":"https:\/\/oskoper.splet.arnes.si\/index.php?rest_route=\/wp\/v2\/types\/page"}],"author":[{"embeddable":true,"href":"https:\/\/oskoper.splet.arnes.si\/index.php?rest_route=\/wp\/v2\/users\/9402"}],"replies":[{"embeddable":true,"href":"https:\/\/oskoper.splet.arnes.si\/index.php?rest_route=%2Fwp%2Fv2%2Fcomments&post=356"}],"version-history":[{"count":97,"href":"https:\/\/oskoper.splet.arnes.si\/index.php?rest_route=\/wp\/v2\/pages\/356\/revisions"}],"predecessor-version":[{"id":27535,"href":"https:\/\/oskoper.splet.arnes.si\/index.php?rest_route=\/wp\/v2\/pages\/356\/revisions\/27535"}],"wp:attachment":[{"href":"https:\/\/oskoper.splet.arnes.si\/index.php?rest_route=%2Fwp%2Fv2%2Fmedia&parent=356"}],"curies":[{"name":"wp","href":"https:\/\/api.w.org\/{rel}","templated":true}]}}