{"id":3357,"date":"2017-04-10T13:20:30","date_gmt":"2017-04-10T11:20:30","guid":{"rendered":"http:\/\/oskoper.splet.arnes.si\/?page_id=3357"},"modified":"2024-03-15T07:51:40","modified_gmt":"2024-03-15T06:51:40","slug":"izbirni-predmeti","status":"publish","type":"page","link":"https:\/\/oskoper.splet.arnes.si\/?page_id=3357","title":{"rendered":"Izbirni predmeti"},"content":{"rendered":"<p>[et_pb_section fb_built=&#8221;1&#8243; fullwidth=&#8221;on&#8221; admin_label=&#8221;Section&#8221; _builder_version=&#8221;4.16&#8243; background_color=&#8221;rgba(255,255,255,0)&#8221; transparent_background=&#8221;on&#8221; global_colors_info=&#8221;{}&#8221;][et_pb_fullwidth_menu menu_id=&#8221;45&#8243; submenu_direction=&#8221;downwards&#8221; fullwidth_menu=&#8221;off&#8221; active_link_color=&#8221;#dd3333&#8243; admin_label=&#8221;Fullwidth Menu&#8221; _builder_version=&#8221;4.16&#8243; menu_font=&#8221;|on|||&#8221; menu_text_color=&#8221;#31661f&#8221; background_color=&#8221;rgba(96,188,60,0)&#8221; text_orientation=&#8221;justified&#8221; saved_tabs=&#8221;all&#8221; global_colors_info=&#8221;{}&#8221;][\/et_pb_fullwidth_menu][\/et_pb_section][et_pb_section fb_built=&#8221;1&#8243; admin_label=&#8221;Section&#8221; _builder_version=&#8221;4.16&#8243; global_colors_info=&#8221;{}&#8221;][et_pb_row admin_label=&#8221;Row&#8221; _builder_version=&#8221;4.16&#8243; background_size=&#8221;initial&#8221; background_position=&#8221;top_left&#8221; background_repeat=&#8221;repeat&#8221; global_colors_info=&#8221;{}&#8221;][et_pb_column type=&#8221;4_4&#8243; _builder_version=&#8221;4.16&#8243; custom_padding=&#8221;|||&#8221; global_colors_info=&#8221;{}&#8221; custom_padding__hover=&#8221;|||&#8221;][et_pb_text admin_label=&#8221;Text&#8221; _builder_version=&#8221;4.23.4&#8243; background_size=&#8221;initial&#8221; background_position=&#8221;top_left&#8221; background_repeat=&#8221;repeat&#8221; hover_enabled=&#8221;0&#8243; use_border_color=&#8221;off&#8221; border_color=&#8221;#ffffff&#8221; border_style=&#8221;solid&#8221; global_colors_info=&#8221;{}&#8221; sticky_enabled=&#8221;0&#8243;]<\/p>\n<p style=\"text-align: justify\">V skladu z dolo\u010dbami Zakona o osnovni \u0161oli (UL RS, \u0161t. 12\/96\u00a0 in spremembe) Osnovna \u0161ola Koper za u\u010dence od 7. do 9. razreda izvaja pouk obveznih izbirnih predmetov, od 4. do 9. razreda tudi neobvezne izbirne predmete.<\/p>\n<p><a href=\"https:\/\/oskoper.splet.arnes.si\/files\/2024\/03\/VODNIK-po-obveznih-in-neobveznih-izbirnih-predmetih.pdf\"><img loading=\"lazy\" decoding=\"async\" src=\"https:\/\/oskoper.splet.arnes.si\/files\/2024\/03\/vodnik2425.jpg\" width=\"419\" height=\"283\" alt=\"\" class=\"wp-image-28714 alignnone size-full\" style=\"float: right\" \/><\/a><\/p>\n<p class=\"title style-scope ytd-video-primary-info-renderer\"><a href=\"https:\/\/oskoper.splet.arnes.si\/files\/2024\/03\/Obvestilo-izbirni-predmeti.pdf\" rel=\"attachment wp-att-28717\">Obvestilo -izbirni predmeti<\/a><\/p>\n<p class=\"title style-scope ytd-video-primary-info-renderer\"><strong><\/strong><\/p>\n<p class=\"title style-scope ytd-video-primary-info-renderer\"><strong>Navodila<\/strong><\/p>\n<p class=\"title style-scope ytd-video-primary-info-renderer\"><a href=\"https:\/\/youtu.be\/o1LviUzs4Bs\">Oddaja izbirnih predmetov v eAsistentu za star\u0161e<\/a><\/p>\n<p class=\"title style-scope ytd-video-primary-info-renderer\"><a href=\"https:\/\/www.youtube.com\/watch?v=owXU3wqQlJc\">Oddaja neobveznih izbirnih predmetov v eAsistentu za star\u0161e<\/a><\/p>\n<p class=\"title style-scope ytd-video-primary-info-renderer\">[\/et_pb_text][\/et_pb_column][\/et_pb_row][\/et_pb_section][et_pb_section fb_built=&#8221;1&#8243; admin_label=&#8221;section&#8221; _builder_version=&#8221;4.16&#8243; global_colors_info=&#8221;{}&#8221;][et_pb_row column_structure=&#8221;1_2,1_2&#8243; admin_label=&#8221;Row&#8221; _builder_version=&#8221;4.16&#8243; background_size=&#8221;initial&#8221; background_position=&#8221;top_left&#8221; background_repeat=&#8221;repeat&#8221; global_colors_info=&#8221;{}&#8221;][et_pb_column type=&#8221;1_2&#8243; _builder_version=&#8221;4.16&#8243; custom_padding=&#8221;|||&#8221; global_colors_info=&#8221;{}&#8221; custom_padding__hover=&#8221;|||&#8221;][et_pb_toggle title=&#8221;Obvezni izbirni predmeti&#8221; icon_color=&#8221;#e02b20&#8243; open_icon_color=&#8221;#e02b20&#8243; admin_label=&#8221;Toggle&#8221; _builder_version=&#8221;4.23.4&#8243; title_font_size=&#8221;17&#8243; background_size=&#8221;initial&#8221; background_position=&#8221;top_left&#8221; background_repeat=&#8221;repeat&#8221; border_width_all=&#8221;1px&#8221; border_color_all=&#8221;#e02b20&#8243; border_style_all=&#8221;solid&#8221; use_border_color=&#8221;on&#8221; border_color=&#8221;#e02b20&#8243; border_style=&#8221;solid&#8221; global_colors_info=&#8221;{}&#8221;]<\/p>\n<p class=\"entry-title main_title\">V 7., 8. in 9. razredu imajo u\u010denci poleg predmetov, ki so obvezni za vse, tudi izbirne predmete.<\/p>\n<div class=\"entry-content\">\n<p>U\u010denec izbere dve uri pouka izbirnih predmetov teden\u00adsko, lahko pa tudi tri ure, \u010de s tem sogla\u0161ajo njegovi star\u0161i. Predmete, ki jih izbere, mora obiskovati celo \u0161olsko leto.<\/p>\n<p>Obvezni izbirni predmeti se ocenjujejo tako kot obvezni predmeti v skladu s Pravilnikom o preverjanju in ocenjevanju znanja ter napredovanju u\u010dencev v O\u0160.<\/p>\n<p>OPROSTITEV SODELOVANJA PRI OBVEZNIH IZBIRNIH PREDMETIH<\/p>\n<p>U\u010denec, ki obiskuje glasbeno \u0161olo z javno veljavnim programom, je lahko opro\u0161\u010den sodelovanja pri izbirnih predmetih. U\u010denec je lahko v celoti opro\u0161\u010den sodelovanja pri izbirnih predmetih ali pa le pri eni uri tedensko. O nameravani oprostitvi se \u0161olo seznani vsako leto ob postopku izbire.<\/p>\n<p>Star\u0161i po junijskem roku za vpis v glasbeno \u0161olo za naslednje \u0161olsko leto osnovni \u0161oli posredujejo pisno vlogo, ki ji prilo\u017eijo potrdilo o vpisu njihovega otroka v glasbeno \u0161olo z javno veljavnim programom. V vlogi je potrebno navesti predlog o tem, ali bo u\u010denec opro\u0161\u010den pouka izbirnih predmetov v celoti ali le eno uro tedensko. Ravnatelj v skladu z dolo\u010dbami zakona, ki ureja splo\u0161ni upravni postopek, odlo\u010di o oprostitvi za posamezno \u0161olsko leto. Za u\u010dence, ki se v glasbeno \u0161olo vpisujejo naknadno v avgustu, star\u0161i posredujejo vlogo najkasneje do 31. avgusta.<\/p>\n<p>PRILOGE:<\/p>\n<ul>\n<li><a href=\"https:\/\/oskoper.splet.arnes.si\/files\/2024\/03\/VODNIK-po-obveznih-in-neobveznih-izbirnih-predmetih.pdf\" rel=\"attachment wp-att-12623\">Vodnik po obveznih in neobveznih izbirnih predmetih za \u0161olsko leto 2024\/2025<\/a><\/li>\n<li><a href=\"http:\/\/oskoper.splet.arnes.si\/files\/2017\/04\/VLOGA-OPROSTITEV.pdf\">Obrazec pisne vloge za oprostitev sodelovanja pri OIP<\/a><\/li>\n<li><a href=\"https:\/\/oskoper.splet.arnes.si\/files\/2024\/03\/Prijavnica-OIP-7.-razred.pdf\" rel=\"attachment wp-att-28708\">Prijavnica OIP- 7. razred<\/a><\/li>\n<li><a href=\"https:\/\/oskoper.splet.arnes.si\/files\/2024\/03\/Prijavnica-OIP-8.-razred.pdf\" rel=\"attachment wp-att-28709\">Prijavnica OIP- 8. razred<\/a><\/li>\n<li><a href=\"https:\/\/oskoper.splet.arnes.si\/files\/2024\/03\/Prijavnica-OIP-9.-razred.pdf\" rel=\"attachment wp-att-28710\">Prijavnica OIP- 9. razred<\/a><\/li>\n<\/ul>\n<p>&nbsp;<\/p>\n<\/div>\n<p>[\/et_pb_toggle][\/et_pb_column][et_pb_column type=&#8221;1_2&#8243; _builder_version=&#8221;4.16&#8243; custom_padding=&#8221;|||&#8221; global_colors_info=&#8221;{}&#8221; custom_padding__hover=&#8221;|||&#8221;][et_pb_toggle title=&#8221;Neobvezni izbirni predmeti&#8221; icon_color=&#8221;#59b71f&#8221; open_icon_color=&#8221;#59b71f&#8221; admin_label=&#8221;Toggle&#8221; _builder_version=&#8221;4.23.4&#8243; title_font_size=&#8221;17&#8243; background_size=&#8221;initial&#8221; background_position=&#8221;top_left&#8221; background_repeat=&#8221;repeat&#8221; border_width_all=&#8221;1px&#8221; border_color_all=&#8221;#59b71f&#8221; border_style_all=&#8221;solid&#8221; use_border_color=&#8221;on&#8221; border_color=&#8221;#59b71f&#8221; border_style=&#8221;solid&#8221; saved_tabs=&#8221;all&#8221; global_colors_info=&#8221;{}&#8221;]<\/p>\n<ul>\n<li><a href=\"https:\/\/oskoper.splet.arnes.si\/files\/2024\/03\/Obvestilo-za-starse-NIP-od-4.-6.r.pdf\" rel=\"attachment wp-att-28711\">Obvestilo za star\u0161e NIP od 4.-6. razred<\/a><\/li>\n<li><a href=\"https:\/\/oskoper.splet.arnes.si\/files\/2024\/03\/PRIJAVNICA-ZA-NEOBVEZNE-IZBIRNE-PREDMETE-4.-6.r.pdf\" rel=\"attachment wp-att-28712\">Prijavnica za neobvezne izbirne predmete 4.-6. razred<\/a><\/li>\n<\/ul>\n<div class=\"entry-content\"><div class='et-learn-more clearfix'>\n\t\t\t\t\t<h3 class='heading-more'>\u0160tevilo ur, ki so namenjene izbirnim predmetom<span class='et_learnmore_arrow'><span><\/span><\/span><\/h3>\n\t\t\t\t\t<div class='learn-more-content'>V skladu s predmetnikom se neobvezni izbirni predmeti\u00a0 \u0161port, umetnost, tehnika in ra\u010dunalni\u0161tvo izvajajo po\u00a0eno uro\u00a0tedensko, drugi tuji jezik pa se izvaja\u00a0dve uri\u00a0tedensko.\u00a0<\/div>\n\t\t\t\t<\/div><div class='et-learn-more clearfix'>\n\t\t\t\t\t<h3 class='heading-more'>\u0160tevilo ur, ki jih u\u010denec lahko izbere<span class='et_learnmore_arrow'><span><\/span><\/span><\/h3>\n\t\t\t\t\t<div class='learn-more-content'>U\u010denci lahko izberejo\u00a0najve\u010d dve uri\u00a0pouka neobveznih izbirnih predmetov. Ko u\u010denec neobvezni izbirni predmet izbere, ga\u00a0mora obiskovati do konca \u0161olskega leta.<\/div>\n\t\t\t\t<\/div><div class='et-learn-more clearfix'>\n\t\t\t\t\t<h3 class='heading-more'>Ocenjevanje neobveznih izbirnih predmetov<span class='et_learnmore_arrow'><span><\/span><\/span><\/h3>\n\t\t\t\t\t<div class='learn-more-content'>Neobvezni izbirni predmeti se ocenjujejo tako kot obvezni predmeti v skladu s Pravilnikom o preverjanju in ocenjevanju ter napredovanju u\u010dencev v O\u0160.<\/div>\n\t\t\t\t<\/div><div class='et-learn-more clearfix'>\n\t\t\t\t\t<h3 class='heading-more'>Odstotnost pri neobveznih izbirnih predmetih<span class='et_learnmore_arrow'><span><\/span><\/span><\/h3>\n\t\t\t\t\t<div class='learn-more-content'>Vsako odsotnost pri neobveznih izbirnih predmetih morajo star\u0161i opravi\u010diti.<\/div>\n\t\t\t\t<\/div><\/div>\n<div class=\"entry-content\"><div class='et-learn-more clearfix'>\n\t\t\t\t\t<h3 class='heading-more'>Normativi za oblikovanje skupin<span class='et_learnmore_arrow'><span><\/span><\/span><\/h3>\n\t\t\t\t\t<div class='learn-more-content'>V posamezni skupini neobveznega izbirnega predmeta je lahko najve\u010d 28 u\u010dencev, razen pri tehniki in \u0161portu, kjer je lahko najve\u010d 20 u\u010dencev na skupino. U\u010dne skupine pri pouku neobveznih izbirnih predmetov se bodo oblikovale iz u\u010dencev drugega oziroma tretjega vzgojno-izobra\u017eevalnega obdobja.<\/div>\n\t\t\t\t<\/div><\/div>\n<div class=\"entry-content\"><div class='et-learn-more clearfix'>\n\t\t\t\t\t<h3 class='heading-more'>Menjava neobveznega izbirnega predmeta<span class='et_learnmore_arrow'><span><\/span><\/span><\/h3>\n\t\t\t\t\t<div class='learn-more-content'>Na za\u010detku \u0161olskega leta imajo u\u010denci en mesec \u010dasa za popravek svoje izbire, vendar le \u010de sprememba\u00a0ne ogrozi obstoja skupine. V tem primeru se lahko vklju\u010dijo v skupino, kjer je \u0161e prostor in je izbira usklajena z njihovim urnikom.<\/div>\n\t\t\t\t<\/div><\/div>\n<div class=\"entry-content\"><div class='et-learn-more clearfix'>\n\t\t\t\t\t<h3 class='heading-more'>Urnik neobveznih izbirnih predmetov<span class='et_learnmore_arrow'><span><\/span><\/span><\/h3>\n\t\t\t\t\t<div class='learn-more-content'>Neobvezni izbirni predmeti sodijo v raz\u0161irjen program \u0161ole, zato ti predmeti niso uvr\u0161\u010deni v urnik med obvezne predmete in se bodo izvajali v\u00a0predurah ali 6. oziroma 7. \u0161olsko uro. Nekateri predmeti se bodo izvajali v obliki\u00a0blok ur na 14 dni.<\/div>\n\t\t\t\t<\/div><\/div>\n<p>[\/et_pb_toggle][\/et_pb_column][\/et_pb_row][\/et_pb_section]<\/p>\n<h3>Related Images:<\/h3>","protected":false},"excerpt":{"rendered":"<p>V skladu z dolo\u010dbami Zakona o osnovni \u0161oli (UL RS, \u0161t. 12\/96\u00a0 in spremembe) Osnovna \u0161ola Koper za u\u010dence od 7. do 9. razreda izvaja pouk obveznih izbirnih predmetov, od 4. do 9. razreda tudi neobvezne izbirne predmete. Obvestilo -izbirni predmeti Navodila Oddaja izbirnih predmetov v eAsistentu za star\u0161e Oddaja neobveznih izbirnih predmetov v eAsistentu [&hellip;]<\/p>\n","protected":false},"author":9402,"featured_media":0,"parent":1557,"menu_order":0,"comment_status":"closed","ping_status":"closed","template":"","meta":{"_et_pb_use_builder":"on","_et_pb_old_content":"","_et_gb_content_width":"","ngg_post_thumbnail":0,"footnotes":"","_expiration-date-status":"","_expiration-date":0,"_expiration-date-type":"","_expiration-date-categories":[],"_expiration-date-options":[]},"class_list":["post-3357","page","type-page","status-publish","hentry"],"_links":{"self":[{"href":"https:\/\/oskoper.splet.arnes.si\/index.php?rest_route=\/wp\/v2\/pages\/3357","targetHints":{"allow":["GET"]}}],"collection":[{"href":"https:\/\/oskoper.splet.arnes.si\/index.php?rest_route=\/wp\/v2\/pages"}],"about":[{"href":"https:\/\/oskoper.splet.arnes.si\/index.php?rest_route=\/wp\/v2\/types\/page"}],"author":[{"embeddable":true,"href":"https:\/\/oskoper.splet.arnes.si\/index.php?rest_route=\/wp\/v2\/users\/9402"}],"replies":[{"embeddable":true,"href":"https:\/\/oskoper.splet.arnes.si\/index.php?rest_route=%2Fwp%2Fv2%2Fcomments&post=3357"}],"version-history":[{"count":71,"href":"https:\/\/oskoper.splet.arnes.si\/index.php?rest_route=\/wp\/v2\/pages\/3357\/revisions"}],"predecessor-version":[{"id":28718,"href":"https:\/\/oskoper.splet.arnes.si\/index.php?rest_route=\/wp\/v2\/pages\/3357\/revisions\/28718"}],"up":[{"embeddable":true,"href":"https:\/\/oskoper.splet.arnes.si\/index.php?rest_route=\/wp\/v2\/pages\/1557"}],"wp:attachment":[{"href":"https:\/\/oskoper.splet.arnes.si\/index.php?rest_route=%2Fwp%2Fv2%2Fmedia&parent=3357"}],"curies":[{"name":"wp","href":"https:\/\/api.w.org\/{rel}","templated":true}]}}