{"id":3147,"date":"2017-02-23T09:55:25","date_gmt":"2017-02-23T08:55:25","guid":{"rendered":"http:\/\/oskoper.splet.arnes.si\/?page_id=3147"},"modified":"2021-07-15T09:44:56","modified_gmt":"2021-07-15T07:44:56","slug":"doklumenti","status":"publish","type":"page","link":"https:\/\/oskoper.splet.arnes.si\/?page_id=3147","title":{"rendered":"Dokumenti"},"content":{"rendered":"<p>[et_pb_section fb_built=&#8221;1&#8243; fullwidth=&#8221;on&#8221; admin_label=&#8221;Section&#8221; _builder_version=&#8221;3.22&#8243; background_color=&#8221;rgba(255,255,255,0)&#8221; transparent_background=&#8221;on&#8221;][et_pb_fullwidth_menu menu_id=&#8221;44&#8243; submenu_direction=&#8221;downwards&#8221; fullwidth_menu=&#8221;off&#8221; active_link_color=&#8221;#dd3333&#8243; admin_label=&#8221;Fullwidth Menu&#8221; _builder_version=&#8221;3.0.47&#8243; menu_font=&#8221;|on|||&#8221; menu_text_color=&#8221;#31661f&#8221; background_color=&#8221;rgba(255,255,255,0)&#8221; text_orientation=&#8221;justified&#8221; saved_tabs=&#8221;all&#8221;][\/et_pb_fullwidth_menu][\/et_pb_section][et_pb_section fb_built=&#8221;1&#8243; admin_label=&#8221;section&#8221; _builder_version=&#8221;3.22&#8243;][et_pb_row admin_label=&#8221;row&#8221; _builder_version=&#8221;3.25&#8243; background_size=&#8221;initial&#8221; background_position=&#8221;top_left&#8221; background_repeat=&#8221;repeat&#8221;][et_pb_column type=&#8221;4_4&#8243; _builder_version=&#8221;3.25&#8243; custom_padding=&#8221;|||&#8221; custom_padding__hover=&#8221;|||&#8221;][et_pb_text admin_label=&#8221;Text&#8221; _builder_version=&#8221;4.6.6&#8243; background_size=&#8221;initial&#8221; background_position=&#8221;top_left&#8221; background_repeat=&#8221;repeat&#8221; hover_enabled=&#8221;0&#8243; use_border_color=&#8221;off&#8221; border_color=&#8221;#ffffff&#8221; border_style=&#8221;solid&#8221; sticky_enabled=&#8221;0&#8243;]<\/p>\n<ul>\n<li><a href=\"http:\/\/oskoper.splet.arnes.si\/files\/2017\/02\/CENIK-O\u0160-KOPER-2019-.pdf\">Cenik Osnovne \u0161ole Koper za leto 2020<\/a><\/li>\n<li><a href=\"http:\/\/oskoper.splet.arnes.si\/files\/2020\/09\/LDN-202021-1.pdf\">Letni program dela za \u0161olsko leto 2020\/2021<\/a><\/li>\n<li><a href=\"http:\/\/oskoper.splet.arnes.si\/files\/2018\/10\/VZGOJNI-NA\u010cRT-O\u0160-KOPER2.pdf\">Vzgojni na\u010drt Osnovne \u0161ole Koper<\/a><\/li>\n<li><a href=\"http:\/\/oskoper.splet.arnes.si\/files\/2017\/02\/Prometno-varnostni-na\u010drt-Osnovne-\u0161ole-Koper.pdf\">Prometno varnostni na\u010drt Osnovne \u0161ole Koper<\/a><\/li>\n<li><a href=\"http:\/\/oskoper.splet.arnes.si\/files\/2020\/11\/Protokol-za-zagotavljanje-varnega-in-u\u010dno-spodbudnega-okolja-v-\u010dasu-Covid-19.pdf\">Protokol za zagotavljanje varnega in u\u010dno spodbudnega okolja<\/a><\/li>\n<\/ul>\n<p>[\/et_pb_text][\/et_pb_column][\/et_pb_row][\/et_pb_section]<\/p>\n<h3>Related Images:<\/h3>","protected":false},"excerpt":{"rendered":"<p>Cenik Osnovne \u0161ole Koper za leto 2020 Letni program dela za \u0161olsko leto 2020\/2021 Vzgojni na\u010drt Osnovne \u0161ole Koper Prometno varnostni na\u010drt Osnovne \u0161ole Koper Protokol za zagotavljanje varnega in u\u010dno spodbudnega okolja<\/p>\n","protected":false},"author":9402,"featured_media":0,"parent":1358,"menu_order":0,"comment_status":"closed","ping_status":"open","template":"","meta":{"_et_pb_use_builder":"on","_et_pb_old_content":"<ul><li><a href=\"http:\/\/oskoper.splet.arnes.si\/files\/2017\/02\/Cenik-storitev-O\u0160-Koper-2017-predlog.pdf\">Cenik storitev O\u0160 Koper za leto 2017<\/a><\/li><li><a href=\"http:\/\/oskoper.splet.arnes.si\/files\/2016\/10\/LDN-16-17-kon\u010dni.pdf\">Letni delovni na\u010drt za \u0161olsko leto 2016\/2017<\/a><\/li><li><a href=\"http:\/\/oskoper.splet.arnes.si\/files\/2013\/12\/VZGOJNI-NA\u010cRT-O\u0160-KOPER-zadnja-verzija.pdf\">Vzgojni na\u010drt<\/a><\/li><li><a href=\"http:\/\/oskoper.splet.arnes.si\/files\/2017\/02\/Prometno-varnostni-na\u010drt-Osnovne-\u0161ole-Koper.pdf\">Prometno varnostni na\u010drt Osnovne \u0161ole Koper<\/a><\/li><\/ul>","_et_gb_content_width":"","ngg_post_thumbnail":0,"footnotes":""},"class_list":["post-3147","page","type-page","status-publish","hentry"],"publishpress_future_action":{"enabled":false,"date":"2026-05-23 19:59:27","action":"change-status","newStatus":"draft","terms":[],"taxonomy":"","extraData":[]},"publishpress_future_workflow_manual_trigger":{"enabledWorkflows":[]},"_links":{"self":[{"href":"https:\/\/oskoper.splet.arnes.si\/index.php?rest_route=\/wp\/v2\/pages\/3147","targetHints":{"allow":["GET"]}}],"collection":[{"href":"https:\/\/oskoper.splet.arnes.si\/index.php?rest_route=\/wp\/v2\/pages"}],"about":[{"href":"https:\/\/oskoper.splet.arnes.si\/index.php?rest_route=\/wp\/v2\/types\/page"}],"author":[{"embeddable":true,"href":"https:\/\/oskoper.splet.arnes.si\/index.php?rest_route=\/wp\/v2\/users\/9402"}],"replies":[{"embeddable":true,"href":"https:\/\/oskoper.splet.arnes.si\/index.php?rest_route=%2Fwp%2Fv2%2Fcomments&post=3147"}],"version-history":[{"count":18,"href":"https:\/\/oskoper.splet.arnes.si\/index.php?rest_route=\/wp\/v2\/pages\/3147\/revisions"}],"predecessor-version":[{"id":19298,"href":"https:\/\/oskoper.splet.arnes.si\/index.php?rest_route=\/wp\/v2\/pages\/3147\/revisions\/19298"}],"up":[{"embeddable":true,"href":"https:\/\/oskoper.splet.arnes.si\/index.php?rest_route=\/wp\/v2\/pages\/1358"}],"wp:attachment":[{"href":"https:\/\/oskoper.splet.arnes.si\/index.php?rest_route=%2Fwp%2Fv2%2Fmedia&parent=3147"}],"curies":[{"name":"wp","href":"https:\/\/api.w.org\/{rel}","templated":true}]}}