{"id":2986,"date":"2017-02-15T11:58:54","date_gmt":"2017-02-15T10:58:54","guid":{"rendered":"http:\/\/oskoper.splet.arnes.si\/?page_id=2986"},"modified":"2024-10-21T08:49:37","modified_gmt":"2024-10-21T06:49:37","slug":"solski-radio","status":"publish","type":"page","link":"https:\/\/oskoper.splet.arnes.si\/?page_id=2986","title":{"rendered":"\u0160olski radio"},"content":{"rendered":"<p>[et_pb_section fb_built=&#8221;1&#8243; _builder_version=&#8221;4.16&#8243; _module_preset=&#8221;default&#8221; use_background_color_gradient=&#8221;on&#8221; background_color_gradient_stops=&#8221;#29c4a9 0%|#29c4a9 100%&#8221; background_color_gradient_start=&#8221;#29c4a9&#8243; global_colors_info=&#8221;{}&#8221;][et_pb_row _builder_version=&#8221;4.16&#8243; _module_preset=&#8221;default&#8221; background_color=&#8221;rgba(0,0,0,0)&#8221; global_colors_info=&#8221;{}&#8221;][et_pb_column type=&#8221;4_4&#8243; _builder_version=&#8221;4.16&#8243; _module_preset=&#8221;default&#8221; global_colors_info=&#8221;{}&#8221;][et_pb_text _builder_version=&#8221;4.27.0&#8243; _module_preset=&#8221;default&#8221; background_color=&#8221;rgba(0,0,0,0)&#8221; use_background_color_gradient=&#8221;on&#8221; background_color_gradient_stops=&#8221;rgba(0,0,0,0) 0%|rgba(0,0,0,0) 100%&#8221; background_color_gradient_start=&#8221;rgba(0,0,0,0)&#8221; background_color_gradient_end=&#8221;rgba(0,0,0,0)&#8221; global_colors_info=&#8221;{}&#8221;]<\/p>\n<p>&nbsp;<\/p>\n<h3>\u00a0<\/h3>\n<p>&nbsp;<\/p>\n<h1><img loading=\"lazy\" decoding=\"async\" class=\"wp-image-20653 aligncenter \" style=\"float: left\" src=\"https:\/\/oskoper.splet.arnes.si\/files\/2021\/12\/hedgehog_radio_grass_156812_2560x1080-300x127.jpg\" alt=\"\" width=\"291\" height=\"123\" \/>\u00a0 \u00a0 \u00a0 \u00a0<strong><span style=\"color: #ff6600\">\u0160olski mikrofon<\/span><\/strong><\/h1>\n<p>\u00a0 \u00a0 \u00a0 \u00a0 \u00a0 \u00a0 \u00a0 \u00a0 \u00a0 \u00a0 \u0160olsko leto: <strong>2024\/25<\/strong><\/p>\n<p>&nbsp;<\/p>\n<p>\u00a0 \u00a0 \u00a0 \u00a0 \u00a0 \u00a0 \u00a0 \u00a0 \u00a0 \u00a0 Ekipa: <strong>Nikola Savi\u0107, Naja Kalin Zirnstein, Gaja Pintar<\/strong><\/p>\n<p>&nbsp;<\/p>\n<p>&nbsp;<\/p>\n<p>&nbsp;<\/p>\n<p>&nbsp;<\/p>\n<p>[\/et_pb_text][\/et_pb_column][\/et_pb_row][et_pb_row column_structure=&#8221;1_4,1_4,1_4,1_4&#8243; _builder_version=&#8221;4.16&#8243; _module_preset=&#8221;default&#8221; use_background_color_gradient=&#8221;on&#8221; background_color_gradient_stops=&#8221;rgba(0,0,0,0) 0%|rgba(0,0,0,0) 100%&#8221; background_color_gradient_start=&#8221;rgba(0,0,0,0)&#8221; background_color_gradient_end=&#8221;rgba(0,0,0,0)&#8221; global_colors_info=&#8221;{}&#8221;][et_pb_column type=&#8221;1_4&#8243; _builder_version=&#8221;4.16&#8243; _module_preset=&#8221;default&#8221; global_colors_info=&#8221;{}&#8221;][et_pb_audio audio=&#8221;https:\/\/oskoper.splet.arnes.si\/files\/2024\/10\/ODDAJA-OB-TEDNU-OTROKA-2024-2025.mp3&#8243; title=&#8221;\u0160olska radijska oddaja, oktober 2024&#8243; _builder_version=&#8221;4.27.0&#8243; _module_preset=&#8221;default&#8221; global_colors_info=&#8221;{}&#8221;][\/et_pb_audio][et_pb_audio audio=&#8221;https:\/\/oskoper.splet.arnes.si\/files\/2023\/10\/ODDAJA-OB-TEDNU-OTROKA-OKTOBER-2023.mp3&#8243; title=&#8221;Oddaja ob tednu otroka 2023&#8243; _builder_version=&#8221;4.18.0&#8243; _module_preset=&#8221;default&#8221; background_color=&#8221;#dd6300&#8243; global_colors_info=&#8221;{}&#8221;][\/et_pb_audio][\/et_pb_column][et_pb_column type=&#8221;1_4&#8243; _builder_version=&#8221;4.16&#8243; _module_preset=&#8221;default&#8221; global_colors_info=&#8221;{}&#8221;][et_pb_audio audio=&#8221;https:\/\/oskoper.splet.arnes.si\/files\/2024\/05\/ODDAJA-MAJ-VZMRAD-24.mp3&#8243; title=&#8221;\u0160olska radijska oddaja, maj 2024&#8243; _builder_version=&#8221;4.27.0&#8243; _module_preset=&#8221;default&#8221; background_color=&#8221;#dd6300&#8243; global_colors_info=&#8221;{}&#8221;][\/et_pb_audio][et_pb_audio audio=&#8221;https:\/\/oskoper.splet.arnes.si\/files\/2022\/10\/SOLSKI-RADIO-ODDAJA-OB-TEDNU-OTROKA-zadnje.mp3&#8243; title=&#8221;Oddaja ob tednu otroka 2022&#8243; _builder_version=&#8221;4.18.0&#8243; _module_preset=&#8221;default&#8221; title_text_align=&#8221;center&#8221; background_color=&#8221;#dd6300&#8243; global_colors_info=&#8221;{}&#8221;][\/et_pb_audio][\/et_pb_column][et_pb_column type=&#8221;1_4&#8243; _builder_version=&#8221;4.16&#8243; _module_preset=&#8221;default&#8221; global_colors_info=&#8221;{}&#8221;][et_pb_audio audio=&#8221;https:\/\/oskoper.splet.arnes.si\/files\/2023\/12\/SOLSKA-RADIJSKA-ODDAJA-DEC-2023.mp3&#8243; title=&#8221;\u0160olska radijska oddaja, december 2023&#8243; _builder_version=&#8221;4.23.1&#8243; _module_preset=&#8221;default&#8221; background_color=&#8221;#dd6300&#8243; global_colors_info=&#8221;{}&#8221;][\/et_pb_audio][et_pb_audio audio=&#8221;https:\/\/oskoper.splet.arnes.si\/files\/2021\/12\/MINI-ODDAJA-\u0160OLSKI-RADIO-DECEMBER-online-audio-converter.com.mp3&#8243; title=&#8221;\u0160olska radijska oddaja, december 2021&#8243; _builder_version=&#8221;4.16&#8243; _module_preset=&#8221;default&#8221; background_color=&#8221;#dd6300&#8243; global_colors_info=&#8221;{}&#8221;][\/et_pb_audio][\/et_pb_column][et_pb_column type=&#8221;1_4&#8243; _builder_version=&#8221;4.16&#8243; _module_preset=&#8221;default&#8221; global_colors_info=&#8221;{}&#8221;][\/et_pb_column][\/et_pb_row][\/et_pb_section][et_pb_section fb_built=&#8221;1&#8243; admin_label=&#8221;section&#8221; _builder_version=&#8221;4.16&#8243; transparent_background=&#8221;off&#8221; make_fullwidth=&#8221;off&#8221; use_custom_width=&#8221;off&#8221; width_unit=&#8221;on&#8221; global_colors_info=&#8221;{}&#8221;][et_pb_row _builder_version=&#8221;4.16&#8243; _module_preset=&#8221;default&#8221; global_colors_info=&#8221;{}&#8221;][et_pb_column type=&#8221;4_4&#8243; _builder_version=&#8221;4.16&#8243; _module_preset=&#8221;default&#8221; global_colors_info=&#8221;{}&#8221;][et_pb_text _builder_version=&#8221;4.16&#8243; _module_preset=&#8221;default&#8221; global_colors_info=&#8221;{}&#8221;]<\/p>\n<p>&nbsp;<\/p>\n<p>&nbsp;<\/p>\n<p>&nbsp;<\/p>\n<p>&nbsp;<\/p>\n<p>&nbsp;<\/p>\n<p>[\/et_pb_text][\/et_pb_column][\/et_pb_row][et_pb_row admin_label=&#8221;row&#8221; _builder_version=&#8221;4.16&#8243; background_color=&#8221;rgba(123,215,229,0.36)&#8221; background_size=&#8221;initial&#8221; background_position=&#8221;top_left&#8221; background_repeat=&#8221;repeat&#8221; make_fullwidth=&#8221;off&#8221; use_custom_width=&#8221;off&#8221; width_unit=&#8221;on&#8221; global_colors_info=&#8221;{}&#8221;][et_pb_column type=&#8221;4_4&#8243; _builder_version=&#8221;4.16&#8243; custom_padding=&#8221;|||&#8221; global_colors_info=&#8221;{}&#8221; custom_padding__hover=&#8221;|||&#8221;][et_pb_text admin_label=&#8221;Text&#8221; _builder_version=&#8221;4.16&#8243; background_size=&#8221;initial&#8221; background_position=&#8221;top_left&#8221; background_repeat=&#8221;repeat&#8221; use_border_color=&#8221;off&#8221; border_color=&#8221;#ffffff&#8221; border_style=&#8221;solid&#8221; global_colors_info=&#8221;{}&#8221;]<\/p>\n<h4><strong><a href=\"http:\/\/oskoper.splet.arnes.si\/files\/2017\/02\/\u0161olskiradio2.png\"><img loading=\"lazy\" decoding=\"async\" class=\" wp-image-3077 alignleft\" src=\"http:\/\/oskoper.splet.arnes.si\/files\/2017\/02\/\u0161olskiradio2-250x210.png\" alt=\"\" width=\"212\" height=\"178\" \/><\/a><span style=\"color: #000080\">RADIO \u00a0BUM(E)RANG (2016 &#8211; 2019)<\/span><\/strong><\/h4>\n<p>Razmi\u0161ljamo, raziskujemo, treniramo mo\u017egan\u010dke, pi\u0161emo, snemamo, govorimo &#8230; smo novinarji, voditelji in tonski tehniki &#8230; u\u010dimo se in se zabavamo. Letimo, kot leti bumerang in zanesljivo zadane svoj cilj.<\/p>\n<p>&nbsp;<\/p>\n<h4><span style=\"color: #000080\"><strong>Leto\u0161njo ekipo sestavljajo:<\/strong><\/span><\/h4>\n<h4><span style=\"color: #000080\"><strong>Anabel Todorovi\u0107 iz 8.b, <\/strong><strong>Miha \u0160kvar\u010d iz 9.a, <\/strong><strong>Zara Pehli\u010d iz 6.b, <\/strong><strong>Ne\u017ea Morgan iz 6.a, <\/strong><strong>Tara \u0160inkec iz 6.a, <\/strong><strong>Almira Mamuti iz 7.c in <\/strong><strong>Sofija Te\u017eak iz 6.b<\/strong><\/span><\/h4>\n<p>[\/et_pb_text][\/et_pb_column][\/et_pb_row][et_pb_row column_structure=&#8221;1_4,1_4,1_4,1_4&#8243; admin_label=&#8221;Row&#8221; _builder_version=&#8221;4.16&#8243; background_image=&#8221;http:\/\/oskoper.splet.arnes.si\/files\/2017\/02\/modern-music-background_1035-9455.jpg&#8221; background_size=&#8221;initial&#8221; background_position=&#8221;top_left&#8221; background_repeat=&#8221;repeat&#8221; make_fullwidth=&#8221;off&#8221; use_custom_width=&#8221;off&#8221; width_unit=&#8221;on&#8221; global_colors_info=&#8221;{}&#8221;][et_pb_column type=&#8221;1_4&#8243; _builder_version=&#8221;4.16&#8243; custom_padding=&#8221;|||&#8221; global_colors_info=&#8221;{}&#8221; custom_padding__hover=&#8221;|||&#8221;][et_pb_audio audio=&#8221;http:\/\/oskoper.splet.arnes.si\/files\/2017\/02\/RADIO-BUM_E_RANG.mp3&#8243; title=&#8221;1. oddaja februar 2017&#8243; album_name=&#8221;RADIO-BUM(E)RANG&#8221; admin_label=&#8221;Audio&#8221; _builder_version=&#8221;4.16&#8243; title_font=&#8221;|on|||&#8221; title_text_color=&#8221;#0b74ba&#8221; title_font_size=&#8221;13&#8243; caption_font=&#8221;|on|||&#8221; caption_text_color=&#8221;#fc1e0f&#8221; background_color=&#8221;rgba(0,161,186,0.15)&#8221; background_size=&#8221;initial&#8221; background_position=&#8221;top_left&#8221; background_repeat=&#8221;repeat&#8221; background_layout=&#8221;light&#8221; border_width_all=&#8221;3px&#8221; border_color_all=&#8221;#05a9b5&#8243; border_style_all=&#8221;solid&#8221; use_border_color=&#8221;on&#8221; border_color=&#8221;#05a9b5&#8243; border_width=&#8221;3px&#8221; border_style=&#8221;solid&#8221; saved_tabs=&#8221;all&#8221; global_colors_info=&#8221;{}&#8221;][\/et_pb_audio][et_pb_audio audio=&#8221;http:\/\/oskoper.splet.arnes.si\/files\/2017\/02\/RADIO-BUMERANG-DECEMBER-2017.lite_.mp3&#8243; title=&#8221;5. oddaja december 2017&#8243; album_name=&#8221;RADIO-BUM(E)RANG&#8221; admin_label=&#8221;Audio&#8221; _builder_version=&#8221;4.16&#8243; title_font=&#8221;|on|||&#8221; title_text_color=&#8221;#0b74ba&#8221; title_font_size=&#8221;13&#8243; caption_font=&#8221;|on|||&#8221; caption_text_color=&#8221;#fc1e0f&#8221; background_color=&#8221;rgba(0,161,186,0.15)&#8221; background_size=&#8221;initial&#8221; background_position=&#8221;top_left&#8221; background_repeat=&#8221;repeat&#8221; background_layout=&#8221;light&#8221; border_width_all=&#8221;3px&#8221; border_color_all=&#8221;#05a9b5&#8243; border_style_all=&#8221;solid&#8221; use_border_color=&#8221;on&#8221; border_color=&#8221;#05a9b5&#8243; border_width=&#8221;3px&#8221; border_style=&#8221;solid&#8221; saved_tabs=&#8221;all&#8221; global_colors_info=&#8221;{}&#8221;][\/et_pb_audio][\/et_pb_column][et_pb_column type=&#8221;1_4&#8243; _builder_version=&#8221;4.16&#8243; custom_padding=&#8221;|||&#8221; global_colors_info=&#8221;{}&#8221; custom_padding__hover=&#8221;|||&#8221;][et_pb_audio audio=&#8221;http:\/\/oskoper.splet.arnes.si\/files\/2017\/02\/RADIO-BUMERANG-2.-oddaja.mp3&#8243; title=&#8221;2. oddaja april 2017&#8243; album_name=&#8221;RADIO-BUM(E)RANG&#8221; admin_label=&#8221;Audio&#8221; _builder_version=&#8221;4.16&#8243; title_font=&#8221;|on|||&#8221; title_text_color=&#8221;#0b74ba&#8221; title_font_size=&#8221;13&#8243; caption_font=&#8221;|on|||&#8221; caption_text_color=&#8221;#fc1e0f&#8221; background_color=&#8221;rgba(0,161,186,0.15)&#8221; background_size=&#8221;initial&#8221; background_position=&#8221;top_left&#8221; background_repeat=&#8221;repeat&#8221; background_layout=&#8221;light&#8221; border_width_all=&#8221;3px&#8221; border_color_all=&#8221;#05a9b5&#8243; border_style_all=&#8221;solid&#8221; use_border_color=&#8221;on&#8221; border_color=&#8221;#05a9b5&#8243; border_width=&#8221;3px&#8221; border_style=&#8221;solid&#8221; saved_tabs=&#8221;all&#8221; global_colors_info=&#8221;{}&#8221;][\/et_pb_audio][et_pb_audio audio=&#8221;http:\/\/oskoper.splet.arnes.si\/files\/2017\/02\/RADIO-BUMERANG-MAREC-2018.mp3&#8243; title=&#8221;6. oddaja marec 2018&#8243; album_name=&#8221;RADIO-BUM(E)RANG&#8221; admin_label=&#8221;Audio&#8221; _builder_version=&#8221;4.16&#8243; title_font=&#8221;|on|||&#8221; title_text_color=&#8221;#0b74ba&#8221; title_font_size=&#8221;13&#8243; caption_font=&#8221;|on|||&#8221; caption_text_color=&#8221;#fc1e0f&#8221; background_color=&#8221;rgba(0,161,186,0.15)&#8221; background_size=&#8221;initial&#8221; background_position=&#8221;top_left&#8221; background_repeat=&#8221;repeat&#8221; background_layout=&#8221;light&#8221; border_width_all=&#8221;3px&#8221; border_color_all=&#8221;#05a9b5&#8243; border_style_all=&#8221;solid&#8221; use_border_color=&#8221;on&#8221; border_color=&#8221;#05a9b5&#8243; border_width=&#8221;3px&#8221; border_style=&#8221;solid&#8221; saved_tabs=&#8221;all&#8221; global_colors_info=&#8221;{}&#8221;][\/et_pb_audio][\/et_pb_column][et_pb_column type=&#8221;1_4&#8243; _builder_version=&#8221;4.16&#8243; custom_padding=&#8221;|||&#8221; global_colors_info=&#8221;{}&#8221; custom_padding__hover=&#8221;|||&#8221;][et_pb_audio audio=&#8221;http:\/\/oskoper.splet.arnes.si\/files\/2017\/02\/RADIO-BUMERANG-TRETJI-3.mp3&#8243; title=&#8221;3. oddaja maj 2017&#8243; album_name=&#8221;RADIO-BUM(E)RANG&#8221; admin_label=&#8221;Audio&#8221; _builder_version=&#8221;4.16&#8243; title_font=&#8221;|on|||&#8221; title_text_color=&#8221;#0b74ba&#8221; title_font_size=&#8221;13&#8243; caption_font=&#8221;|on|||&#8221; caption_text_color=&#8221;#fc1e0f&#8221; background_color=&#8221;rgba(0,161,186,0.15)&#8221; background_size=&#8221;initial&#8221; background_position=&#8221;top_left&#8221; background_repeat=&#8221;repeat&#8221; background_layout=&#8221;light&#8221; border_width_all=&#8221;3px&#8221; border_color_all=&#8221;#05a9b5&#8243; border_style_all=&#8221;solid&#8221; use_border_color=&#8221;on&#8221; border_color=&#8221;#05a9b5&#8243; border_width=&#8221;3px&#8221; border_style=&#8221;solid&#8221; saved_tabs=&#8221;all&#8221; global_colors_info=&#8221;{}&#8221;][\/et_pb_audio][et_pb_audio audio=&#8221;http:\/\/oskoper.splet.arnes.si\/files\/2017\/02\/RADIO-BUMERANG-NOVEMBER-2018.mp3&#8243; title=&#8221;7. oddaja november 2018&#8243; album_name=&#8221;RADIO-BUM(E)RANG&#8221; admin_label=&#8221;Audio&#8221; _builder_version=&#8221;4.16&#8243; title_font=&#8221;|on|||&#8221; title_text_color=&#8221;#0b74ba&#8221; title_font_size=&#8221;13&#8243; caption_font=&#8221;|on|||&#8221; caption_text_color=&#8221;#fc1e0f&#8221; background_color=&#8221;rgba(0,161,186,0.15)&#8221; background_size=&#8221;initial&#8221; background_position=&#8221;top_left&#8221; background_repeat=&#8221;repeat&#8221; background_layout=&#8221;light&#8221; border_width_all=&#8221;3px&#8221; border_color_all=&#8221;#05a9b5&#8243; border_style_all=&#8221;solid&#8221; use_border_color=&#8221;on&#8221; border_color=&#8221;#05a9b5&#8243; border_width=&#8221;3px&#8221; border_style=&#8221;solid&#8221; saved_tabs=&#8221;all&#8221; global_colors_info=&#8221;{}&#8221;][\/et_pb_audio][\/et_pb_column][et_pb_column type=&#8221;1_4&#8243; _builder_version=&#8221;4.16&#8243; custom_padding=&#8221;|||&#8221; global_colors_info=&#8221;{}&#8221; custom_padding__hover=&#8221;|||&#8221;][et_pb_audio audio=&#8221;http:\/\/oskoper.splet.arnes.si\/files\/2017\/02\/RADIO-BUMERANG-1-OKTOBER.mp3&#8243; title=&#8221;4. oddaja oktober 2017&#8243; album_name=&#8221;RADIO-BUM(E)RANG&#8221; admin_label=&#8221;Audio&#8221; _builder_version=&#8221;4.16&#8243; title_font=&#8221;|on|||&#8221; title_text_color=&#8221;#0b74ba&#8221; title_font_size=&#8221;13&#8243; caption_font=&#8221;|on|||&#8221; caption_text_color=&#8221;#fc1e0f&#8221; background_color=&#8221;rgba(0,161,186,0.15)&#8221; background_size=&#8221;initial&#8221; background_position=&#8221;top_left&#8221; background_repeat=&#8221;repeat&#8221; background_layout=&#8221;light&#8221; border_width_all=&#8221;3px&#8221; border_color_all=&#8221;#05a9b5&#8243; border_style_all=&#8221;solid&#8221; use_border_color=&#8221;on&#8221; border_color=&#8221;#05a9b5&#8243; border_width=&#8221;3px&#8221; border_style=&#8221;solid&#8221; saved_tabs=&#8221;all&#8221; global_colors_info=&#8221;{}&#8221;][\/et_pb_audio][et_pb_audio audio=&#8221;http:\/\/oskoper.splet.arnes.si\/files\/2017\/02\/BUMERANG-DEC-2018-SPLET.mp3&#8243; title=&#8221;8. oddaja december 2018&#8243; album_name=&#8221;RADIO-BUM(E)RANG&#8221; admin_label=&#8221;Audio&#8221; _builder_version=&#8221;4.16&#8243; title_font=&#8221;|on|||&#8221; title_text_color=&#8221;#0b74ba&#8221; title_font_size=&#8221;13&#8243; caption_font=&#8221;|on|||&#8221; caption_text_color=&#8221;#fc1e0f&#8221; background_color=&#8221;rgba(0,161,186,0.15)&#8221; background_size=&#8221;initial&#8221; background_position=&#8221;top_left&#8221; background_repeat=&#8221;repeat&#8221; background_layout=&#8221;light&#8221; border_width_all=&#8221;3px&#8221; border_color_all=&#8221;#05a9b5&#8243; border_style_all=&#8221;solid&#8221; use_border_color=&#8221;on&#8221; border_color=&#8221;#05a9b5&#8243; border_width=&#8221;3px&#8221; border_style=&#8221;solid&#8221; saved_tabs=&#8221;all&#8221; global_colors_info=&#8221;{}&#8221;][\/et_pb_audio][\/et_pb_column][\/et_pb_row][\/et_pb_section]<\/p>\n<h3>Related Images:<\/h3>","protected":false},"excerpt":{"rendered":"<p>&nbsp; \u00a0 &nbsp; \u00a0 \u00a0 \u00a0 \u00a0\u0160olski mikrofon \u00a0 \u00a0 \u00a0 \u00a0 \u00a0 \u00a0 \u00a0 \u00a0 \u00a0 \u00a0 \u0160olsko leto: 2024\/25 &nbsp; \u00a0 \u00a0 \u00a0 \u00a0 \u00a0 \u00a0 \u00a0 \u00a0 \u00a0 \u00a0 Ekipa: Nikola Savi\u0107, Naja Kalin Zirnstein, Gaja Pintar &nbsp; &nbsp; &nbsp; &nbsp;&nbsp; &nbsp; &nbsp; &nbsp; &nbsp;RADIO \u00a0BUM(E)RANG (2016 &#8211; 2019) Razmi\u0161ljamo, raziskujemo, treniramo [&hellip;]<\/p>\n","protected":false},"author":9402,"featured_media":0,"parent":0,"menu_order":0,"comment_status":"closed","ping_status":"open","template":"","meta":{"_et_pb_use_builder":"on","_et_pb_old_content":"<p>RADIO \u00a0BUM(E)RANG<\/p><p>Zakaj \u0161olski radio?<\/p><p>Da bi u\u010denci spoznali delo novinarja, voditelja, napovedovalca in tudi tehni\u010dno podro\u010dje udejstvovanja pri tem mediju. S pomo\u010djo mentorja bi oblikovali lastne radijske oddaje.<\/p><p>Vzgoja za medije \u017eeli opismenjevati in mladostnike pripraviti k ustvarjalnemu in kriti\u010dnemu sporo\u010danju v medijsko zasi\u010deni dru\u017ebi; pasivni uporabniki medijev na ta na\u010din lahko postanejo aktivni.<\/p><p>Trenutna ekipa radia BUM(E)RANG: Anabel Todorovi\u0107, Deja \u010casl in Karin Jugovac.<\/p><p>ODDAJE:<\/p><p>1. oddaja<\/p>","_et_gb_content_width":"","ngg_post_thumbnail":0,"footnotes":""},"class_list":["post-2986","page","type-page","status-publish","hentry"],"publishpress_future_action":{"enabled":false,"date":"2026-05-23 19:08:14","action":"change-status","newStatus":"draft","terms":[],"taxonomy":"","extraData":[]},"publishpress_future_workflow_manual_trigger":{"enabledWorkflows":[]},"_links":{"self":[{"href":"https:\/\/oskoper.splet.arnes.si\/index.php?rest_route=\/wp\/v2\/pages\/2986","targetHints":{"allow":["GET"]}}],"collection":[{"href":"https:\/\/oskoper.splet.arnes.si\/index.php?rest_route=\/wp\/v2\/pages"}],"about":[{"href":"https:\/\/oskoper.splet.arnes.si\/index.php?rest_route=\/wp\/v2\/types\/page"}],"author":[{"embeddable":true,"href":"https:\/\/oskoper.splet.arnes.si\/index.php?rest_route=\/wp\/v2\/users\/9402"}],"replies":[{"embeddable":true,"href":"https:\/\/oskoper.splet.arnes.si\/index.php?rest_route=%2Fwp%2Fv2%2Fcomments&post=2986"}],"version-history":[{"count":16,"href":"https:\/\/oskoper.splet.arnes.si\/index.php?rest_route=\/wp\/v2\/pages\/2986\/revisions"}],"predecessor-version":[{"id":30652,"href":"https:\/\/oskoper.splet.arnes.si\/index.php?rest_route=\/wp\/v2\/pages\/2986\/revisions\/30652"}],"wp:attachment":[{"href":"https:\/\/oskoper.splet.arnes.si\/index.php?rest_route=%2Fwp%2Fv2%2Fmedia&parent=2986"}],"curies":[{"name":"wp","href":"https:\/\/api.w.org\/{rel}","templated":true}]}}