{"id":28208,"date":"2024-01-18T11:29:35","date_gmt":"2024-01-18T10:29:35","guid":{"rendered":"https:\/\/oskoper.splet.arnes.si\/?page_id=28208"},"modified":"2024-01-18T11:29:35","modified_gmt":"2024-01-18T10:29:35","slug":"razvojna-naloga-varno-in-spodbudno-ucno-okolje","status":"publish","type":"page","link":"https:\/\/oskoper.splet.arnes.si\/?page_id=28208","title":{"rendered":"RAZVOJNA NALOGA &#8211; Varno in spodbudno u\u010dno okolje"},"content":{"rendered":"<p><img loading=\"lazy\" decoding=\"async\" class=\"alignnone  wp-image-14245\" src=\"https:\/\/oskoper.splet.arnes.si\/files\/2017\/09\/ZRSS_barvni_lezeci.jpg\" alt=\"\" width=\"398\" height=\"69\" srcset=\"https:\/\/oskoper.splet.arnes.si\/files\/2017\/09\/ZRSS_barvni_lezeci.jpg 1009w, https:\/\/oskoper.splet.arnes.si\/files\/2017\/09\/ZRSS_barvni_lezeci-300x52.jpg 300w, https:\/\/oskoper.splet.arnes.si\/files\/2017\/09\/ZRSS_barvni_lezeci-768x133.jpg 768w, https:\/\/oskoper.splet.arnes.si\/files\/2017\/09\/ZRSS_barvni_lezeci-650x113.jpg 650w\" sizes=\"(max-width: 398px) 100vw, 398px\" \/><\/p>\n<p><span style=\"color: #000000\">Razvojna naloga Varno in spodbudno u\u010dno okolje je projekt Zavoda za \u0161olstvo RS. Usmerjena je v sistemati\u010dno razvijanje spodbudnega u\u010dnega okolja za celotno \u0161olo. Podro\u010dja razvojne naloge so: dobri odnosi in sodelovanje za ve\u010djo zavzetost, \u010dustveno in socialno u\u010denje ter odnosna kompetenca u\u010ditelja in ravnanje pri ne\u017eelenem vedenju.&nbsp;<\/span><\/p>\n<p><span style=\"color: #000000\">Cilji razvojne naloge:<\/span><\/p>\n<ul>\n<li><span style=\"color: #000000\">Udele\u017eenci poglobijo zavedanje o pomenu dobre klime in po\u010dutja (na ravni kolektiva, skupine\/ razreda, na ravni skupine in posameznika) in okrepijo ve\u0161\u010dine vodenja skupine\/razreda za dobro vklju\u010denost otrok\/u\u010dencev in zmanj\u0161anje vedenjskih te\u017eav.<\/span><\/li>\n<li><span style=\"color: #000000\">Izpopolnjujejo se v lastni \u010dustveni in vedenjski pismenosti (komunikacijske ve\u0161\u010dine, uravnavanje \u010dustev) z namenom krepitve razli\u010dnih oblik \u010dustvenega in socialnega u\u010denja tudi pri otrocih\/u\u010dencih.<\/span><\/li>\n<li><span style=\"color: #000000\">Seznanijo se z razlogi ne\u017eelenega vedenja otrok\/u\u010dencev in urijo strategije za prepre\u010devanje in za soo\u010danje z neza\u017eelenim vedenjem, spoznavajo razliko med nasiljem in konflikti, spoznavajo protokol za ravnanje v primeru nasilja.<\/span><\/li>\n<li><span style=\"color: #000000\">Vsebine in ve\u0161\u010dine \u0161irijo na kolektiv in otroke\/u\u010dence z namenom sistemati\u010dnega vpeljevanja varnega in spodbudnega u\u010dnega okolja na \u0161oli s kon\u010dnim ciljem oblikovanja sistemati\u010dnega pristopa h graditvi VSUO.<\/span><\/li>\n<\/ul>\n<p>&nbsp;<\/p>\n<p><span style=\"color: #000000\">Vodja \u0161olskega tima: Jerneja Koren<\/span><\/p>\n<p><span style=\"color: #000000\">\u0160olski tim: Katja Marti\u0107 Cilen\u0161ek, Katja Stegen\u0161ek, Barbara Bo\u010dkor Starc<\/span><\/p>\n<p>&nbsp;<\/p>\n<h3>Related Images:<\/h3>","protected":false},"excerpt":{"rendered":"<p>Razvojna naloga Varno in spodbudno u\u010dno okolje je projekt Zavoda za \u0161olstvo RS. Usmerjena je v sistemati\u010dno razvijanje spodbudnega u\u010dnega okolja za celotno \u0161olo. Podro\u010dja razvojne naloge so: dobri odnosi in sodelovanje za ve\u010djo zavzetost, \u010dustveno in socialno u\u010denje ter odnosna kompetenca u\u010ditelja in ravnanje pri ne\u017eelenem vedenju.&nbsp; Cilji razvojne naloge: Udele\u017eenci poglobijo zavedanje o [&hellip;]<\/p>\n","protected":false},"author":54509,"featured_media":0,"parent":0,"menu_order":0,"comment_status":"closed","ping_status":"closed","template":"","meta":{"_et_pb_use_builder":"","_et_pb_old_content":"","_et_gb_content_width":"","ngg_post_thumbnail":0,"footnotes":"","_expiration-date-status":"","_expiration-date":0,"_expiration-date-type":"","_expiration-date-categories":[],"_expiration-date-options":[]},"class_list":["post-28208","page","type-page","status-publish","hentry"],"_links":{"self":[{"href":"https:\/\/oskoper.splet.arnes.si\/index.php?rest_route=\/wp\/v2\/pages\/28208","targetHints":{"allow":["GET"]}}],"collection":[{"href":"https:\/\/oskoper.splet.arnes.si\/index.php?rest_route=\/wp\/v2\/pages"}],"about":[{"href":"https:\/\/oskoper.splet.arnes.si\/index.php?rest_route=\/wp\/v2\/types\/page"}],"author":[{"embeddable":true,"href":"https:\/\/oskoper.splet.arnes.si\/index.php?rest_route=\/wp\/v2\/users\/54509"}],"replies":[{"embeddable":true,"href":"https:\/\/oskoper.splet.arnes.si\/index.php?rest_route=%2Fwp%2Fv2%2Fcomments&post=28208"}],"version-history":[{"count":1,"href":"https:\/\/oskoper.splet.arnes.si\/index.php?rest_route=\/wp\/v2\/pages\/28208\/revisions"}],"predecessor-version":[{"id":28209,"href":"https:\/\/oskoper.splet.arnes.si\/index.php?rest_route=\/wp\/v2\/pages\/28208\/revisions\/28209"}],"wp:attachment":[{"href":"https:\/\/oskoper.splet.arnes.si\/index.php?rest_route=%2Fwp%2Fv2%2Fmedia&parent=28208"}],"curies":[{"name":"wp","href":"https:\/\/api.w.org\/{rel}","templated":true}]}}