{"id":22265,"date":"2022-05-25T16:51:31","date_gmt":"2022-05-25T14:51:31","guid":{"rendered":"https:\/\/oskoper.splet.arnes.si\/?page_id=22265"},"modified":"2024-06-26T09:21:09","modified_gmt":"2024-06-26T07:21:09","slug":"poletno-pocitnisko-varstvo-2022","status":"publish","type":"page","link":"https:\/\/oskoper.splet.arnes.si\/?page_id=22265","title":{"rendered":"Poletno po\u010ditni\u0161ko varstvo 2024"},"content":{"rendered":"<p>[et_pb_section fb_built=&#8221;1&#8243; admin_label=&#8221;section&#8221; _builder_version=&#8221;4.16&#8243; global_colors_info=&#8221;{}&#8221;][et_pb_row admin_label=&#8221;row&#8221; _builder_version=&#8221;4.16&#8243; background_size=&#8221;initial&#8221; background_position=&#8221;top_left&#8221; background_repeat=&#8221;repeat&#8221; global_colors_info=&#8221;{}&#8221;][et_pb_column type=&#8221;4_4&#8243; _builder_version=&#8221;4.16&#8243; custom_padding=&#8221;|||&#8221; global_colors_info=&#8221;{}&#8221; custom_padding__hover=&#8221;|||&#8221;][et_pb_text admin_label=&#8221;Text&#8221; _builder_version=&#8221;4.23.4&#8243; background_size=&#8221;initial&#8221; background_position=&#8221;top_left&#8221; background_repeat=&#8221;repeat&#8221; hover_enabled=&#8221;0&#8243; global_colors_info=&#8221;{}&#8221; sticky_enabled=&#8221;0&#8243;]<\/p>\n<p><a href=\"https:\/\/oskoper.splet.arnes.si\/files\/2024\/06\/NAPOTKI-IN-PRIPOROCILA.pdf\" rel=\"attachment wp-att-30261\">NAPOTKI IN PRIPORO\u010cILA<\/a><\/p>\n<p><a href=\"https:\/\/oskoper.splet.arnes.si\/files\/2024\/06\/POCITNISKI-PROGRAM-2023-2024.pdf\" rel=\"attachment wp-att-30262\">PO\u010cITNI\u0160KI PROGRAM 2023-2024<\/a><\/p>\n<p><a href=\"https:\/\/oskoper.splet.arnes.si\/files\/2024\/05\/PPV-2024-spremni-dopis-starsem.pdf\" rel=\"attachment wp-att-29337\">PPV 2024 &#8211; spremni dopis star\u0161em<\/a><\/p>\n<p><a href=\"https:\/\/oskoper.splet.arnes.si\/files\/2023\/05\/IZJAVA-ODHOD-IZ-PPV.pdf\" rel=\"attachment wp-att-25930\">IZJAVA &#8211; ODHOD IZ PPV<\/a><\/p>\n<p><a href=\"https:\/\/oskoper.splet.arnes.si\/files\/2024\/05\/pogodba-PPV-2024.pdf\" rel=\"attachment wp-att-29338\">Pogodba PPV 2024<\/a><\/p>\n<p>&nbsp;<\/p>\n<p>[\/et_pb_text][\/et_pb_column][\/et_pb_row][\/et_pb_section]<\/p>\n<h3>Related Images:<\/h3>","protected":false},"excerpt":{"rendered":"<p>NAPOTKI IN PRIPORO\u010cILA PO\u010cITNI\u0160KI PROGRAM 2023-2024 PPV 2024 &#8211; spremni dopis star\u0161em IZJAVA &#8211; ODHOD IZ PPV Pogodba PPV 2024 &nbsp;<\/p>\n","protected":false},"author":54509,"featured_media":0,"parent":0,"menu_order":0,"comment_status":"closed","ping_status":"closed","template":"","meta":{"_et_pb_use_builder":"on","_et_pb_old_content":"<a href=\"https:\/\/oskoper.splet.arnes.si\/files\/2022\/05\/Pocitnisko-varstvo-2022-obvestilo.pdf\">Po\u010ditni\u0161ko varstvo 2022 - obvestilo<\/a>\r\n\r\n<a href=\"https:\/\/oskoper.splet.arnes.si\/files\/2022\/05\/OBVESTILO-ZA-STARSE-2022.pdf\">OBVESTILO ZA STAR\u0160E 2022<\/a>\r\n\r\n<a href=\"https:\/\/oskoper.splet.arnes.si\/files\/2022\/05\/IZJAVA-ODHOD-iz-PPV-2022.pdf\">IZJAVA - ODHOD iz PPV 2022<\/a>\r\n\r\n<a href=\"https:\/\/oskoper.splet.arnes.si\/files\/2022\/05\/PogodbaPPV.pdf\">PogodbaPPV<\/a>\r\n\r\n<a href=\"https:\/\/oskoper.splet.arnes.si\/files\/2022\/05\/PROGRAM-2022.pdf\">PROGRAM 2022<\/a>\r\n\r\n<a href=\"https:\/\/forms.office.com\/r\/quAjif8N9i\">Prijava - spletni obrazec<\/a>\r\n\r\n\u00a0","_et_gb_content_width":"","ngg_post_thumbnail":0,"footnotes":"","_expiration-date-status":"","_expiration-date":0,"_expiration-date-type":"","_expiration-date-categories":[],"_expiration-date-options":[]},"class_list":["post-22265","page","type-page","status-publish","hentry"],"_links":{"self":[{"href":"https:\/\/oskoper.splet.arnes.si\/index.php?rest_route=\/wp\/v2\/pages\/22265","targetHints":{"allow":["GET"]}}],"collection":[{"href":"https:\/\/oskoper.splet.arnes.si\/index.php?rest_route=\/wp\/v2\/pages"}],"about":[{"href":"https:\/\/oskoper.splet.arnes.si\/index.php?rest_route=\/wp\/v2\/types\/page"}],"author":[{"embeddable":true,"href":"https:\/\/oskoper.splet.arnes.si\/index.php?rest_route=\/wp\/v2\/users\/54509"}],"replies":[{"embeddable":true,"href":"https:\/\/oskoper.splet.arnes.si\/index.php?rest_route=%2Fwp%2Fv2%2Fcomments&post=22265"}],"version-history":[{"count":29,"href":"https:\/\/oskoper.splet.arnes.si\/index.php?rest_route=\/wp\/v2\/pages\/22265\/revisions"}],"predecessor-version":[{"id":30263,"href":"https:\/\/oskoper.splet.arnes.si\/index.php?rest_route=\/wp\/v2\/pages\/22265\/revisions\/30263"}],"wp:attachment":[{"href":"https:\/\/oskoper.splet.arnes.si\/index.php?rest_route=%2Fwp%2Fv2%2Fmedia&parent=22265"}],"curies":[{"name":"wp","href":"https:\/\/api.w.org\/{rel}","templated":true}]}}