{"id":1963,"date":"2016-11-15T12:06:43","date_gmt":"2016-11-15T11:06:43","guid":{"rendered":"http:\/\/oskoper.splet.arnes.si\/?page_id=1963"},"modified":"2025-01-08T10:37:09","modified_gmt":"2025-01-08T09:37:09","slug":"solske-publikacije","status":"publish","type":"page","link":"https:\/\/oskoper.splet.arnes.si\/?page_id=1963","title":{"rendered":"Publikacije, dokumenti, obrazci"},"content":{"rendered":"<p>[et_pb_section fb_built=&#8221;1&#8243; fullwidth=&#8221;on&#8221; admin_label=&#8221;Section&#8221; _builder_version=&#8221;4.16&#8243; background_color=&#8221;rgba(255,255,255,0)&#8221; transparent_background=&#8221;on&#8221; locked=&#8221;off&#8221; global_colors_info=&#8221;{}&#8221;][et_pb_fullwidth_menu menu_id=&#8221;44&#8243; submenu_direction=&#8221;downwards&#8221; fullwidth_menu=&#8221;off&#8221; active_link_color=&#8221;#dd3333&#8243; admin_label=&#8221;Fullwidth Menu&#8221; _builder_version=&#8221;4.16&#8243; menu_font=&#8221;|on|||&#8221; menu_text_color=&#8221;#31661f&#8221; background_color=&#8221;rgba(255,255,255,0)&#8221; text_orientation=&#8221;justified&#8221; saved_tabs=&#8221;all&#8221; global_colors_info=&#8221;{}&#8221;][\/et_pb_fullwidth_menu][\/et_pb_section][et_pb_section fb_built=&#8221;1&#8243; admin_label=&#8221;section&#8221; _builder_version=&#8221;4.16&#8243; global_colors_info=&#8221;{}&#8221;][et_pb_row admin_label=&#8221;Row&#8221; _builder_version=&#8221;4.16&#8243; background_size=&#8221;initial&#8221; background_position=&#8221;top_left&#8221; background_repeat=&#8221;repeat&#8221; global_colors_info=&#8221;{}&#8221;][et_pb_column type=&#8221;4_4&#8243; _builder_version=&#8221;4.16&#8243; custom_padding=&#8221;|||&#8221; global_colors_info=&#8221;{}&#8221; custom_padding__hover=&#8221;|||&#8221;][et_pb_text admin_label=&#8221;Text&#8221; _builder_version=&#8221;4.16&#8243; text_letter_spacing=&#8221;3px&#8221; background_color=&#8221;#caebd0&#8243; background_size=&#8221;initial&#8221; background_position=&#8221;top_left&#8221; background_repeat=&#8221;repeat&#8221; custom_padding=&#8221;10px|||&#8221; use_border_color=&#8221;off&#8221; border_color=&#8221;#0c7c19&#8243; border_style=&#8221;solid&#8221; global_colors_info=&#8221;{}&#8221;]<\/p>\n<h4>PUBLIKACIJE<\/h4>\n<p>[\/et_pb_text][\/et_pb_column][\/et_pb_row][et_pb_row column_structure=&#8221;1_4,1_4,1_4,1_4&#8243; admin_label=&#8221;row&#8221; _builder_version=&#8221;4.16&#8243; background_size=&#8221;initial&#8221; background_position=&#8221;top_left&#8221; background_repeat=&#8221;repeat&#8221; global_colors_info=&#8221;{}&#8221;][et_pb_column type=&#8221;1_4&#8243; _builder_version=&#8221;4.16&#8243; custom_padding=&#8221;|||&#8221; global_colors_info=&#8221;{}&#8221; custom_padding__hover=&#8221;|||&#8221;][et_pb_blurb title=&#8221;\u0160olska publikacija 2024\/2025&#8243; url=&#8221;https:\/\/oskoper.splet.arnes.si\/files\/2024\/09\/KP_pub2425.pdf&#8221; use_icon=&#8221;on&#8221; font_icon=&#8221;&#xe059;||divi||400&#8243; icon_color=&#8221;rgba(12,113,195,0.86)&#8221; admin_label=&#8221;Blurb&#8221; _builder_version=&#8221;4.27.0&#8243; header_font=&#8221;|on|||&#8221; header_text_color=&#8221;#247a31&#8243; header_font_size=&#8221;15&#8243; body_font_size=&#8221;12&#8243; background_size=&#8221;initial&#8221; background_position=&#8221;top_left&#8221; background_repeat=&#8221;repeat&#8221; text_orientation=&#8221;center&#8221; use_border_color=&#8221;off&#8221; border_color=&#8221;#458427&#8243; border_style=&#8221;solid&#8221; global_colors_info=&#8221;{}&#8221;][\/et_pb_blurb][\/et_pb_column][et_pb_column type=&#8221;1_4&#8243; _builder_version=&#8221;4.16&#8243; custom_padding=&#8221;|||&#8221; global_colors_info=&#8221;{}&#8221; custom_padding__hover=&#8221;|||&#8221;][et_pb_blurb title=&#8221;Informator\u010dek 2024\/2025&#8243; url=&#8221;https:\/\/oskoper.splet.arnes.si\/files\/2025\/01\/Informatorcek-2024-25.pdf&#8221; image=&#8221;https:\/\/oskoper.splet.arnes.si\/files\/2022\/02\/informplatnica22-300&#215;212.png&#8221; image_icon_width=&#8221;150px&#8221; admin_label=&#8221;Blurb&#8221; _builder_version=&#8221;4.27.0&#8243; header_font=&#8221;|on|||&#8221; header_text_color=&#8221;#247a31&#8243; header_font_size=&#8221;15&#8243; background_size=&#8221;initial&#8221; background_position=&#8221;top_left&#8221; background_repeat=&#8221;repeat&#8221; text_orientation=&#8221;center&#8221; use_border_color=&#8221;off&#8221; border_color=&#8221;#ffffff&#8221; border_style=&#8221;solid&#8221; image_max_width=&#8221;150px&#8221; global_colors_info=&#8221;{}&#8221;][\/et_pb_blurb][\/et_pb_column][et_pb_column type=&#8221;1_4&#8243; _builder_version=&#8221;4.16&#8243; custom_padding=&#8221;|||&#8221; global_colors_info=&#8221;{}&#8221; custom_padding__hover=&#8221;|||&#8221;][et_pb_blurb title=&#8221;Zalo\u017eba&#8221; url=&#8221;http:\/\/oskoper.splet.arnes.si\/?page_id=68&#8243; image=&#8221;http:\/\/oskoper.splet.arnes.si\/files\/2013\/11\/Bonton_in_olika_640_x_533.jpg&#8221; image_icon_width=&#8221;150px&#8221; admin_label=&#8221;Blurb&#8221; _builder_version=&#8221;4.16&#8243; header_font=&#8221;|on|||&#8221; header_text_color=&#8221;#247a31&#8243; header_font_size=&#8221;15&#8243; background_size=&#8221;initial&#8221; background_position=&#8221;top_left&#8221; background_repeat=&#8221;repeat&#8221; text_orientation=&#8221;center&#8221; use_border_color=&#8221;off&#8221; border_color=&#8221;#ffffff&#8221; border_style=&#8221;solid&#8221; image_max_width=&#8221;150px&#8221; global_colors_info=&#8221;{}&#8221;][\/et_pb_blurb][\/et_pb_column][et_pb_column type=&#8221;1_4&#8243; _builder_version=&#8221;4.16&#8243; custom_padding=&#8221;|||&#8221; global_colors_info=&#8221;{}&#8221; custom_padding__hover=&#8221;|||&#8221;][et_pb_blurb title=&#8221;Publikacija ob 10. obletnici Osnovne \u0161ole Koper&#8221; url=&#8221;http:\/\/issuu.com\/denip11\/docs\/osnovna___ola_koper_10_let_splet\/2?e=23823064\/43173827&#8243; image=&#8221;http:\/\/oskoper.splet.arnes.si\/files\/2016\/11\/10letosk1.png&#8221; image_icon_width=&#8221;150px&#8221; admin_label=&#8221;Blurb&#8221; _builder_version=&#8221;4.16&#8243; header_font=&#8221;|on|||&#8221; header_text_color=&#8221;#247a31&#8243; header_font_size=&#8221;15&#8243; background_size=&#8221;initial&#8221; background_position=&#8221;top_left&#8221; background_repeat=&#8221;repeat&#8221; text_orientation=&#8221;center&#8221; use_border_color=&#8221;off&#8221; border_color=&#8221;#ffffff&#8221; border_style=&#8221;solid&#8221; image_max_width=&#8221;150px&#8221; global_colors_info=&#8221;{}&#8221;][\/et_pb_blurb][\/et_pb_column][\/et_pb_row][\/et_pb_section][et_pb_section fb_built=&#8221;1&#8243; admin_label=&#8221;Section&#8221; _builder_version=&#8221;4.16&#8243; global_colors_info=&#8221;{}&#8221;][et_pb_row column_structure=&#8221;1_2,1_2&#8243; admin_label=&#8221;Row&#8221; _builder_version=&#8221;4.16&#8243; background_size=&#8221;initial&#8221; background_position=&#8221;top_left&#8221; background_repeat=&#8221;repeat&#8221; global_colors_info=&#8221;{}&#8221;][et_pb_column type=&#8221;1_2&#8243; _builder_version=&#8221;4.16&#8243; custom_padding=&#8221;|||&#8221; global_colors_info=&#8221;{}&#8221; custom_padding__hover=&#8221;|||&#8221;][et_pb_text admin_label=&#8221;Text&#8221; _builder_version=&#8221;4.16&#8243; text_letter_spacing=&#8221;3px&#8221; background_color=&#8221;#caebd0&#8243; background_size=&#8221;initial&#8221; background_position=&#8221;top_left&#8221; background_repeat=&#8221;repeat&#8221; custom_padding=&#8221;10px|||&#8221; use_border_color=&#8221;off&#8221; border_color=&#8221;#0c7c19&#8243; border_style=&#8221;solid&#8221; global_colors_info=&#8221;{}&#8221;]<\/p>\n<h4>DOKUMENTI<\/h4>\n<p>[\/et_pb_text][et_pb_text admin_label=&#8221;Text&#8221; _builder_version=&#8221;4.27.0&#8243; background_size=&#8221;initial&#8221; background_position=&#8221;top_left&#8221; background_repeat=&#8221;repeat&#8221; use_border_color=&#8221;off&#8221; border_color=&#8221;#ffffff&#8221; border_style=&#8221;solid&#8221; global_colors_info=&#8221;{}&#8221;]<\/p>\n<p><a href=\"https:\/\/oskoper.splet.arnes.si\/files\/2024\/01\/Hisni-red-januar-2024.pdf\" rel=\"attachment wp-att-21853\">Hi\u0161ni red O\u0160 Koper<\/a><\/p>\n<p><a href=\"https:\/\/oskoper.splet.arnes.si\/files\/2023\/03\/Vzgojni-nacrt-OS-Koper-1.pdf\">Vzgojni na\u010drt Osnovne \u0161ole Koper<\/a><\/p>\n<p><a href=\"https:\/\/oskoper.splet.arnes.si\/files\/2023\/09\/Pravila-solskega-reda-OS-Koper.pdf\">Pravila \u0161olskega reda na O\u0160 Koper<\/a><\/p>\n<p><a href=\"https:\/\/oskoper.splet.arnes.si\/files\/2024\/08\/CENIK-OS-KOPER-24-25.pdf\" rel=\"attachment wp-att-23244\">Cenik O\u0160 Koper 2024\/25<\/a><\/p>\n<p><a href=\"https:\/\/oskoper.splet.arnes.si\/files\/2024\/11\/LDN-2024-2025.pdf\" rel=\"attachment wp-att-30708\">LDN 2024-2025<\/a><\/p>\n<p><a href=\"https:\/\/oskoper.splet.arnes.si\/files\/2024\/10\/Porocilo-o-realizaciji-LDN-2023-2024-zadnji-.pdf\" rel=\"attachment wp-att-27200\">Poro\u010dilo o realizaciji LDN 2023-24<\/a><\/p>\n<p><a href=\"https:\/\/oskoper.splet.arnes.si\/files\/2024\/12\/PROMETNO-VARNOSTNI-NACRT-OS-KOPER-2024.pdf\" rel=\"attachment wp-att-3148\">Prometno varnostni na\u010drt Osnovne \u0161ole Koper<\/a><\/p>\n<p><a href=\"https:\/\/www.gov.si\/teme\/solski-koledar-za-osnovne-sole\/\" rel=\"attachment wp-att-26157\">\u0160olski koledar 2024\/2025<\/a><\/p>\n<p><a href=\"http:\/\/oskoper.splet.arnes.si\/files\/2021\/01\/Obvestilo-o-imenovanju-poobla\u0161\u010dene-osebe-za-varstvo-osebnih-podatkov-Informacijski-poobla\u0161\u010denec-O\u0160-Koper-2021.pdf\" rel=\"attachment wp-att-17804\">Obvestilo o imenovanju poobla\u0161\u010dene osebe za varstvo osebnih podatkov &#8211; Informacijski poobla\u0161\u010denec &#8211; O\u0160 Koper &#8211; 2021<\/a><\/p>\n<p><a href=\"https:\/\/oskoper.splet.arnes.si\/files\/2023\/03\/INFORMACIJE-O-OBDELAVI-OSEBNIH-PODATKOV-ZA-POSAMEZNIKE.pdf\" rel=\"attachment wp-att-25420\">Informacije o obdelavi osebnih podatkov za posameznike<\/a><\/p>\n<p><a href=\"https:\/\/oskoper.splet.arnes.si\/files\/2024\/08\/VOZNI-RED-SOLSKIH-AVTOBUSOV-ZA-SOLSKO-LETO-2024.docx.pdf\">Vozni red \u0161olskega avtobusa za \u0161olsko leto 2024\/2025<\/a><\/p>\n<p><a href=\"http:\/\/oskoper.splet.arnes.si\/?page_id=85\">Pravice in dol\u017enosti u\u010dencev<\/a><\/p>\n<p>&nbsp;<\/p>\n<p>[\/et_pb_text][\/et_pb_column][et_pb_column type=&#8221;1_2&#8243; _builder_version=&#8221;4.16&#8243; custom_padding=&#8221;|||&#8221; global_colors_info=&#8221;{}&#8221; custom_padding__hover=&#8221;|||&#8221;][et_pb_text admin_label=&#8221;Text&#8221; _builder_version=&#8221;4.16&#8243; text_letter_spacing=&#8221;3px&#8221; background_color=&#8221;#caebd0&#8243; background_size=&#8221;initial&#8221; background_position=&#8221;top_left&#8221; background_repeat=&#8221;repeat&#8221; custom_padding=&#8221;10px|||&#8221; use_border_color=&#8221;off&#8221; border_color=&#8221;#0c7c19&#8243; border_style=&#8221;solid&#8221; global_colors_info=&#8221;{}&#8221;]<\/p>\n<h4>OBRAZCI IN VLOGE<\/h4>\n<p>[\/et_pb_text][et_pb_text admin_label=&#8221;Text&#8221; _builder_version=&#8221;4.27.0&#8243; background_size=&#8221;initial&#8221; background_position=&#8221;top_left&#8221; background_repeat=&#8221;repeat&#8221; hover_enabled=&#8221;0&#8243; use_border_color=&#8221;off&#8221; border_color=&#8221;#ffffff&#8221; border_style=&#8221;solid&#8221; global_colors_info=&#8221;{}&#8221; sticky_enabled=&#8221;0&#8243;]<\/p>\n<p><a href=\"https:\/\/oskoper.splet.arnes.si\/files\/2024\/09\/PRAVILA-IN-POJASNILA-ZA-PRIDOBITEV-STATUSA-SPORTNIKA-ALI-UMETNIKA.pdf\" rel=\"attachment wp-att-30326\">PRAVILA IN POJASNILA ZA PRIDOBITEV STATUSA \u0160PORTNIKA ALI UMETNIKA<\/a><\/p>\n<p><a href=\"https:\/\/oskoper.splet.arnes.si\/files\/2024\/09\/VLOGA-PREDLOG-ZA-DOLELITEV-STATUSA-SPORTNIKA-2024-2025.pdf\" rel=\"attachment wp-att-30325\">VLOGA-PREDLOG ZA DODELITEV STATUSA \u0160PORTNIKA 2024-2025<\/a><\/p>\n<p><a href=\"https:\/\/oskoper.splet.arnes.si\/files\/2024\/09\/VLOGA-PREDLOG-ZA-DOLELITEV-STATUSA-UMETNIKA-2024-2025.pdf\" rel=\"attachment wp-att-30324\">VLOGA-PREDLOG ZA DODELITEV STATUSA UMETNIKA 2024-2025<\/a><\/p>\n<p><a href=\"https:\/\/oskoper.splet.arnes.si\/files\/2023\/02\/V-L-O-G-A-ZA-DODELITEV-SOLIDARNOSTNE-POMOCI-novo-2023.pdf\">Vloga za dodelitev solidarnostne pomo\u010di<\/a><\/p>\n<p><a href=\"https:\/\/oskoper.splet.arnes.si\/files\/2025\/01\/Prijava-na-prehrano-2024-25.pdf\">Prijava u\u010denca na \u0161olsko prehrano<\/a><\/p>\n<p><a href=\"http:\/\/oskoper.splet.arnes.si\/files\/2016\/11\/Vloga-za-subvencioniranje-\u0161ole-v-naravi.pdf\">Vloga za subvencioniranje \u0161ole v naravi<\/a><\/p>\n<p><a href=\"https:\/\/oskoper.splet.arnes.si\/files\/2022\/09\/OBRAZEC-Vloga-za-napovedan-izostanek-22-23.pdf\">Vloga za napovedan izostanek<\/a><\/p>\n<p><a href=\"http:\/\/oskoper.splet.arnes.si\/files\/2016\/11\/opravicilo.pdf\">Obrazec za opravi\u010dilo izostanka od pouka<\/a><\/p>\n<p><a href=\"https:\/\/oskoper.splet.arnes.si\/files\/2025\/01\/izdelava-kljuca-obrazec.pdf\">Obrazec za zamenjavo klju\u010davnice \u0161olske omarice<\/a><\/p>\n<p><a href=\"http:\/\/oskoper.splet.arnes.si\/files\/2017\/04\/VLOGA-OPROSTITEV.pdf\">Obrazec pisne vloge za oprostitev sodelovanja pri OIP<\/a><\/p>\n<p><a href=\"http:\/\/oskoper.splet.arnes.si\/files\/2021\/06\/NAJAVA-IZPISA-IZ-O%C5%A0-KP.pdf\" rel=\"attachment wp-att-19227\">Najava izpisa iz O\u0160 Koper<\/a><\/p>\n<p><a href=\"http:\/\/oskoper.splet.arnes.si\/files\/2021\/06\/VLOGA-PREPIS-NA-O%C5%A0-KP.pdf\" rel=\"attachment wp-att-19228\">Vloga za prepis na O\u0160 Koper<\/a><\/p>\n<p>[\/et_pb_text][\/et_pb_column][\/et_pb_row][\/et_pb_section]<\/p>\n<h3>Related Images:<\/h3>","protected":false},"excerpt":{"rendered":"<p>PUBLIKACIJE DOKUMENTI Hi\u0161ni red O\u0160 Koper Vzgojni na\u010drt Osnovne \u0161ole Koper Pravila \u0161olskega reda na O\u0160 Koper Cenik O\u0160 Koper 2024\/25 LDN 2024-2025 Poro\u010dilo o realizaciji LDN 2023-24 Prometno varnostni na\u010drt Osnovne \u0161ole Koper \u0160olski koledar 2024\/2025 Obvestilo o imenovanju poobla\u0161\u010dene osebe za varstvo osebnih podatkov &#8211; Informacijski poobla\u0161\u010denec &#8211; O\u0160 Koper &#8211; 2021 Informacije [&hellip;]<\/p>\n","protected":false},"author":9402,"featured_media":0,"parent":0,"menu_order":0,"comment_status":"closed","ping_status":"closed","template":"","meta":{"_et_pb_use_builder":"on","_et_pb_old_content":"","_et_gb_content_width":"","ngg_post_thumbnail":0,"footnotes":"","_expiration-date-status":"","_expiration-date":0,"_expiration-date-type":"","_expiration-date-categories":[],"_expiration-date-options":[]},"class_list":["post-1963","page","type-page","status-publish","hentry"],"_links":{"self":[{"href":"https:\/\/oskoper.splet.arnes.si\/index.php?rest_route=\/wp\/v2\/pages\/1963","targetHints":{"allow":["GET"]}}],"collection":[{"href":"https:\/\/oskoper.splet.arnes.si\/index.php?rest_route=\/wp\/v2\/pages"}],"about":[{"href":"https:\/\/oskoper.splet.arnes.si\/index.php?rest_route=\/wp\/v2\/types\/page"}],"author":[{"embeddable":true,"href":"https:\/\/oskoper.splet.arnes.si\/index.php?rest_route=\/wp\/v2\/users\/9402"}],"replies":[{"embeddable":true,"href":"https:\/\/oskoper.splet.arnes.si\/index.php?rest_route=%2Fwp%2Fv2%2Fcomments&post=1963"}],"version-history":[{"count":15,"href":"https:\/\/oskoper.splet.arnes.si\/index.php?rest_route=\/wp\/v2\/pages\/1963\/revisions"}],"predecessor-version":[{"id":31248,"href":"https:\/\/oskoper.splet.arnes.si\/index.php?rest_route=\/wp\/v2\/pages\/1963\/revisions\/31248"}],"wp:attachment":[{"href":"https:\/\/oskoper.splet.arnes.si\/index.php?rest_route=%2Fwp%2Fv2%2Fmedia&parent=1963"}],"curies":[{"name":"wp","href":"https:\/\/api.w.org\/{rel}","templated":true}]}}