{"id":18724,"date":"2021-05-25T12:07:06","date_gmt":"2021-05-25T10:07:06","guid":{"rendered":"http:\/\/oskoper.splet.arnes.si\/?page_id=18724"},"modified":"2021-07-15T10:51:15","modified_gmt":"2021-07-15T08:51:15","slug":"pocitnisko-varstvo","status":"publish","type":"page","link":"https:\/\/oskoper.splet.arnes.si\/?page_id=18724","title":{"rendered":"Po\u010ditni\u0161ko varstvo"},"content":{"rendered":"<p>[et_pb_section fb_built=&#8221;1&#8243; admin_label=&#8221;section&#8221; _builder_version=&#8221;3.22&#8243;][et_pb_row admin_label=&#8221;row&#8221; _builder_version=&#8221;3.25&#8243; background_size=&#8221;initial&#8221; background_position=&#8221;top_left&#8221; background_repeat=&#8221;repeat&#8221;][et_pb_column type=&#8221;4_4&#8243; _builder_version=&#8221;3.25&#8243; custom_padding=&#8221;|||&#8221; custom_padding__hover=&#8221;|||&#8221;][et_pb_text admin_label=&#8221;Text&#8221; _builder_version=&#8221;4.7.3&#8243; background_size=&#8221;initial&#8221; background_position=&#8221;top_left&#8221; background_repeat=&#8221;repeat&#8221; hover_enabled=&#8221;0&#8243; sticky_enabled=&#8221;0&#8243;]<\/p>\n<p><a href=\"http:\/\/oskoper.splet.arnes.si\/files\/2021\/05\/Po\u010ditni\u0161ko-varstvo-2021-obvestilo-za-splet.pdf\">Po\u010ditni\u0161ko varstvo 2021<\/a><\/p>\n<p><a href=\"http:\/\/oskoper.splet.arnes.si\/files\/2021\/07\/Program-2021-002.pdf\" rel=\"attachment wp-att-19312\">Program PV 2021 (posodobljeno 15.7.2021)<\/a><\/p>\n<p><a href=\"http:\/\/oskoper.splet.arnes.si\/files\/2021\/05\/Po\u010ditni\u0161ko-varstvo-pogodba.pdf\">Po\u010ditni\u0161ko varstvo &#8211; pogodba<\/a><\/p>\n<p><a href=\"http:\/\/oskoper.splet.arnes.si\/files\/2021\/05\/ppv2021.png\"><img loading=\"lazy\" decoding=\"async\" class=\" wp-image-18729 alignnone\" src=\"http:\/\/oskoper.splet.arnes.si\/files\/2021\/05\/ppv2021-462x650.png\" alt=\"\" width=\"264\" height=\"371\" \/><\/a><\/p>\n<p>&nbsp;<\/p>\n<p>[\/et_pb_text][\/et_pb_column][\/et_pb_row][\/et_pb_section]<\/p>\n<h3>Related Images:<\/h3>","protected":false},"excerpt":{"rendered":"<p>Po\u010ditni\u0161ko varstvo 2021 Program PV 2021 (posodobljeno 15.7.2021) Po\u010ditni\u0161ko varstvo &#8211; pogodba &nbsp;<\/p>\n","protected":false},"author":54509,"featured_media":0,"parent":0,"menu_order":0,"comment_status":"closed","ping_status":"closed","template":"","meta":{"_et_pb_use_builder":"on","_et_pb_old_content":"<a href=\"http:\/\/oskoper.splet.arnes.si\/files\/2021\/05\/Po\u010ditni\u0161ko-varstvo-2021-obvestilo-za-splet.pdf\">Po\u010ditni\u0161ko varstvo 2021<\/a>\r\n\r\n<a href=\"http:\/\/oskoper.splet.arnes.si\/files\/2021\/05\/Program-2021.pdf\">Program 2021<\/a>\r\n\r\n<a href=\"http:\/\/oskoper.splet.arnes.si\/files\/2021\/05\/Po\u010ditni\u0161ko-varstvo-pogodba.pdf\">Po\u010ditni\u0161ko varstvo - pogodba<\/a>\r\n\r\n<a href=\"http:\/\/oskoper.splet.arnes.si\/files\/2021\/05\/ppv2021.png\"><img class=\" wp-image-18729 alignnone\" src=\"http:\/\/oskoper.splet.arnes.si\/files\/2021\/05\/ppv2021-462x650.png\" alt=\"\" width=\"264\" height=\"371\" \/><\/a>\r\n\r\n\u00a0","_et_gb_content_width":"","ngg_post_thumbnail":0,"footnotes":""},"class_list":["post-18724","page","type-page","status-publish","hentry"],"publishpress_future_action":{"enabled":false,"date":"2026-05-23 21:52:46","action":"change-status","newStatus":"draft","terms":[],"taxonomy":"","extraData":[]},"publishpress_future_workflow_manual_trigger":{"enabledWorkflows":[]},"_links":{"self":[{"href":"https:\/\/oskoper.splet.arnes.si\/index.php?rest_route=\/wp\/v2\/pages\/18724","targetHints":{"allow":["GET"]}}],"collection":[{"href":"https:\/\/oskoper.splet.arnes.si\/index.php?rest_route=\/wp\/v2\/pages"}],"about":[{"href":"https:\/\/oskoper.splet.arnes.si\/index.php?rest_route=\/wp\/v2\/types\/page"}],"author":[{"embeddable":true,"href":"https:\/\/oskoper.splet.arnes.si\/index.php?rest_route=\/wp\/v2\/users\/54509"}],"replies":[{"embeddable":true,"href":"https:\/\/oskoper.splet.arnes.si\/index.php?rest_route=%2Fwp%2Fv2%2Fcomments&post=18724"}],"version-history":[{"count":7,"href":"https:\/\/oskoper.splet.arnes.si\/index.php?rest_route=\/wp\/v2\/pages\/18724\/revisions"}],"predecessor-version":[{"id":19313,"href":"https:\/\/oskoper.splet.arnes.si\/index.php?rest_route=\/wp\/v2\/pages\/18724\/revisions\/19313"}],"wp:attachment":[{"href":"https:\/\/oskoper.splet.arnes.si\/index.php?rest_route=%2Fwp%2Fv2%2Fmedia&parent=18724"}],"curies":[{"name":"wp","href":"https:\/\/api.w.org\/{rel}","templated":true}]}}