{"id":18545,"date":"2021-04-16T21:04:44","date_gmt":"2021-04-16T19:04:44","guid":{"rendered":"http:\/\/oskoper.splet.arnes.si\/?page_id=18545"},"modified":"2021-05-01T10:02:32","modified_gmt":"2021-05-01T08:02:32","slug":"projekt-trajnostna-mobilnost-v-vrtcih-in-osnovnih-solah-gremo-pes","status":"publish","type":"page","link":"https:\/\/oskoper.splet.arnes.si\/?page_id=18545","title":{"rendered":"PROJEKT TRAJNOSTNA MOBILNOST V VRTCIH IN OSNOVNIH \u0160OLAH \u2013 GREMO PE\u0160"},"content":{"rendered":"<p>[et_pb_section fb_built=&#8221;1&#8243; admin_label=&#8221;section&#8221; _builder_version=&#8221;3.22&#8243;][et_pb_row admin_label=&#8221;row&#8221; _builder_version=&#8221;3.25&#8243; background_size=&#8221;initial&#8221; background_position=&#8221;top_left&#8221; background_repeat=&#8221;repeat&#8221;][et_pb_column type=&#8221;4_4&#8243; _builder_version=&#8221;3.25&#8243; custom_padding=&#8221;|||&#8221; custom_padding__hover=&#8221;|||&#8221;][et_pb_text admin_label=&#8221;Text&#8221; _builder_version=&#8221;3.27.4&#8243; background_size=&#8221;initial&#8221; background_position=&#8221;top_left&#8221; background_repeat=&#8221;repeat&#8221;]S projektom \u017eelimo prispevati k spreminjanju potovalnih navad otrok od 1. do 9. razreda in njihovih bli\u017enjih ter posledi\u010dno k zmanj\u0161evanju motornega prometa v okolici osnovnih \u0161ol. Na ta na\u010din \u017eelimo prispevati k zmanj\u0161anju okoljskih obremenitev, k spodbujanju gibanja otrok in s tem h krepitvi njihovega zdravja.<\/p>\n<p>Poleg sodelovanja v igri, ki spodbuja osnovno\u0161olce, da v \u0161olo prihajajo na trajnosten na\u010din (hoja, s kolesom, rolerji, skirojem, z javnimi prevoznimi sredstvi ali na na\u010din skupinskega prihoda z osebnim avtom), se \u0161ole spodbuja, da skupaj z izvajalci organizirajo tudi druge dejavnosti s podro\u010dja prometa, okolja in zdravja (npr. izvajanje Pe\u0161busa, analiza dostopa poti v \u0161ole, sodelovanje z ob\u010dino pri urejanju \u0161olskega okoli\u0161a za ve\u010djo varnost otrok, ipd.).<\/p>\n<p>Aktivnosti projekta se izvajajo od decembra 2018 do julija 2021. \u00a0Osnovna \u0161ola Koper se je v projekt vklju\u010dila v juliju 2020.<\/p>\n<p>Pod vodstvom sodelujo\u010dih u\u010diteljev bodo u\u010denci dolo\u010denih oddelkov sodelovali pri izvedbi igre Gremo pe\u0161 s koko\u0161ko Rozi, izpolnjevali dnevnik in v sklopu pouka obravnavali teme povezane s trajnostno mobilnostjo. Sodelujo\u010di u\u010denci bodo prejeli opremo za varno udele\u017ebo v prometu.<\/p>\n<p>\u0160olski koordinatorji projekta: Enea Jur\u0161i\u010d, Kristina Mara\u017e in Mojca Volk Bani\u0107<\/p>\n<p><img loading=\"lazy\" decoding=\"async\" class=\"size-large wp-image-18546 alignright\" src=\"http:\/\/oskoper.splet.arnes.si\/files\/2021\/04\/trajnost2-650x258.png\" alt=\"\" width=\"650\" height=\"258\" srcset=\"http:\/\/oskoper.splet.arnes.si\/files\/2021\/04\/trajnost2-650x258.png 650w, http:\/\/oskoper.splet.arnes.si\/files\/2021\/04\/trajnost2-480x191.png 480w\" sizes=\"(min-width: 0px) and (max-width: 480px) 480px, (min-width: 481px) 650px, 100vw\" \/>[\/et_pb_text][\/et_pb_column][\/et_pb_row][et_pb_row _builder_version=&#8221;4.7.3&#8243; _module_preset=&#8221;default&#8221;][et_pb_column _builder_version=&#8221;4.7.3&#8243; _module_preset=&#8221;default&#8221; type=&#8221;4_4&#8243;][et_pb_divider _builder_version=&#8221;4.7.3&#8243; _module_preset=&#8221;default&#8221; hover_enabled=&#8221;0&#8243; sticky_enabled=&#8221;0&#8243;][\/et_pb_divider][\/et_pb_column][\/et_pb_row][et_pb_row admin_label=&#8221;row&#8221; _builder_version=&#8221;3.25&#8243; background_size=&#8221;initial&#8221; background_position=&#8221;top_left&#8221; background_repeat=&#8221;repeat&#8221;][et_pb_column type=&#8221;4_4&#8243; _builder_version=&#8221;3.25&#8243; custom_padding=&#8221;|||&#8221; custom_padding__hover=&#8221;|||&#8221;][et_pb_text admin_label=&#8221;Text&#8221; _builder_version=&#8221;4.7.3&#8243; background_size=&#8221;initial&#8221; background_position=&#8221;top_left&#8221; background_repeat=&#8221;repeat&#8221;]<\/p>\n<p>\u00a0V petek, 23. 4. 2021 smo zaklju\u010dili osrednji del projekta Gremo pe\u0161 s koko\u0161ko Rozi. Po enotedenskem bele\u017eenju na\u010dinov prihoda v \u0161olo koordinatorice projekta z veseljem sporo\u010damo, da smo na \u0161olski ravni izbolj\u0161ali prihode na trajnostni na\u010din za dobrih 21%. Bravo mi!<\/p>\n<p>V nekaterih oddelkih se je izkazalo, da so \u017ee pred za\u010detkom bele\u017eenja u\u010denci prihajali na trajnostni na\u010din. V mnogih oddelkih pa je prav koko\u0161ka Rozi pripomogla, da smo \u0161e bolj poskrbeli za svoje zdravje, zmanj\u0161anje prometa v okolici \u0161ole ter za varovanje okolja. Glede na kriterije projekta smo na ravni \u0161ole dosegli bronasto medaljo.<\/p>\n<p>Vabimo vas, da \u0161e naprej, \u010de je le mo\u017eno, prihajate v \u0161olo pe\u0161.<\/p>\n<p style=\"text-align: right\">Koordinatorice Enea, Mojca in Kristina<\/p>\n<p><img loading=\"lazy\" decoding=\"async\" src=\"http:\/\/oskoper.splet.arnes.si\/files\/2021\/05\/mobilnostporocilo-300x189.jpg\" width=\"478\" height=\"301\" alt=\"\" class=\"wp-image-18567 alignnone size-medium\" \/><\/p>\n<p>[\/et_pb_text][\/et_pb_column][\/et_pb_row][\/et_pb_section]<\/p>\n<h3>Related Images:<\/h3>","protected":false},"excerpt":{"rendered":"<p>S projektom \u017eelimo prispevati k spreminjanju potovalnih navad otrok od 1. do 9. razreda in njihovih bli\u017enjih ter posledi\u010dno k zmanj\u0161evanju motornega prometa v okolici osnovnih \u0161ol. Na ta na\u010din \u017eelimo prispevati k zmanj\u0161anju okoljskih obremenitev, k spodbujanju gibanja otrok in s tem h krepitvi njihovega zdravja. Poleg sodelovanja v igri, ki spodbuja osnovno\u0161olce, da [&hellip;]<\/p>\n","protected":false},"author":54509,"featured_media":0,"parent":0,"menu_order":0,"comment_status":"closed","ping_status":"closed","template":"","meta":{"_et_pb_use_builder":"on","_et_pb_old_content":"S projektom \u017eelimo prispevati k spreminjanju potovalnih navad otrok od 1. do 9. razreda in njihovih bli\u017enjih ter posledi\u010dno k zmanj\u0161evanju motornega prometa v okolici osnovnih \u0161ol. Na ta na\u010din \u017eelimo prispevati k zmanj\u0161anju okoljskih obremenitev, k spodbujanju gibanja otrok in s tem h krepitvi njihovega zdravja.\r\n\r\nPoleg sodelovanja v igri, ki spodbuja osnovno\u0161olce, da v \u0161olo prihajajo na trajnosten na\u010din (hoja, s kolesom, rolerji, skirojem, z javnimi prevoznimi sredstvi ali na na\u010din skupinskega prihoda z osebnim avtom), se \u0161ole spodbuja, da skupaj z izvajalci organizirajo tudi druge dejavnosti s podro\u010dja prometa, okolja in zdravja (npr. izvajanje Pe\u0161busa, analiza dostopa poti v \u0161ole, sodelovanje z ob\u010dino pri urejanju \u0161olskega okoli\u0161a za ve\u010djo varnost otrok, ipd.).\r\n\r\nAktivnosti projekta se izvajajo od decembra 2018 do julija 2021. \u00a0Osnovna \u0161ola Koper se je v projekt vklju\u010dila v juliju 2020.\r\n\r\nPod vodstvom sodelujo\u010dih u\u010diteljev bodo u\u010denci dolo\u010denih oddelkov sodelovali pri izvedbi igre Gremo pe\u0161 s koko\u0161ko Rozi, izpolnjevali dnevnik in v sklopu pouka obravnavali teme povezane s trajnostno mobilnostjo. Sodelujo\u010di u\u010denci bodo prejeli opremo za varno udele\u017ebo v prometu.\r\n\r\n\u0160olski koordinatorji projekta: Enea Jur\u0161i\u010d, Kristina Mara\u017e in Mojca Volk Bani\u0107\r\n\r\n<img class=\"size-large wp-image-18546 alignright\" src=\"http:\/\/oskoper.splet.arnes.si\/files\/2021\/04\/trajnost2-650x258.png\" alt=\"\" width=\"650\" height=\"258\" \/>","_et_gb_content_width":"","ngg_post_thumbnail":0,"footnotes":""},"class_list":["post-18545","page","type-page","status-publish","hentry"],"publishpress_future_action":{"enabled":false,"date":"2026-05-24 15:46:05","action":"change-status","newStatus":"draft","terms":[],"taxonomy":"","extraData":[]},"publishpress_future_workflow_manual_trigger":{"enabledWorkflows":[]},"_links":{"self":[{"href":"https:\/\/oskoper.splet.arnes.si\/index.php?rest_route=\/wp\/v2\/pages\/18545","targetHints":{"allow":["GET"]}}],"collection":[{"href":"https:\/\/oskoper.splet.arnes.si\/index.php?rest_route=\/wp\/v2\/pages"}],"about":[{"href":"https:\/\/oskoper.splet.arnes.si\/index.php?rest_route=\/wp\/v2\/types\/page"}],"author":[{"embeddable":true,"href":"https:\/\/oskoper.splet.arnes.si\/index.php?rest_route=\/wp\/v2\/users\/54509"}],"replies":[{"embeddable":true,"href":"https:\/\/oskoper.splet.arnes.si\/index.php?rest_route=%2Fwp%2Fv2%2Fcomments&post=18545"}],"version-history":[{"count":5,"href":"https:\/\/oskoper.splet.arnes.si\/index.php?rest_route=\/wp\/v2\/pages\/18545\/revisions"}],"predecessor-version":[{"id":18576,"href":"https:\/\/oskoper.splet.arnes.si\/index.php?rest_route=\/wp\/v2\/pages\/18545\/revisions\/18576"}],"wp:attachment":[{"href":"https:\/\/oskoper.splet.arnes.si\/index.php?rest_route=%2Fwp%2Fv2%2Fmedia&parent=18545"}],"curies":[{"name":"wp","href":"https:\/\/api.w.org\/{rel}","templated":true}]}}