{"id":18462,"date":"2021-04-01T17:28:40","date_gmt":"2021-04-01T15:28:40","guid":{"rendered":"http:\/\/oskoper.splet.arnes.si\/?page_id=18462"},"modified":"2021-04-01T17:33:48","modified_gmt":"2021-04-01T15:33:48","slug":"kdor-ne-skace-ni-slovenc","status":"publish","type":"page","link":"https:\/\/oskoper.splet.arnes.si\/?page_id=18462","title":{"rendered":"Kdor ne ska\u010de ni slovenc"},"content":{"rendered":"<p>Pozdravljeni!<\/p>\n<p>Na\u0161a \u0161ola se je vklju\u010dila v 10-dnevni tekmovalni izziv Ska\u010di kolebnico, presko\u010di COVID, v kateri lahko sodelujejo vsi osnovno\u0161olski u\u010denci Slovenije. Na\u0161 cilj je, da z ostalimi \u0161olami, ki so se vklju\u010dile v ta izziv opravimo v desetih dneh 2.111.641 poskokov \u010dez kolebnico &#8211; ZA VSAKEGA PREBIVALCA SLOVENIJE PO EN SKOK.<\/p>\n<p>Torej, vse kar mora\u0161 imeti je kolebnica ali vrv (prb. 1.5m dolga-odvisno od tvoje velikosti) in dobro voljo. Sodelovanje je kljub temu, da se vpi\u0161ete z imenom in priimkom ter elektronskim naslovom, anonimno. \u017delimo dose\u010di le skupni cilj, pri tem pa seveda ne moremo iz svoje ko\u017ee, zato bomo dodali \u0161e malo zdrave tekmovalnosti med \u0161olami. Vse pa se za\u010dne in kon\u010da s FAIR PLAY-em, torej pri\u010dakujemo, da po\u0161teno vpisujete svoje dose\u017eke.<\/p>\n<p>Na\u0161a \u0161ola je po \u0161tevilu u\u010dencev ena izmed naj\u0161tevil\u010dnej\u0161ih \u0161ol v Sloveniji in smo kot Primorci zelo znani po \u017eivahnem temperamentu, zato je pravi trenutek, da to dvoje zdru\u017eimo skupaj in naredimo nekaj pozitivnega. Gremo FORZA KOPER!<\/p>\n<p>Aktiv \u0161portnikov<\/p>\n<p>POVEZAVA:<br \/>\n<a href=\"https:\/\/www.kdorneskacenislovenc.si\/?fbclid=IwAR0QVU3ynYLa4oEu5xliKRNY6hdLcTf1LYXExqgPcFtW1u72hn_ao5H7l0\">www.kdorneskacenislovenc.si\/?fbclid=IwAR0QVU3ynYLa4oEu5xliKRNY6hdLcTf1LYXExqgPcFtW1u72hn_ao5H7l0<\/a><\/p>\n<p>&nbsp;<\/p>\n<h3>Related Images:<\/h3>","protected":false},"excerpt":{"rendered":"<p>Pozdravljeni! Na\u0161a \u0161ola se je vklju\u010dila v 10-dnevni tekmovalni izziv Ska\u010di kolebnico, presko\u010di COVID, v kateri lahko sodelujejo vsi osnovno\u0161olski u\u010denci Slovenije. Na\u0161 cilj je, da z ostalimi \u0161olami, ki so se vklju\u010dile v ta izziv opravimo v desetih dneh 2.111.641 poskokov \u010dez kolebnico &#8211; ZA VSAKEGA PREBIVALCA SLOVENIJE PO EN SKOK. Torej, vse kar [&hellip;]<\/p>\n","protected":false},"author":54509,"featured_media":0,"parent":0,"menu_order":0,"comment_status":"closed","ping_status":"closed","template":"","meta":{"_et_pb_use_builder":"","_et_pb_old_content":"","_et_gb_content_width":"","ngg_post_thumbnail":0,"footnotes":""},"class_list":["post-18462","page","type-page","status-publish","hentry"],"publishpress_future_action":{"enabled":false,"date":"2026-05-23 05:14:33","action":"change-status","newStatus":"draft","terms":[],"taxonomy":"","extraData":[]},"publishpress_future_workflow_manual_trigger":{"enabledWorkflows":[]},"_links":{"self":[{"href":"https:\/\/oskoper.splet.arnes.si\/index.php?rest_route=\/wp\/v2\/pages\/18462","targetHints":{"allow":["GET"]}}],"collection":[{"href":"https:\/\/oskoper.splet.arnes.si\/index.php?rest_route=\/wp\/v2\/pages"}],"about":[{"href":"https:\/\/oskoper.splet.arnes.si\/index.php?rest_route=\/wp\/v2\/types\/page"}],"author":[{"embeddable":true,"href":"https:\/\/oskoper.splet.arnes.si\/index.php?rest_route=\/wp\/v2\/users\/54509"}],"replies":[{"embeddable":true,"href":"https:\/\/oskoper.splet.arnes.si\/index.php?rest_route=%2Fwp%2Fv2%2Fcomments&post=18462"}],"version-history":[{"count":3,"href":"https:\/\/oskoper.splet.arnes.si\/index.php?rest_route=\/wp\/v2\/pages\/18462\/revisions"}],"predecessor-version":[{"id":18468,"href":"https:\/\/oskoper.splet.arnes.si\/index.php?rest_route=\/wp\/v2\/pages\/18462\/revisions\/18468"}],"wp:attachment":[{"href":"https:\/\/oskoper.splet.arnes.si\/index.php?rest_route=%2Fwp%2Fv2%2Fmedia&parent=18462"}],"curies":[{"name":"wp","href":"https:\/\/api.w.org\/{rel}","templated":true}]}}