{"id":16855,"date":"2020-11-25T09:19:36","date_gmt":"2020-11-25T08:19:36","guid":{"rendered":"http:\/\/oskoper.splet.arnes.si\/?page_id=16855"},"modified":"2020-11-25T09:19:36","modified_gmt":"2020-11-25T08:19:36","slug":"nijz-pomoc-telefon","status":"publish","type":"page","link":"https:\/\/oskoper.splet.arnes.si\/?page_id=16855","title":{"rendered":"NIJZ pomo\u010d telefon"},"content":{"rendered":"<p style=\"text-align: center\">Za\u017eivel je nov telefon za psiholo\u0161ko podporo ob epidemiji COVID-19.<br \/>\nBrezpla\u010dna telefonska \u0161tevilka:\u00a0<strong>080 51 00<\/strong>\u00a0\u2013 24 ur na dan.<\/p>\n<p style=\"text-align: center\">Ve\u010d o tej vsebini na spletni strani NIJZ:<br \/>\n<a href=\"https:\/\/www.nijz.si\/sl\/zazivel-nov-telefon-za-psiholosko-podporo-ob-epidemiji-covid-19-080-51-00\" target=\"_blank\" rel=\"noopener noreferrer\">www.nijz.si\/sl\/zazivel-nov-telefon-za-psiholosko-podporo-ob-epidemiji-covid-19-080-51-00<\/a><\/p>\n<p style=\"text-align: right\">Nevenka Ra\u017eman, sanit. in\u017e.<br \/>\nkoordinator programov preventive (PP)<br \/>\nin promocije zdravja (PZ)<\/p>\n<p>&nbsp;<\/p>\n<h3>Related Images:<\/h3>","protected":false},"excerpt":{"rendered":"<p>Za\u017eivel je nov telefon za psiholo\u0161ko podporo ob epidemiji COVID-19. Brezpla\u010dna telefonska \u0161tevilka:\u00a0080 51 00\u00a0\u2013 24 ur na dan. Ve\u010d o tej vsebini na spletni strani NIJZ: www.nijz.si\/sl\/zazivel-nov-telefon-za-psiholosko-podporo-ob-epidemiji-covid-19-080-51-00 Nevenka Ra\u017eman, sanit. in\u017e. koordinator programov preventive (PP) in promocije zdravja (PZ) &nbsp; Related Images:<\/p>\n","protected":false},"author":54509,"featured_media":0,"parent":0,"menu_order":0,"comment_status":"closed","ping_status":"closed","template":"","meta":{"_et_pb_use_builder":"","_et_pb_old_content":"","_et_gb_content_width":"","ngg_post_thumbnail":0,"footnotes":"","_expiration-date-status":"saved","_expiration-date":0,"_expiration-date-type":"","_expiration-date-categories":[],"_expiration-date-options":[]},"class_list":["post-16855","page","type-page","status-publish","hentry"],"_links":{"self":[{"href":"https:\/\/oskoper.splet.arnes.si\/index.php?rest_route=\/wp\/v2\/pages\/16855","targetHints":{"allow":["GET"]}}],"collection":[{"href":"https:\/\/oskoper.splet.arnes.si\/index.php?rest_route=\/wp\/v2\/pages"}],"about":[{"href":"https:\/\/oskoper.splet.arnes.si\/index.php?rest_route=\/wp\/v2\/types\/page"}],"author":[{"embeddable":true,"href":"https:\/\/oskoper.splet.arnes.si\/index.php?rest_route=\/wp\/v2\/users\/54509"}],"replies":[{"embeddable":true,"href":"https:\/\/oskoper.splet.arnes.si\/index.php?rest_route=%2Fwp%2Fv2%2Fcomments&post=16855"}],"version-history":[{"count":1,"href":"https:\/\/oskoper.splet.arnes.si\/index.php?rest_route=\/wp\/v2\/pages\/16855\/revisions"}],"predecessor-version":[{"id":16857,"href":"https:\/\/oskoper.splet.arnes.si\/index.php?rest_route=\/wp\/v2\/pages\/16855\/revisions\/16857"}],"wp:attachment":[{"href":"https:\/\/oskoper.splet.arnes.si\/index.php?rest_route=%2Fwp%2Fv2%2Fmedia&parent=16855"}],"curies":[{"name":"wp","href":"https:\/\/api.w.org\/{rel}","templated":true}]}}