{"id":16841,"date":"2020-11-25T09:13:18","date_gmt":"2020-11-25T08:13:18","guid":{"rendered":"http:\/\/oskoper.splet.arnes.si\/?page_id=16841"},"modified":"2020-11-25T09:14:46","modified_gmt":"2020-11-25T08:14:46","slug":"logout","status":"publish","type":"page","link":"https:\/\/oskoper.splet.arnes.si\/?page_id=16841","title":{"rendered":"LOGOUT"},"content":{"rendered":"<p>Spo\u0161tovani star\u0161i, skrbniki!<\/p>\n<p>V izolski enoti Logout nudimo pomo\u010d in podporo v primerih, da se va\u0161i otroci, mladostniki in star\u0161i oziroma skrbniki znajdete v stiski zaradi prekomerne uporabe digitalnih naprav.<\/p>\n<p>Predvsem v trenutnih razmerah, ko \u017ee zaradi obveznosti \u0161olanja in dela pre\u017eivimo ve\u010d \u010dasa pred zasloni in vzporedno zaradi upada dru\u017eenja v \u017eivo in ostalih prosto\u010dasnih dejavnostih veliko posameznikov pre\u017eivi preve\u010d \u010dasa na napravah tudi v prostem \u010dasu, kar lahko vpliva na ni\u017eje splo\u0161no po\u010dutje, zdravje in zadovoljstvo.<\/p>\n<p>Nudimo svetovanja na daljavo (preko Skype-a, Discord-a, Zoom-a, elektronske po\u0161te in telefona).<\/p>\n<p>Vsa individualna svetovanja so brezpla\u010dna.<\/p>\n<p>Kontakt:<br \/>\nEmail:\u00a0<a href=\"mailto:info@logout.si\">info@logout.si<\/a>\u00a0ali\u00a0<a href=\"mailto:janez.arh@logout.si\">janez.arh@logout.si<\/a><br \/>\nTel: 080 73 76 ali 064 236 516<\/p>\n<p>Obi\u0161\u010dite nas tudi na spletu:<br \/>\n<a href=\"http:\/\/www.logout.si\/\">www.logout.si<\/a><br \/>\n<a href=\"http:\/\/www.facebook.com\/logout.si\">www.facebook.com\/logout.si<\/a><\/p>\n<p>&nbsp;<\/p>\n<h3>Related Images:<\/h3>","protected":false},"excerpt":{"rendered":"<p>Spo\u0161tovani star\u0161i, skrbniki! V izolski enoti Logout nudimo pomo\u010d in podporo v primerih, da se va\u0161i otroci, mladostniki in star\u0161i oziroma skrbniki znajdete v stiski zaradi prekomerne uporabe digitalnih naprav. Predvsem v trenutnih razmerah, ko \u017ee zaradi obveznosti \u0161olanja in dela pre\u017eivimo ve\u010d \u010dasa pred zasloni in vzporedno zaradi upada dru\u017eenja v \u017eivo in ostalih [&hellip;]<\/p>\n","protected":false},"author":54509,"featured_media":0,"parent":0,"menu_order":0,"comment_status":"closed","ping_status":"closed","template":"","meta":{"_et_pb_use_builder":"","_et_pb_old_content":"","_et_gb_content_width":"","ngg_post_thumbnail":0,"footnotes":""},"class_list":["post-16841","page","type-page","status-publish","hentry"],"publishpress_future_action":{"enabled":false,"date":"2026-05-24 22:26:34","action":"change-status","newStatus":"draft","terms":[],"taxonomy":"","extraData":[]},"publishpress_future_workflow_manual_trigger":{"enabledWorkflows":[]},"_links":{"self":[{"href":"https:\/\/oskoper.splet.arnes.si\/index.php?rest_route=\/wp\/v2\/pages\/16841","targetHints":{"allow":["GET"]}}],"collection":[{"href":"https:\/\/oskoper.splet.arnes.si\/index.php?rest_route=\/wp\/v2\/pages"}],"about":[{"href":"https:\/\/oskoper.splet.arnes.si\/index.php?rest_route=\/wp\/v2\/types\/page"}],"author":[{"embeddable":true,"href":"https:\/\/oskoper.splet.arnes.si\/index.php?rest_route=\/wp\/v2\/users\/54509"}],"replies":[{"embeddable":true,"href":"https:\/\/oskoper.splet.arnes.si\/index.php?rest_route=%2Fwp%2Fv2%2Fcomments&post=16841"}],"version-history":[{"count":2,"href":"https:\/\/oskoper.splet.arnes.si\/index.php?rest_route=\/wp\/v2\/pages\/16841\/revisions"}],"predecessor-version":[{"id":16847,"href":"https:\/\/oskoper.splet.arnes.si\/index.php?rest_route=\/wp\/v2\/pages\/16841\/revisions\/16847"}],"wp:attachment":[{"href":"https:\/\/oskoper.splet.arnes.si\/index.php?rest_route=%2Fwp%2Fv2%2Fmedia&parent=16841"}],"curies":[{"name":"wp","href":"https:\/\/api.w.org\/{rel}","templated":true}]}}