{"id":16555,"date":"2020-11-18T11:22:15","date_gmt":"2020-11-18T10:22:15","guid":{"rendered":"http:\/\/oskoper.splet.arnes.si\/?page_id=16555"},"modified":"2024-11-29T13:40:53","modified_gmt":"2024-11-29T12:40:53","slug":"karierna-orientacija-2","status":"publish","type":"page","link":"https:\/\/oskoper.splet.arnes.si\/?page_id=16555","title":{"rendered":"Karierna orientacija"},"content":{"rendered":"<p>[et_pb_section fb_built=&#8221;1&#8243; fullwidth=&#8221;on&#8221; admin_label=&#8221;Section&#8221; _builder_version=&#8221;4.16&#8243; background_color=&#8221;rgba(255,255,255,0)&#8221; transparent_background=&#8221;on&#8221; global_colors_info=&#8221;{}&#8221;][et_pb_fullwidth_menu menu_id=&#8221;67&#8243; submenu_direction=&#8221;downwards&#8221; fullwidth_menu=&#8221;off&#8221; active_link_color=&#8221;#dd3333&#8243; admin_label=&#8221;Fullwidth Menu&#8221; _builder_version=&#8221;4.16&#8243; menu_font=&#8221;|on|||&#8221; menu_text_color=&#8221;#31661f&#8221; background_color=&#8221;rgba(255,255,255,0)&#8221; text_orientation=&#8221;justified&#8221; saved_tabs=&#8221;all&#8221; global_colors_info=&#8221;{}&#8221;][\/et_pb_fullwidth_menu][\/et_pb_section][et_pb_section fb_built=&#8221;1&#8243; admin_label=&#8221;section&#8221; _builder_version=&#8221;4.16&#8243; global_colors_info=&#8221;{}&#8221;][et_pb_row column_structure=&#8221;1_2,1_2&#8243; admin_label=&#8221;row&#8221; _builder_version=&#8221;4.16&#8243; background_size=&#8221;initial&#8221; background_position=&#8221;top_left&#8221; background_repeat=&#8221;repeat&#8221; global_colors_info=&#8221;{}&#8221;][et_pb_column type=&#8221;1_2&#8243; _builder_version=&#8221;4.16&#8243; custom_padding=&#8221;|||&#8221; global_colors_info=&#8221;{}&#8221; custom_padding__hover=&#8221;|||&#8221;][et_pb_text admin_label=&#8221;Text&#8221; _builder_version=&#8221;4.27.0&#8243; background_size=&#8221;initial&#8221; background_position=&#8221;top_left&#8221; background_repeat=&#8221;repeat&#8221; hover_enabled=&#8221;0&#8243; global_colors_info=&#8221;{}&#8221; sticky_enabled=&#8221;0&#8243;]<\/p>\n<ul>\n<li><a href=\"http:\/\/oskoper.splet.arnes.si\/files\/2020\/11\/NAPOTKI-DEVETO\u0160OLCEM.pdf\">Napotki deveto\u0161olcem<\/a><\/li>\n<\/ul>\n<p><strong>Dodatne informacije na naslednjih povezavah:<\/strong><\/p>\n<ul>\n<li><a href=\"https:\/\/www.gov.si\/teme\/vpis-v-srednjo-solo\/\">Ministrstvo za izobra\u017eevanje, znanost in \u0161port &#8211; Vpis v srednje \u0161ole<\/a><\/li>\n<li><a href=\"http:\/\/eportal.mss.edus.si\/msswww\/programi2016\/programi\/media\/Shema_VI_SLO.pdf\">Zgradba vzgoje in izobra\u017eevanja v Republiki Sloveniji<\/a><\/li>\n<li><strong>Poklicni ka\u017eipot:<\/strong> <a href=\"http:\/\/www.mojaizbira.si\/\">MojaIzbira.si<\/a>, <a href=\"http:\/\/www.dijaski.net\/\">Dijaski.net<\/a>, <a href=\"https:\/\/www.ess.gov.si\/iskalci-zaposlitve\/poklici-in-kompetence\/opisi-poklicev\/\">opisi poklicev<\/a><\/li>\n<li><a href=\"http:\/\/www.sklad-kadri.si\/si\/stipendije\/\">\u0160tipendije<\/a><\/li>\n<\/ul>\n<p><strong>Poklicni barometer<\/strong><\/p>\n<p>Katerih kadrov bo primanjkovalo prihodnje leto?<\/p>\n<p><a href=\"https:\/\/www.ess.gov.si\/partnerji\/trg-dela\/poklicni-barometer\/\">https:\/\/www.ess.gov.si\/partnerji\/trg-dela\/poklicni-barometer\/<\/a><\/p>\n<p>&nbsp;<\/p>\n<p><strong>Dan odprtih vrat:<\/strong><\/p>\n<ul>\n<li><a href=\"https:\/\/oskoper.splet.arnes.si\/files\/2024\/11\/geps_plakatdan-odprtih-vrat-2024-scaled.jpg\">Elektro in pomorska \u0161ola Portoro\u017e<\/a><\/li>\n<li><a href=\"https:\/\/oskoper.splet.arnes.si\/files\/2024\/11\/Skofijska-gimnazija-Vipava-dan-odprtih-vrat.pdf\">\u0160kofijska gimnazija Vipava<\/a><\/li>\n<li><a href=\"https:\/\/oskoper.splet.arnes.si\/files\/2024\/11\/Srednja-sola-Izola-Letak_Dan-odp-vrat.jpg\">Srednja \u0161ola Izola<\/a><\/li>\n<\/ul>\n<p>&nbsp;<\/p>\n<p>&nbsp;<\/p>\n<p>[\/et_pb_text][\/et_pb_column][et_pb_column type=&#8221;1_2&#8243; _builder_version=&#8221;4.16&#8243; _module_preset=&#8221;default&#8221; global_colors_info=&#8221;{}&#8221;][et_pb_text _builder_version=&#8221;4.27.0&#8243; _module_preset=&#8221;default&#8221; global_colors_info=&#8221;{}&#8221;]<\/p>\n<h3 style=\"text-align: center\">Aktualne novice<\/h3>\n<ul>\n<li><span style=\"color: #000000\">NOVA MERILA v primeru omejitve vpisa v 1. letnik srednje \u0161ole<\/span><a href=\"https:\/\/www.gov.si\/zbirke\/storitve\/prijava-za-opravljanje-preizkusov-nadarjenosti-znanja-in-spretnosti-in-izpolnjevanje-posebnih-pogojev-za-vpis\/\"><br \/><\/a><a href=\"https:\/\/www.gov.si\/novice\/2024-08-23-nova-merila-za-izbiro-kandidatov-v-primeru-omejitve-vpisa-v-srednjesolske-programe\/\">https:\/\/www.gov.si\/novice\/2024-08-23-nova-merila-za-izbiro-kandidatov-v-primeru-omejitve-vpisa-v-srednjesolske-programe\/<\/a><\/li>\n<li><span style=\"color: #000000\">Formula za izra\u010dun to\u010dk: <\/span><a href=\"https:\/\/www.gov.si\/assets\/ministrstva\/MVI\/Dokumenti\/Formula-za-izracun-vsote-tock-v-primeru-omejitve-vpisa-v-srednjo-solo.doc\">https:\/\/www.gov.si\/assets\/ministrstva\/MVI\/Dokumenti\/Formula-za-izracun-vsote-tock-v-primeru-omejitve-vpisa-v-srednjo-solo.doc<\/a><\/li>\n<li><span style=\"color: #000000\">Dnevi odprtih vrat na srednjih \u0161olah:<\/span>\n<ul><\/ul>\n<p><span style=\"color: #000000\">Gimnazija Piran \u2013 torek, 26.11.2024 ob 17.30<\/span> (<a href=\"https:\/\/oskoper.splet.arnes.si\/files\/2024\/11\/Dan_odprtih_vrat_2024_Plakat_GEPS-2-scaled.jpg\">plakat<\/a>)<\/p>\n<\/li>\n<li><a href=\"https:\/\/oskoper.splet.arnes.si\/files\/2024\/11\/Rokovnik-za-vpis-na-srednje-sole-2025-2026.pdf\" rel=\"attachment wp-att-30729\">Rokovnik za vpis na srednje \u0161ole 2025-2026<\/a><\/li>\n<li><a href=\"https:\/\/www.gov.si\/assets\/ministrstva\/MIZS\/Dokumenti\/Srednja-sola\/Razpis-za-vpis-v-srednje-sole-in-dijaske-domove\/Razpis_2019_20\/Merila_za_izracun_tock.xls\">Tabela za izra\u010dun to\u010dk v primeru omejitve vpisa<\/a><\/li>\n<li><a href=\"https:\/\/www.gov.si\/zbirke\/storitve\/prijava-za-opravljanje-preizkusov-nadarjenosti-znanja-in-spretnosti-in-izpolnjevanje-posebnih-pogojev-za-vpis\/\">Prijava za opravljanje preizkusov nadarjenosti, znanja in spretnosti in izpolnjevanje posebnih pogojev za vpis<\/a><\/li>\n<\/ul>\n<p>&nbsp;<\/p>\n<p>&nbsp;<\/p>\n<p>[\/et_pb_text][\/et_pb_column][\/et_pb_row][\/et_pb_section]<\/p>\n<h3>Related Images:<\/h3>","protected":false},"excerpt":{"rendered":"<p>Napotki deveto\u0161olcem Dodatne informacije na naslednjih povezavah: Ministrstvo za izobra\u017eevanje, znanost in \u0161port &#8211; Vpis v srednje \u0161ole Zgradba vzgoje in izobra\u017eevanja v Republiki Sloveniji Poklicni ka\u017eipot: MojaIzbira.si, Dijaski.net, opisi poklicev \u0160tipendije Poklicni barometer Katerih kadrov bo primanjkovalo prihodnje leto? https:\/\/www.ess.gov.si\/partnerji\/trg-dela\/poklicni-barometer\/ &nbsp; Dan odprtih vrat: Elektro in pomorska \u0161ola Portoro\u017e \u0160kofijska gimnazija Vipava Srednja \u0161ola [&hellip;]<\/p>\n","protected":false},"author":54509,"featured_media":0,"parent":0,"menu_order":0,"comment_status":"closed","ping_status":"closed","template":"","meta":{"_et_pb_use_builder":"on","_et_pb_old_content":"<p>\u00a0<\/p><p>\u00a0<\/p>","_et_gb_content_width":"","ngg_post_thumbnail":0,"footnotes":"","_expiration-date-status":"","_expiration-date":0,"_expiration-date-type":"","_expiration-date-categories":[],"_expiration-date-options":[]},"class_list":["post-16555","page","type-page","status-publish","hentry"],"_links":{"self":[{"href":"https:\/\/oskoper.splet.arnes.si\/index.php?rest_route=\/wp\/v2\/pages\/16555","targetHints":{"allow":["GET"]}}],"collection":[{"href":"https:\/\/oskoper.splet.arnes.si\/index.php?rest_route=\/wp\/v2\/pages"}],"about":[{"href":"https:\/\/oskoper.splet.arnes.si\/index.php?rest_route=\/wp\/v2\/types\/page"}],"author":[{"embeddable":true,"href":"https:\/\/oskoper.splet.arnes.si\/index.php?rest_route=\/wp\/v2\/users\/54509"}],"replies":[{"embeddable":true,"href":"https:\/\/oskoper.splet.arnes.si\/index.php?rest_route=%2Fwp%2Fv2%2Fcomments&post=16555"}],"version-history":[{"count":15,"href":"https:\/\/oskoper.splet.arnes.si\/index.php?rest_route=\/wp\/v2\/pages\/16555\/revisions"}],"predecessor-version":[{"id":30933,"href":"https:\/\/oskoper.splet.arnes.si\/index.php?rest_route=\/wp\/v2\/pages\/16555\/revisions\/30933"}],"wp:attachment":[{"href":"https:\/\/oskoper.splet.arnes.si\/index.php?rest_route=%2Fwp%2Fv2%2Fmedia&parent=16555"}],"curies":[{"name":"wp","href":"https:\/\/api.w.org\/{rel}","templated":true}]}}