{"id":1566,"date":"2016-10-24T14:01:42","date_gmt":"2016-10-24T12:01:42","guid":{"rendered":"http:\/\/oskoper.splet.arnes.si\/?page_id=1566"},"modified":"2024-09-25T11:20:23","modified_gmt":"2024-09-25T09:20:23","slug":"sodelovanje-s-starsi","status":"publish","type":"page","link":"https:\/\/oskoper.splet.arnes.si\/?page_id=1566","title":{"rendered":"Sodelovanje s star\u0161i"},"content":{"rendered":"<p>[et_pb_section fb_built=&#8221;1&#8243; fullwidth=&#8221;on&#8221; admin_label=&#8221;Section&#8221; _builder_version=&#8221;4.16&#8243; background_color=&#8221;rgba(255,255,255,0)&#8221; transparent_background=&#8221;on&#8221; global_colors_info=&#8221;{}&#8221;][et_pb_fullwidth_menu menu_id=&#8221;61&#8243; submenu_direction=&#8221;downwards&#8221; fullwidth_menu=&#8221;off&#8221; active_link_color=&#8221;#dd3333&#8243; admin_label=&#8221;Fullwidth Menu&#8221; _builder_version=&#8221;4.16&#8243; menu_font=&#8221;|on|||&#8221; menu_text_color=&#8221;#31661f&#8221; background_color=&#8221;rgba(188,188,188,0)&#8221; text_orientation=&#8221;justified&#8221; saved_tabs=&#8221;all&#8221; global_colors_info=&#8221;{}&#8221;][\/et_pb_fullwidth_menu][\/et_pb_section][et_pb_section fb_built=&#8221;1&#8243; admin_label=&#8221;section&#8221; _builder_version=&#8221;4.16&#8243; global_colors_info=&#8221;{}&#8221;][et_pb_row admin_label=&#8221;row&#8221; _builder_version=&#8221;4.16&#8243; background_size=&#8221;initial&#8221; background_position=&#8221;top_left&#8221; background_repeat=&#8221;repeat&#8221; global_colors_info=&#8221;{}&#8221;][et_pb_column type=&#8221;4_4&#8243; _builder_version=&#8221;4.16&#8243; custom_padding=&#8221;|||&#8221; global_colors_info=&#8221;{}&#8221; custom_padding__hover=&#8221;|||&#8221;][et_pb_text admin_label=&#8221;Text&#8221; _builder_version=&#8221;4.27.0&#8243; background_size=&#8221;initial&#8221; background_position=&#8221;top_left&#8221; background_repeat=&#8221;repeat&#8221; hover_enabled=&#8221;0&#8243; use_border_color=&#8221;off&#8221; border_color=&#8221;#ffffff&#8221; border_style=&#8221;solid&#8221; global_colors_info=&#8221;{}&#8221; sticky_enabled=&#8221;0&#8243;]<\/p>\n<h3>RODITELJSKI SESTANKI<\/h3>\n<p>V \u0161olskem letu\u00a0 bodo za posamezni oddelek organizirani predvidoma trije roditeljski sestanki: prvi v mesecu septembru, drugi po dogovoru in tretji v aprilu ali maju.<\/p>\n<p>Strokovni delavci \u0161ole sodelujejo s star\u0161i zlasti pri:<\/p>\n<ul>\n<li>vzajemnem prizadevanju za razvoj in vzgojo u\u010dencev,<\/li>\n<li>organiziranju interesnih dejavnosti in izrabi prostega \u010dasa,<\/li>\n<li>organizirani nabavi u\u010dbenikov,<\/li>\n<li>usmerjanju in poklicnem svetovanju u\u010dencem,<\/li>\n<li>vzgoji za humane odnose,<\/li>\n<li>organizaciji prehrane za u\u010dence.<\/li>\n<\/ul>\n<p>Na prvem roditeljskem sestanku izvolijo star\u0161i posameznega oddelka svojega predstavnika v svet star\u0161ev. Roditeljski sestanki so lahko organizirani za posamezni oddelek,\u00a0 skupno za ve\u010d oddelkov ali skupno za celotno \u0161olo.<\/p>\n<p>V delo \u0161ole se star\u0161i vklju\u010dujejo tudi preko sveta star\u0161ev, ki je posvetovalni organ ravnatelja in u\u010diteljskega zbora. Sestavljajo ga predstavniki star\u0161ev, izvoljeni na roditeljskih sestankih posameznih oddelkov.<\/p>\n<p>&nbsp;<\/p>\n<p><a href=\"https:\/\/oskoper.splet.arnes.si\/files\/2024\/09\/Program-predavanj-in-roditeljskih-sestankov-za-starse-za-solsko-leto-2024-2025.pdf\">Program predavanj in roditeljskih sestankov za star\u0161e za \u0161olsko leto 2024\/25<\/a><\/p>\n<p>&nbsp;<\/p>\n<p><strong>Vabila na roditeljske sestanke:<\/strong><\/p>\n<p><a href=\"https:\/\/oskoper.splet.arnes.si\/files\/2024\/09\/VABILO-RS.pdf\" rel=\"attachment wp-att-30452\">Vabilo na 2. roditeljski sestanek &#8211; razredna stopnja<\/a><\/p>\n<p><a href=\"https:\/\/oskoper.splet.arnes.si\/files\/2024\/09\/VABILO-PS.pdf\" rel=\"attachment wp-att-30453\">Vabilo na 2. roditeljski sestanek &#8211; predmetna stopnja<\/a><strong><\/strong><\/p>\n<p>&nbsp;<\/p>\n<p>&nbsp;<\/p>\n<p>[\/et_pb_text][\/et_pb_column][\/et_pb_row][\/et_pb_section]<\/p>\n<h3>Related Images:<\/h3>","protected":false},"excerpt":{"rendered":"<p>RODITELJSKI SESTANKI V \u0161olskem letu\u00a0 bodo za posamezni oddelek organizirani predvidoma trije roditeljski sestanki: prvi v mesecu septembru, drugi po dogovoru in tretji v aprilu ali maju. Strokovni delavci \u0161ole sodelujejo s star\u0161i zlasti pri: vzajemnem prizadevanju za razvoj in vzgojo u\u010dencev, organiziranju interesnih dejavnosti in izrabi prostega \u010dasa, organizirani nabavi u\u010dbenikov, usmerjanju in poklicnem [&hellip;]<\/p>\n","protected":false},"author":9402,"featured_media":0,"parent":0,"menu_order":0,"comment_status":"closed","ping_status":"open","template":"","meta":{"_et_pb_use_builder":"on","_et_pb_old_content":"<p>RODITELJSKI SESTANKI<\/p><p>V \u0161olskem letu 2016\/2017 bodo za posamezni oddelek organizirani predvidoma trije roditeljski sestanki: prvi v mesecu septembru, drugi po dogovoru in tretji v aprilu ali maju.<\/p><p>Strokovni delavci \u0161ole sodelujejo s star\u0161i zlasti pri:<\/p><ul><li>vzajemnem prizadevanju za razvoj in vzgojo u\u010dencev,<\/li><li>organiziranju interesnih dejavnosti in izrabi prostega \u010dasa,<\/li><li>organizirani nabavi u\u010dbenikov,<\/li><li>usmerjanju in poklicnem svetovanju u\u010dencem,<\/li><li>vzgoji za humane odnose,<\/li><li>organizaciji prehrane za u\u010dence.<\/li><\/ul><p>Na prvem roditeljskem sestanku izvolijo star\u0161i posameznega oddelka svojega predstavnika v svet star\u0161ev. Roditeljski sestanki so lahko organizirani za posamezni oddelek, skupno za ve\u010d oddelkov ali skupno za celotno \u0161olo.<\/p><p>V delo \u0161ole se star\u0161i vklju\u010dujejo tudi preko sveta star\u0161ev, ki je posvetovalni organ ravnatelja in u\u010diteljskega zbora. Sestavljajo ga predstavniki star\u0161ev, izvoljeni na roditeljskih sestankih posameznih oddelkov.<\/p><p><a href=\"http:\/\/oskoper.splet.arnes.si\/files\/2016\/10\/Program-roditeljskih-sestankov-po-razredih.pdf\">Program roditeljskih sestankov po razredih<\/a><\/p><p>\u00a0<\/p>","_et_gb_content_width":"","ngg_post_thumbnail":0,"footnotes":"","_expiration-date-status":"","_expiration-date":0,"_expiration-date-type":"","_expiration-date-categories":[],"_expiration-date-options":[]},"class_list":["post-1566","page","type-page","status-publish","hentry"],"_links":{"self":[{"href":"https:\/\/oskoper.splet.arnes.si\/index.php?rest_route=\/wp\/v2\/pages\/1566","targetHints":{"allow":["GET"]}}],"collection":[{"href":"https:\/\/oskoper.splet.arnes.si\/index.php?rest_route=\/wp\/v2\/pages"}],"about":[{"href":"https:\/\/oskoper.splet.arnes.si\/index.php?rest_route=\/wp\/v2\/types\/page"}],"author":[{"embeddable":true,"href":"https:\/\/oskoper.splet.arnes.si\/index.php?rest_route=\/wp\/v2\/users\/9402"}],"replies":[{"embeddable":true,"href":"https:\/\/oskoper.splet.arnes.si\/index.php?rest_route=%2Fwp%2Fv2%2Fcomments&post=1566"}],"version-history":[{"count":16,"href":"https:\/\/oskoper.splet.arnes.si\/index.php?rest_route=\/wp\/v2\/pages\/1566\/revisions"}],"predecessor-version":[{"id":30454,"href":"https:\/\/oskoper.splet.arnes.si\/index.php?rest_route=\/wp\/v2\/pages\/1566\/revisions\/30454"}],"wp:attachment":[{"href":"https:\/\/oskoper.splet.arnes.si\/index.php?rest_route=%2Fwp%2Fv2%2Fmedia&parent=1566"}],"curies":[{"name":"wp","href":"https:\/\/api.w.org\/{rel}","templated":true}]}}