{"id":1502,"date":"2016-10-24T10:33:34","date_gmt":"2016-10-24T08:33:34","guid":{"rendered":"http:\/\/oskoper.splet.arnes.si\/?page_id=1502"},"modified":"2024-08-30T09:18:06","modified_gmt":"2024-08-30T07:18:06","slug":"solska-prehrana","status":"publish","type":"page","link":"https:\/\/oskoper.splet.arnes.si\/?page_id=1502","title":{"rendered":"\u0160olska prehrana"},"content":{"rendered":"<p>[et_pb_section fb_built=&#8221;1&#8243; fullwidth=&#8221;on&#8221; admin_label=&#8221;Section&#8221; _builder_version=&#8221;4.16&#8243; background_color=&#8221;rgba(255,255,255,0)&#8221; transparent_background=&#8221;on&#8221; global_colors_info=&#8221;{}&#8221;][et_pb_fullwidth_menu menu_id=&#8221;63&#8243; submenu_direction=&#8221;downwards&#8221; fullwidth_menu=&#8221;off&#8221; active_link_color=&#8221;#dd3333&#8243; admin_label=&#8221;Fullwidth Menu&#8221; _builder_version=&#8221;4.16&#8243; menu_font=&#8221;|on|||&#8221; menu_text_color=&#8221;#31661f&#8221; background_color=&#8221;rgba(255,255,255,0)&#8221; text_orientation=&#8221;justified&#8221; saved_tabs=&#8221;all&#8221; global_colors_info=&#8221;{}&#8221;][\/et_pb_fullwidth_menu][\/et_pb_section][et_pb_section fb_built=&#8221;1&#8243; admin_label=&#8221;section&#8221; _builder_version=&#8221;4.16&#8243; global_colors_info=&#8221;{}&#8221;][et_pb_row padding_mobile=&#8221;off&#8221; column_padding_mobile=&#8221;on&#8221; admin_label=&#8221;row&#8221; _builder_version=&#8221;4.16&#8243; background_size=&#8221;initial&#8221; background_position=&#8221;top_left&#8221; background_repeat=&#8221;repeat&#8221; global_colors_info=&#8221;{}&#8221;][et_pb_column type=&#8221;4_4&#8243; _builder_version=&#8221;4.16&#8243; custom_padding=&#8221;|||&#8221; global_colors_info=&#8221;{}&#8221; custom_padding__hover=&#8221;|||&#8221;][et_pb_text admin_label=&#8221;Text&#8221; _builder_version=&#8221;4.23.4&#8243; background_size=&#8221;initial&#8221; background_position=&#8221;top_left&#8221; background_repeat=&#8221;repeat&#8221; hover_enabled=&#8221;0&#8243; use_border_color=&#8221;off&#8221; border_color=&#8221;#ffffff&#8221; border_style=&#8221;solid&#8221; global_colors_info=&#8221;{}&#8221; sticky_enabled=&#8221;0&#8243;]<\/p>\n<p>\u0160olsko prehrano urejata Zakon o \u0161olski prehrani ter Pravila \u0161olske prehrane Osnovne \u0161ole Koper.<br \/>\u0160ola za u\u010dence organizira zajtrk, malico, kosilo ter popoldansko malico.<\/p>\n<p><strong>U\u010denci malicajo po drugi \u0161olski uri (od 9.55 do 10.15).<\/strong><\/p>\n<p><strong>\u010cas kosila je med 11.50 in 14.45.<\/strong><\/p>\n<p><strong><\/strong><\/p>\n<p><strong>Odjava obrokov<\/strong><\/p>\n<p>Obroki se odjavijo preko spletne aplikacije mojaMALICA za teko\u010di dan do 8 ure. V kolikor se za odsotnost u\u010denca ve \u017ee vnaprej, je priporo\u010dljivo obroke odjaviti \u010dim prej.<\/p>\n<p>&nbsp;<\/p>\n<p>S prijavo na \u0161olsko prehrano nastopi dol\u017enost u\u010dencev oziroma star\u0161ev, da spo\u0161tujejo Pravila \u0161olske prehrane, pla\u010dajo prispevek za \u0161olsko prehrano in pravo\u010dasno odjavijo posamezne obroke v primeru odsotnosti u\u010denca.<\/p>\n<p><img loading=\"lazy\" decoding=\"async\" src=\"https:\/\/oskoper.splet.arnes.si\/files\/2024\/08\/cenik2024prehrana.png\" width=\"689\" height=\"436\" alt=\"\" class=\"wp-image-30312 alignnone size-full\" style=\"margin-left: auto;margin-right: auto\" srcset=\"https:\/\/oskoper.splet.arnes.si\/files\/2024\/08\/cenik2024prehrana.png 689w, https:\/\/oskoper.splet.arnes.si\/files\/2024\/08\/cenik2024prehrana-480x304.png 480w\" sizes=\"(min-width: 0px) and (max-width: 480px) 480px, (min-width: 481px) 689px, 100vw\" \/><\/p>\n<p>Cene so v evrih in ne vklju\u010dujejo DDV, ta se obra\u010duna po predpisani stopnji.<\/p>\n<p>Cenik velja od 01.09.2023.<\/p>\n<p>&nbsp;<\/p>\n<p>[\/et_pb_text][\/et_pb_column][\/et_pb_row][\/et_pb_section]<\/p>\n<h3>Related Images:<\/h3>","protected":false},"excerpt":{"rendered":"<p>\u0160olsko prehrano urejata Zakon o \u0161olski prehrani ter Pravila \u0161olske prehrane Osnovne \u0161ole Koper.\u0160ola za u\u010dence organizira zajtrk, malico, kosilo ter popoldansko malico. U\u010denci malicajo po drugi \u0161olski uri (od 9.55 do 10.15). \u010cas kosila je med 11.50 in 14.45. Odjava obrokov Obroki se odjavijo preko spletne aplikacije mojaMALICA za teko\u010di dan do 8 ure. [&hellip;]<\/p>\n","protected":false},"author":9402,"featured_media":0,"parent":0,"menu_order":0,"comment_status":"closed","ping_status":"open","template":"","meta":{"_et_pb_use_builder":"on","_et_pb_old_content":"<p>\u0160olsko prehrano urejata Zakon o \u0161olski prehrani ter Pravila \u0161olske prehrane Osnovne \u0161ole Koper.<br \/> \u0160ola organizira za u\u010dence zajtrk, malico, kosilo ter popoldansko malico. S prvim januarjem stopijo v veljavo dolo\u010dbe novega zakona, spremenijo se kriteriji glede upravi\u010denosti do kosila<br \/> U\u010denci malicajo po drugi \u0161olski uri (od 9.55 do 10.15). <strong>\u010cas kosila je med 11.50 in 14.30.<\/strong><br \/> Kosila se odjavljajo ra\u010dunovodstvu \u0161ole na telefon 051 675 141 do 9.00 za teko\u010di dan, malico pa dan pred odsotnostjo u\u010denca na omenjen telefon.<\/p><p>Na\u010din in pravila izvajanja \u0161olske prehrane na Osnovni \u0161oli Koper dolo\u010dajo Pravila \u0161olske prehrane, ki so sestavni del \u017ee oblikovanih \u0161olskih pravil. S prijavo na \u0161olsko prehrano nastopi dol\u017enost u\u010dencev oziroma star\u0161ev, da spo\u0161tujejo Pravila \u0161olske prehrane, pla\u010dajo prispevek za \u0161olsko prehrano in pravo\u010dasno odjavijo posamezne obroke v primeru odsotnosti u\u010denca.<\/p><h5>Cene \u0161olske prehrane:<\/h5><table style=\"height: 421px; border-color: #c2b6b6;\" width=\"585\"><tbody><tr style=\"background-color: #e8e6e6;\"><td style=\"border-color: #999191; width: 254px;\" width=\"254\">\u00a0<\/td><td style=\"border-color: #999191; width: 254px;\" width=\"123\"><strong>Cena z DDV<\/strong><\/td><\/tr><tr style=\"border-color: #adaaaa; background-color: #f2f7e1;\"><td style=\"border-color: #999191; width: 254px;\" width=\"254\">zajtrk u\u010denci<\/td><td style=\"border-color: #999191; width: 254px;\" width=\"123\">0,47<\/td><\/tr><tr style=\"border-color: #adaaaa; background-color: #f2f7e1;\"><td style=\"border-color: #999191; width: 254px;\" width=\"254\">dopoldanska malica u\u010denci<\/td><td style=\"border-color: #999191; width: 254px;\" width=\"123\">0,80<\/td><\/tr><tr style=\"border-color: #adaaaa; background-color: #f2f7e1;\"><td style=\"border-color: #999191; width: 254px;\" width=\"254\">kosilo u\u010denci 1.\u20134. raz.<\/td><td style=\"border-color: #999191; width: 254px;\" width=\"123\">2,67<\/td><\/tr><tr style=\"border-color: #adaaaa; background-color: #f2f7e1;\"><td style=\"border-color: #999191; width: 254px;\" width=\"254\">kosilo u\u010denci 5.\u20139. raz.<\/td><td style=\"border-color: #999191; width: 254px;\" width=\"123\">2,93<\/td><\/tr><tr style=\"border-color: #adaaaa; background-color: #f2f7e1;\"><td style=\"border-color: #999191; width: 254px;\" width=\"254\">ob\u010dasno kosilo u\u010denci 1.\u20134.\u00a0 raz.<\/td><td style=\"border-color: #999191; width: 254px;\" width=\"123\">2,93<\/td><\/tr><tr style=\"border-color: #adaaaa; background-color: #f2f7e1;\"><td style=\"border-color: #999191; width: 254px;\" width=\"254\">ob\u010dasno kosilo u\u010denci 5.\u20139.\u00a0 raz.<\/td><td style=\"border-color: #999191; width: 254px;\" width=\"123\">3,15<\/td><\/tr><tr style=\"border-color: #adaaaa; background-color: #f2f7e1;\"><td style=\"border-color: #999191; width: 254px;\" width=\"254\">popoldanska malica u\u010denci 1.\u20134.\u00a0 raz.<\/td><td style=\"border-color: #999191; width: 254px;\" width=\"123\">0,47<\/td><\/tr><tr style=\"border-color: #adaaaa; background-color: #f2f7e1;\"><td style=\"border-color: #999191; width: 254px;\" width=\"254\">popoldanska malica u\u010denci 5.\u20139.\u00a0 raz.<\/td><td style=\"border-color: #999191; width: 254px;\" width=\"123\">0,64<\/td><\/tr><tr style=\"border-color: #adaaaa; background-color: #f2f7e1;\"><td style=\"border-color: #999191; width: 254px;\" width=\"254\">malica zaposleni<\/td><td style=\"border-color: #999191; width: 254px;\" width=\"123\">1,12<\/td><\/tr><tr style=\"border-color: #adaaaa; background-color: #f2f7e1;\"><td style=\"border-color: #999191; width: 254px;\" width=\"254\">kosilo zaposleni<\/td><td style=\"border-color: #999191; width: 254px;\" width=\"123\">3,79<\/td><\/tr><\/tbody><\/table><p>\u00a0<\/p>","_et_gb_content_width":"","ngg_post_thumbnail":0,"footnotes":"","_expiration-date-status":"","_expiration-date":0,"_expiration-date-type":"","_expiration-date-categories":[],"_expiration-date-options":[]},"class_list":["post-1502","page","type-page","status-publish","hentry"],"_links":{"self":[{"href":"https:\/\/oskoper.splet.arnes.si\/index.php?rest_route=\/wp\/v2\/pages\/1502","targetHints":{"allow":["GET"]}}],"collection":[{"href":"https:\/\/oskoper.splet.arnes.si\/index.php?rest_route=\/wp\/v2\/pages"}],"about":[{"href":"https:\/\/oskoper.splet.arnes.si\/index.php?rest_route=\/wp\/v2\/types\/page"}],"author":[{"embeddable":true,"href":"https:\/\/oskoper.splet.arnes.si\/index.php?rest_route=\/wp\/v2\/users\/9402"}],"replies":[{"embeddable":true,"href":"https:\/\/oskoper.splet.arnes.si\/index.php?rest_route=%2Fwp%2Fv2%2Fcomments&post=1502"}],"version-history":[{"count":15,"href":"https:\/\/oskoper.splet.arnes.si\/index.php?rest_route=\/wp\/v2\/pages\/1502\/revisions"}],"predecessor-version":[{"id":30313,"href":"https:\/\/oskoper.splet.arnes.si\/index.php?rest_route=\/wp\/v2\/pages\/1502\/revisions\/30313"}],"wp:attachment":[{"href":"https:\/\/oskoper.splet.arnes.si\/index.php?rest_route=%2Fwp%2Fv2%2Fmedia&parent=1502"}],"curies":[{"name":"wp","href":"https:\/\/api.w.org\/{rel}","templated":true}]}}