{"id":1420,"date":"2016-10-21T09:06:29","date_gmt":"2016-10-21T07:06:29","guid":{"rendered":"http:\/\/oskoper.splet.arnes.si\/?page_id=1420"},"modified":"2024-06-04T15:58:30","modified_gmt":"2024-06-04T13:58:30","slug":"knjiznica","status":"publish","type":"page","link":"https:\/\/oskoper.splet.arnes.si\/?page_id=1420","title":{"rendered":"Knji\u017enica"},"content":{"rendered":"<p>[et_pb_section fb_built=&#8221;1&#8243; fullwidth=&#8221;on&#8221; admin_label=&#8221;Section&#8221; _builder_version=&#8221;4.16&#8243; background_color=&#8221;rgba(255,255,255,0)&#8221; transparent_background=&#8221;on&#8221; global_colors_info=&#8221;{}&#8221;][et_pb_fullwidth_menu menu_id=&#8221;62&#8243; submenu_direction=&#8221;downwards&#8221; fullwidth_menu=&#8221;off&#8221; active_link_color=&#8221;#dd3333&#8243; admin_label=&#8221;Fullwidth Menu&#8221; _builder_version=&#8221;4.16&#8243; menu_font=&#8221;|on|||&#8221; menu_text_color=&#8221;#31661f&#8221; background_color=&#8221;rgba(255,255,255,0)&#8221; text_orientation=&#8221;justified&#8221; saved_tabs=&#8221;all&#8221; global_colors_info=&#8221;{}&#8221;][\/et_pb_fullwidth_menu][\/et_pb_section][et_pb_section fb_built=&#8221;1&#8243; admin_label=&#8221;section&#8221; _builder_version=&#8221;4.16&#8243; global_colors_info=&#8221;{}&#8221;][et_pb_row padding_mobile=&#8221;off&#8221; column_padding_mobile=&#8221;on&#8221; admin_label=&#8221;row&#8221; _builder_version=&#8221;4.16&#8243; background_size=&#8221;initial&#8221; background_position=&#8221;top_left&#8221; background_repeat=&#8221;repeat&#8221; global_colors_info=&#8221;{}&#8221;][et_pb_column type=&#8221;4_4&#8243; _builder_version=&#8221;4.16&#8243; custom_padding=&#8221;|||&#8221; global_colors_info=&#8221;{}&#8221; custom_padding__hover=&#8221;|||&#8221;][et_pb_text admin_label=&#8221;Text&#8221; _builder_version=&#8221;4.16&#8243; background_size=&#8221;initial&#8221; background_position=&#8221;top_left&#8221; background_repeat=&#8221;repeat&#8221; use_border_color=&#8221;off&#8221; border_color=&#8221;#ffffff&#8221; border_style=&#8221;solid&#8221; global_colors_info=&#8221;{}&#8221;]<\/p>\n<h4>URNIK IZPOSOJE ZA U\u010cENCE<\/h4>\n<p style=\"background: white\"><span style=\"font-family: 'Arial',sans-serif;color: #666666\">Izposoja knjig iz \u0161olske knji\u017enice je mo\u017ena s predhodnim naro\u010dilom na <a href=\"mailto:knjiznica.seoskp@guest.arnes.si\">knjiznica.seoskp@guest.arnes.si<\/a><\/span><\/p>\n<p style=\"background: white\"><span style=\"font-family: 'Arial',sans-serif;color: #666666\">oziroma po navodilih Protokola za zagotavljanje varnega in spodbudnega u\u010dnega okolja v \u010dasu, zaznamovanem s Covid-19.<\/span><\/p>\n<p style=\"background: white\"><span style=\"font-family: 'Arial',sans-serif;color: #666666\"><\/span><\/p>\n<p>Knji\u017eni\u010darki: Kristina Mara\u017e in Viljana Bizjak Ko\u010devar<\/p>\n<p>Kontakt: tel: 056638108, e-mail: <a target=\"_blank\" rel=\"noopener noreferrer\"><span style=\"color: #a3002b\">knjiznica.seoskp@guest.arnes.si<\/span><\/a><\/p>\n<hr \/>\n<p>&nbsp;<\/p>\n<p>[\/et_pb_text][et_pb_toggle title=&#8221;U\u010cNA GRADIVA&#8221; icon_color=&#8221;#e02b20&#8243; open_icon_color=&#8221;#e02b20&#8243; admin_label=&#8221;Toggle&#8221; _builder_version=&#8221;4.23.4&#8243; title_text_color=&#8221;#e02b20&#8243; title_font=&#8221;|on|||&#8221; background_size=&#8221;initial&#8221; background_position=&#8221;top_left&#8221; background_repeat=&#8221;repeat&#8221; hover_enabled=&#8221;0&#8243; use_border_color=&#8221;off&#8221; border_color=&#8221;#ffffff&#8221; border_style=&#8221;solid&#8221; global_colors_info=&#8221;{}&#8221; sticky_enabled=&#8221;0&#8243;]<\/p>\n<ul>\n<li><a href=\"https:\/\/oskoper.splet.arnes.si\/files\/2024\/06\/UCNA-GRADIVA-2024-2025.pdf\">Seznam u\u010dnih gradiv za \u0161olsko leto 2024\/2025 od 1. do 9. razreda<\/a><\/li>\n<\/ul>\n<p>&nbsp;<\/p>\n<p>[\/et_pb_toggle][et_pb_toggle title=&#8221;SEZNAMI KNJIG ZA BRALNO ZNA\u010cKO IN DOMA\u010cE BRANJE&#8221; icon_color=&#8221;#8db259&#8243; open_icon_color=&#8221;#8db259&#8243; admin_label=&#8221;Toggle&#8221; _builder_version=&#8221;4.16&#8243; title_text_color=&#8221;#3b7201&#8243; title_font=&#8221;|on|||&#8221; background_size=&#8221;initial&#8221; background_position=&#8221;top_left&#8221; background_repeat=&#8221;repeat&#8221; use_border_color=&#8221;off&#8221; border_color=&#8221;#ffffff&#8221; border_style=&#8221;solid&#8221; global_colors_info=&#8221;{}&#8221;]<\/p>\n<table>\n<tbody>\n<tr>\n<td><a href=\"https:\/\/oskoper.splet.arnes.si\/files\/2021\/09\/BZ-DB-1.-razred.pdf\">1. razred<\/a><\/td>\n<td><a href=\"https:\/\/oskoper.splet.arnes.si\/files\/2021\/09\/BZ-DB-2.-razred.pdf\">2. razred<\/a><\/td>\n<td><a href=\"https:\/\/oskoper.splet.arnes.si\/files\/2021\/09\/BZ-DB-3.-razred.pdf\">3. razred<\/a><\/td>\n<td><a href=\"https:\/\/oskoper.splet.arnes.si\/files\/2021\/09\/BZ-DB-4.-razred.pdf\">4. razred<\/a><\/td>\n<td><a href=\"https:\/\/oskoper.splet.arnes.si\/files\/2021\/09\/BZ-DB-5.-razred.pdf\">5. razred<\/a><\/td>\n<\/tr>\n<tr>\n<td><a href=\"https:\/\/oskoper.splet.arnes.si\/files\/2021\/09\/BZ-DB-6.-razred.pdf\">6. razred<\/a><\/td>\n<td><a href=\"https:\/\/oskoper.splet.arnes.si\/files\/2021\/09\/BZ-DB-7.-razred.pdf\">7. razred<\/a><\/td>\n<td><a href=\"https:\/\/oskoper.splet.arnes.si\/files\/2021\/09\/BZ-DB-8.-razred.pdf\">8. razred<\/a><\/td>\n<td><a href=\"https:\/\/oskoper.splet.arnes.si\/files\/2021\/09\/BZ-DB-9.-razred.pdf\">9. razred<\/a><\/td>\n<td><\/td>\n<\/tr>\n<\/tbody>\n<\/table>\n<p>&nbsp;<\/p>\n<p>[\/et_pb_toggle][et_pb_toggle title=&#8221;ANGLE\u0160KA BRALNA ZNA\u010cKA&#8221; icon_color=&#8221;#0c71c3&#8243; open_icon_color=&#8221;#0c71c3&#8243; admin_label=&#8221;Toggle&#8221; _builder_version=&#8221;4.18.0&#8243; title_text_color=&#8221;#0c71c3&#8243; title_font=&#8221;|on|||&#8221; background_size=&#8221;initial&#8221; background_position=&#8221;top_left&#8221; background_repeat=&#8221;repeat&#8221; use_border_color=&#8221;off&#8221; border_color=&#8221;#ffffff&#8221; border_style=&#8221;solid&#8221; global_colors_info=&#8221;{}&#8221;]<\/p>\n<p><a href=\"http:\/\/oskoper.splet.arnes.si\/files\/2016\/10\/whaly-reading.jpg\"><img loading=\"lazy\" decoding=\"async\" class=\"alignleft size-medium wp-image-11361\" src=\"http:\/\/oskoper.splet.arnes.si\/files\/2016\/10\/whaly-reading-300x255.jpg\" alt=\"\" width=\"300\" height=\"255\" srcset=\"https:\/\/oskoper.splet.arnes.si\/files\/2016\/10\/whaly-reading-300x255.jpg 300w, https:\/\/oskoper.splet.arnes.si\/files\/2016\/10\/whaly-reading.jpg 350w\" sizes=\"(max-width: 300px) 100vw, 300px\" \/><\/a><\/p>\n<p>Dragi u\u010denci, spo\u0161tovani star\u0161i\/skrbniki.<\/p>\n<p>Tekmovanje za angle\u0161ko bralno zna\u010dko <em>Whaly reading badge<\/em> poteka za u\u010dence od 4. do 9. razreda. Naloge, ki se navezujejo na knjige s seznama, so prilagojene starosti in predznanju. Sodelovanje pri bralni zna\u010dki toplo priporo\u010damo, saj branje v tujem jeziku pomaga \u0161iriti besedi\u0161\u010de, utrjevati slovnico, poglablja uporabo jezika in pravopisa. Pri pouku obi\u010dajno ne moremo prebirati dalj\u0161ih knjig, zato to vrzel dopolnjujemo z bralno zna\u010dko. Knjige so primerne za slab\u0161e in bolj\u0161e u\u010dence. Uspe\u0161nej\u0161i u\u010denci lahko v sedmem, osmem in devetem razredu namesto treh preberejo eno zahtevnej\u0161o knjigo. V devetem razredu je to knjiga, ki je prepisana tudi za tekmovanje iz angle\u0161kega jezika na dr\u017eavni ravni.<\/p>\n<p>Na\u0161e priporo\u010dilo je, da vsi u\u010denci preberejo vsaj eno knjigo, tudi \u010de se ne bodo udele\u017eili tekmovanja. Vsako leto se veliko u\u010dencev navdu\u0161i za branje, ko pa je potrebno poprijeti za knjigo, motivacija upade. Tukaj imate veliko vlogo star\u0161i, ki poleg nas u\u010diteljev lahko motivirate otroka za branje. Svetujemo, da se u\u010denci lotijo branja \u010dim prej, dokler so knjige \u0161e na razpolago. Obi\u010dajno jih je tik pred tekmovanjem te\u017eko dobiti.<\/p>\n<p>Tekmovanje bo spomladi. U\u010denci \u010detrtega razreda bodo knjige brali pri pouku in doma in tekmovalne naloge re\u0161evali pri pouku. Peti razredi bodo knjige prebirali v \u0161oli in doma in v \u0161oli ob njih opravljali razli\u010dne kreativne naloge.<\/p>\n<p>U\u010denci na seznamu petih knjig izberejo vsaj tri, lahko pa preberejo vseh pet in na tekmovanju re\u0161ujejo vpra\u0161anja o vseh petih knjigah. V sedmem, osmem in devetem razredu pa u\u010denci lahko namesto treh preberejo eno zahtevnej\u0161o knjigo. \u0160esto\u0161olci imajo na izbiro tudi dve knjigi, ki se za\u010dneta v slovenskem jeziku in postopoma prehajata v angle\u0161ki jezik. Na tekmovanju upo\u0161tevamo to\u010dke za zlato in srebrno priznanje pri tistih treh knjigah, pri katerih je u\u010denec dosegel najve\u010d to\u010dk. Vsi udele\u017eenci tekmovanja, ki preberejo in odgovorijo na vpra\u0161anja o vsaj treh knjigah,\u00a0 prejmejo tudi potrdilo o sodelovanju. Za vsa dodatna vpra\u0161anja se lahko obrnete na u\u010diteljice angle\u0161\u010dine.<\/p>\n<p>Seznam knjig je v knji\u017enici, v u\u010dilnicah in pred kabinetom angle\u0161\u010dine ter na \u0161olski spletni strani pod zavihkom knji\u017enica.<\/p>\n<p>U\u010ditelji angle\u0161\u010dine<\/p>\n<p><a href=\"https:\/\/oskoper.splet.arnes.si\/files\/2023\/10\/Seznam-Whaly-reading-badge-2023-24.pdf\" rel=\"attachment wp-att-27179\">Seznam Whaly reading badge 2023\/24<\/a><\/p>\n<p>&nbsp;<\/p>\n<p>[\/et_pb_toggle][et_pb_toggle title=&#8221;ITALIJANSKA BRALNA ZNA\u010cKA&#8221; icon_color=&#8221;#8300e9&#8243; open_icon_color=&#8221;#8300e9&#8243; admin_label=&#8221;Toggle&#8221; _builder_version=&#8221;4.18.0&#8243; title_text_color=&#8221;#8300e9&#8243; title_font=&#8221;|on|||&#8221; background_size=&#8221;initial&#8221; background_position=&#8221;top_left&#8221; background_repeat=&#8221;repeat&#8221; use_border_color=&#8221;off&#8221; border_color=&#8221;#ffffff&#8221; border_style=&#8221;solid&#8221; global_colors_info=&#8221;{}&#8221;]<\/p>\n<p><img loading=\"lazy\" decoding=\"async\" src=\"https:\/\/oskoper.splet.arnes.si\/files\/2023\/10\/Slika1ita.jpg\" width=\"290\" height=\"290\" alt=\"\" class=\"wp-image-27192 alignnone size-full\" style=\"float: left\" srcset=\"https:\/\/oskoper.splet.arnes.si\/files\/2023\/10\/Slika1ita.jpg 290w, https:\/\/oskoper.splet.arnes.si\/files\/2023\/10\/Slika1ita-150x150.jpg 150w, https:\/\/oskoper.splet.arnes.si\/files\/2023\/10\/Slika1ita-100x100.jpg 100w\" sizes=\"(max-width: 290px) 100vw, 290px\" \/>BRALNA ZNA\u010cKA: ITALIJANSKI JEZIK 2023\/2024<\/p>\n<p style=\"margin: 0cm;background: white;vertical-align: baseline\"><span style=\"font-size: 10.5pt;font-family: 'Open Sans',sans-serif;color: #353535\">Pozdravljeni u\u010denci\u00a0in u\u010denke!<\/span><\/p>\n<p style=\"margin: 0cm;background: white;vertical-align: baseline\"><span style=\"font-size: 10.5pt;font-family: 'Open Sans',sans-serif;color: #353535\">\u00a0<\/span><\/p>\n<p style=\"margin: 0cm;text-align: justify;background: white;vertical-align: baseline\"><span style=\"font-size: 10.5pt;font-family: 'Open Sans',sans-serif;color: #353535\">Tudi v \u0161olskem letu 2023\/24 poteka italijanska bralna zna\u010dka za u\u010dence od\u00a03. do 9. razreda. Za sodelovanje je potrebno prebrati tri knjige v italijanskem jeziku. Knjige so na voljo v na\u0161i \u0161olski knji\u017enici in si jih sami poljubno izberete, lahko pa prinesete tiste, ki se morda skrivajo na doma\u010dih policah. Skupaj z u\u010diteljem mentorjem (u\u010ditelj, ki vas italijan\u0161\u010dino pou\u010duje) boste izbrano in prebrano pregledali, komentirali ter se o vsebini prebranega pogovarjali. Tako boste krepili\u00a0razumevanje in sporo\u010danje v italijanskem jeziku na zabaven\u00a0na\u010din. Veliko lepih do\u017eivetij, novih spoznanj in zanimivih odkritij v svetu besed.<\/span><\/p>\n<p style=\"margin: 0cm;background: white;vertical-align: baseline\"><span style=\"font-size: 10.5pt;font-family: 'Open Sans',sans-serif;color: #353535\">\u00a0<\/span><\/p>\n<p style=\"margin: 0cm;background: white;vertical-align: baseline\"><span style=\"font-size: 10.5pt;font-family: 'Open Sans',sans-serif;color: #353535\">BUONA LETTURA<\/span><\/p>\n<p>u\u010ditelji italijan\u0161\u010dine<\/p>\n<p>&nbsp;<\/p>\n<p>&nbsp;<\/p>\n<p>[\/et_pb_toggle][\/et_pb_column][\/et_pb_row][et_pb_row admin_label=&#8221;Row&#8221; _builder_version=&#8221;4.16&#8243; background_size=&#8221;initial&#8221; background_position=&#8221;top_left&#8221; background_repeat=&#8221;repeat&#8221; global_colors_info=&#8221;{}&#8221;][et_pb_column type=&#8221;4_4&#8243; _builder_version=&#8221;4.16&#8243; custom_padding=&#8221;|||&#8221; global_colors_info=&#8221;{}&#8221; custom_padding__hover=&#8221;|||&#8221;][et_pb_gallery gallery_ids=&#8221;1624,1623,1439,4119,2621,2622&#8243; show_title_and_caption=&#8221;off&#8221; admin_label=&#8221;Gallery&#8221; _builder_version=&#8221;4.16&#8243; use_border_color=&#8221;off&#8221; border_color=&#8221;#ffffff&#8221; border_style=&#8221;solid&#8221; global_colors_info=&#8221;{}&#8221;][\/et_pb_gallery][\/et_pb_column][\/et_pb_row][\/et_pb_section]<\/p>\n<h3>Related Images:<\/h3>","protected":false},"excerpt":{"rendered":"<p>URNIK IZPOSOJE ZA U\u010cENCE Izposoja knjig iz \u0161olske knji\u017enice je mo\u017ena s predhodnim naro\u010dilom na knjiznica.seoskp@guest.arnes.si oziroma po navodilih Protokola za zagotavljanje varnega in spodbudnega u\u010dnega okolja v \u010dasu, zaznamovanem s Covid-19. Knji\u017eni\u010darki: Kristina Mara\u017e in Viljana Bizjak Ko\u010devar Kontakt: tel: 056638108, e-mail: knjiznica.seoskp@guest.arnes.si &nbsp; Seznam u\u010dnih gradiv za \u0161olsko leto 2024\/2025 od 1. do [&hellip;]<\/p>\n","protected":false},"author":9402,"featured_media":0,"parent":0,"menu_order":4,"comment_status":"closed","ping_status":"open","template":"","meta":{"_et_pb_use_builder":"on","_et_pb_old_content":"<p><strong>\u00a0URN<\/strong><strong>IK IZPOSOJE ZA U\u010cENCE<\/strong><\/p><table style=\"border-color: #ffffff; height: 92px; background-color: #f0eded;\" border=\"3\" width=\"648\" cellspacing=\"4\" cellpadding=\"2\"><tbody><tr style=\"border-color: #dbd3d3;\"><td style=\"text-align: center;\"><strong>Ponedeljek\u00a0<\/strong><\/td><td style=\"text-align: center;\"><strong>Torek<\/strong><\/td><td style=\"text-align: center;\"><strong>Sreda<\/strong><\/td><td style=\"text-align: center;\"><strong>\u010cetrtek<\/strong><\/td><td style=\"text-align: center;\"><strong>Petek<\/strong><\/td><\/tr><tr style=\"border-color: #dbd3d3;\"><td><p>\u00a0od 08:20 do<\/p><p>15:00<\/p><\/td><td>\u00a0od 08:20 do 15:00<\/td><td>\u00a0od 08:20 do 15:00<\/td><td>\u00a0\u00a0od 08:20 do 15:00<\/td><td>\u00a0zaprto<\/td><\/tr><\/tbody><\/table><p><strong>MALICA<\/strong><br \/> od 10.20\u00a0do 10.50<\/p><p>V \u010dasu od 8.20 do 12.45 poteka vodena izposoja za u\u010dence od 1. do 4. razreda. Med aktivnim odmorom izposoja ni mo\u017ena,<br \/> knji\u017enica je odprta le za tiho branje v \u010ditalnici.<\/p><p>[button link=\"http:\/\/oskoper.splet.arnes.si\/?cat=20\" icon=\"building-o\" bg_color=\"#088A29\"]Obvestila in dogodki v knji\u017enici[\/button]<\/p><p>[wzslider]<\/p><p>\u00a0<\/p>","_et_gb_content_width":"","ngg_post_thumbnail":0,"footnotes":"","_expiration-date-status":"","_expiration-date":0,"_expiration-date-type":"","_expiration-date-categories":[],"_expiration-date-options":[]},"class_list":["post-1420","page","type-page","status-publish","hentry"],"_links":{"self":[{"href":"https:\/\/oskoper.splet.arnes.si\/index.php?rest_route=\/wp\/v2\/pages\/1420","targetHints":{"allow":["GET"]}}],"collection":[{"href":"https:\/\/oskoper.splet.arnes.si\/index.php?rest_route=\/wp\/v2\/pages"}],"about":[{"href":"https:\/\/oskoper.splet.arnes.si\/index.php?rest_route=\/wp\/v2\/types\/page"}],"author":[{"embeddable":true,"href":"https:\/\/oskoper.splet.arnes.si\/index.php?rest_route=\/wp\/v2\/users\/9402"}],"replies":[{"embeddable":true,"href":"https:\/\/oskoper.splet.arnes.si\/index.php?rest_route=%2Fwp%2Fv2%2Fcomments&post=1420"}],"version-history":[{"count":104,"href":"https:\/\/oskoper.splet.arnes.si\/index.php?rest_route=\/wp\/v2\/pages\/1420\/revisions"}],"predecessor-version":[{"id":29661,"href":"https:\/\/oskoper.splet.arnes.si\/index.php?rest_route=\/wp\/v2\/pages\/1420\/revisions\/29661"}],"wp:attachment":[{"href":"https:\/\/oskoper.splet.arnes.si\/index.php?rest_route=%2Fwp%2Fv2%2Fmedia&parent=1420"}],"curies":[{"name":"wp","href":"https:\/\/api.w.org\/{rel}","templated":true}]}}