{"id":139,"date":"2016-01-08T13:17:59","date_gmt":"2016-01-08T12:17:59","guid":{"rendered":"http:\/\/oskoper.splet.arnes.si\/2016\/01\/08\/subvencionirana-solska-prehrana\/"},"modified":"2024-11-14T10:09:24","modified_gmt":"2024-11-14T09:09:24","slug":"subvencionirana-solska-prehrana","status":"publish","type":"page","link":"https:\/\/oskoper.splet.arnes.si\/?page_id=139","title":{"rendered":"Subvencionirana \u0161olska prehrana u\u010dencev"},"content":{"rendered":"<p>[et_pb_section fb_built=&#8221;1&#8243; fullwidth=&#8221;on&#8221; admin_label=&#8221;Section&#8221; _builder_version=&#8221;4.16&#8243; background_color=&#8221;rgba(255,255,255,0)&#8221; transparent_background=&#8221;on&#8221; global_colors_info=&#8221;{}&#8221;][et_pb_fullwidth_menu menu_id=&#8221;63&#8243; submenu_direction=&#8221;downwards&#8221; fullwidth_menu=&#8221;off&#8221; active_link_color=&#8221;#dd3333&#8243; admin_label=&#8221;Fullwidth Menu&#8221; _builder_version=&#8221;4.16&#8243; menu_font=&#8221;|on|||&#8221; menu_text_color=&#8221;#31661f&#8221; background_color=&#8221;rgba(255,255,255,0)&#8221; text_orientation=&#8221;justified&#8221; saved_tabs=&#8221;all&#8221; global_colors_info=&#8221;{}&#8221;][\/et_pb_fullwidth_menu][\/et_pb_section][et_pb_section fb_built=&#8221;1&#8243; admin_label=&#8221;section&#8221; _builder_version=&#8221;4.16&#8243; global_colors_info=&#8221;{}&#8221;][et_pb_row admin_label=&#8221;row&#8221; _builder_version=&#8221;4.16&#8243; background_size=&#8221;initial&#8221; background_position=&#8221;top_left&#8221; background_repeat=&#8221;repeat&#8221; global_colors_info=&#8221;{}&#8221;][et_pb_column type=&#8221;4_4&#8243; _builder_version=&#8221;4.16&#8243; custom_padding=&#8221;|||&#8221; global_colors_info=&#8221;{}&#8221; custom_padding__hover=&#8221;|||&#8221;][et_pb_text admin_label=&#8221;Text&#8221; _builder_version=&#8221;4.27.0&#8243; background_size=&#8221;initial&#8221; background_position=&#8221;top_left&#8221; background_repeat=&#8221;repeat&#8221; hover_enabled=&#8221;0&#8243; global_colors_info=&#8221;{}&#8221; sticky_enabled=&#8221;0&#8243;]<\/p>\n<p>U\u010dencem s subvencioniranjem prehrane dr\u017eava zagotavlja cenej\u0161i ali brezpla\u010den obrok ter tako izbolj\u0161uje dostopnost \u0161olske prehrane posameznikom iz socialno manj vzpodbudnih okolij.<\/p>\n<p><strong><\/strong><\/p>\n<p><strong>Subvencija malice<\/strong><\/p>\n<p>Pravica do subvencije malice za u\u010dence pripada tistim u\u010dencem, pri katerih povpre\u010dni mese\u010dni dohodek na osebo, ugotovljen v odlo\u010dbi o otro\u0161kem dodatku ali dr\u017eavni \u0161tipendiji,\u00a0<strong>ne presega 652,12 eura<\/strong>.<\/p>\n<p><strong><\/strong><\/p>\n<p><strong>Subvencija kosila<\/strong><\/p>\n<p>Pravica do subvencije kosila za u\u010dence pripada tistim u\u010dencem, pri katerih povpre\u010dni mese\u010dni dohodek na osebo, ugotovljen v odlo\u010dbi o otro\u0161kem dodatku,\u00a0<strong>ne presega 516,76 eura<\/strong>.<\/p>\n<p><strong><\/strong><\/p>\n<p><strong>Oddaja vloge za uveljavljanje subvencije malice in kosila<\/strong><\/p>\n<p>Za pridobitev subvencije <strong>vloge ni potrebno oddajati<\/strong>, saj se upo\u0161teva uvrstitev v dohodkovni razred na osnovni podatkov o povpre\u010dnem mese\u010dnem dohodku na osebo, ugotovljenem v veljavni odlo\u010dbi o otro\u0161kem dodatku. Vloga za subvencijo na centru za socialno delo se odda samo v primeru, \u010de dru\u017eina u\u010denca ne razpolaga z veljavno odlo\u010dbo o otro\u0161kem dodatku.<\/p>\n<p>&nbsp;<\/p>\n<p>[\/et_pb_text][\/et_pb_column][\/et_pb_row][\/et_pb_section]<\/p>\n<h3>Related Images:<\/h3>","protected":false},"excerpt":{"rendered":"<p>U\u010dencem s subvencioniranjem prehrane dr\u017eava zagotavlja cenej\u0161i ali brezpla\u010den obrok ter tako izbolj\u0161uje dostopnost \u0161olske prehrane posameznikom iz socialno manj vzpodbudnih okolij. Subvencija malice Pravica do subvencije malice za u\u010dence pripada tistim u\u010dencem, pri katerih povpre\u010dni mese\u010dni dohodek na osebo, ugotovljen v odlo\u010dbi o otro\u0161kem dodatku ali dr\u017eavni \u0161tipendiji,\u00a0ne presega 652,12 eura. Subvencija kosila Pravica [&hellip;]<\/p>\n","protected":false},"author":9402,"featured_media":0,"parent":1502,"menu_order":3,"comment_status":"open","ping_status":"open","template":"","meta":{"_et_pb_use_builder":"on","_et_pb_old_content":"<p>Priloga:<\/p><p><a href=\"http:\/\/oskoper.splet.arnes.si\/files\/2016\/01\/subvencionirana_solska_prehrana.pdf\">Obvestilo<\/a><\/p>","_et_gb_content_width":"","ngg_post_thumbnail":0,"footnotes":"","_expiration-date-status":"","_expiration-date":0,"_expiration-date-type":"","_expiration-date-categories":[],"_expiration-date-options":[]},"class_list":["post-139","page","type-page","status-publish","hentry"],"_links":{"self":[{"href":"https:\/\/oskoper.splet.arnes.si\/index.php?rest_route=\/wp\/v2\/pages\/139","targetHints":{"allow":["GET"]}}],"collection":[{"href":"https:\/\/oskoper.splet.arnes.si\/index.php?rest_route=\/wp\/v2\/pages"}],"about":[{"href":"https:\/\/oskoper.splet.arnes.si\/index.php?rest_route=\/wp\/v2\/types\/page"}],"author":[{"embeddable":true,"href":"https:\/\/oskoper.splet.arnes.si\/index.php?rest_route=\/wp\/v2\/users\/9402"}],"replies":[{"embeddable":true,"href":"https:\/\/oskoper.splet.arnes.si\/index.php?rest_route=%2Fwp%2Fv2%2Fcomments&post=139"}],"version-history":[{"count":15,"href":"https:\/\/oskoper.splet.arnes.si\/index.php?rest_route=\/wp\/v2\/pages\/139\/revisions"}],"predecessor-version":[{"id":30732,"href":"https:\/\/oskoper.splet.arnes.si\/index.php?rest_route=\/wp\/v2\/pages\/139\/revisions\/30732"}],"up":[{"embeddable":true,"href":"https:\/\/oskoper.splet.arnes.si\/index.php?rest_route=\/wp\/v2\/pages\/1502"}],"wp:attachment":[{"href":"https:\/\/oskoper.splet.arnes.si\/index.php?rest_route=%2Fwp%2Fv2%2Fmedia&parent=139"}],"curies":[{"name":"wp","href":"https:\/\/api.w.org\/{rel}","templated":true}]}}