{"id":1334,"date":"2016-10-19T11:11:48","date_gmt":"2016-10-19T09:11:48","guid":{"rendered":"http:\/\/oskoper.splet.arnes.si\/?p=1334"},"modified":"2019-04-23T09:28:11","modified_gmt":"2019-04-23T07:28:11","slug":"10-let-osnovne-sole-koper","status":"publish","type":"page","link":"https:\/\/oskoper.splet.arnes.si\/?page_id=1334","title":{"rendered":"10 let Osnovne \u0161ole Koper"},"content":{"rendered":"<p>[et_pb_section bb_built=&#8221;1&#8243; admin_label=&#8221;section&#8221;][et_pb_row admin_label=&#8221;row&#8221;][et_pb_column type=&#8221;4_4&#8243;][et_pb_text admin_label=&#8221;Text&#8221; background_layout=&#8221;light&#8221; text_orientation=&#8221;left&#8221; use_border_color=&#8221;off&#8221; border_color=&#8221;#ffffff&#8221; border_style=&#8221;solid&#8221; header_font_size=&#8221;30&#8243; header_letter_spacing=&#8221;0&#8243; header_line_height=&#8221;1&#8243; text_letter_spacing=&#8221;0&#8243; text_line_height=&#8221;1.7&#8243; border_width=&#8221;1&#8243;]<\/p>\n<h3>Osnovna \u0161ola Koper je svoje 10. leto delovanja obele\u017eila dvakrat:<\/h3>\n<h4><strong>20. 6. 2016 z zaklju\u010dno prireditvijo Verjamemo v pravljice, v kateri so nastopali u\u010denci in u\u010ditelji osnovne \u0161ole Koper ter Obalni komorni orkester z dirigentom Patrikom Greblom. Ob tej priliki so u\u010denci naredili predstavitveni film o Osnovni \u0161oli Koper.<\/strong><\/h4>\n<h4><strong><\/p>\n<p><\/strong>\n<!-- iframe plugin v.5.2 wordpress.org\/plugins\/iframe\/ -->\n<iframe loading=\"lazy\" width=\"640\" height=\"360\" src=\"https:\/\/video.arnes.si\/portal\/api\/asset\/embed\/Q2hTNaVLGmKwJ7TSAMgjcOVS\" frameborder=\"0\" webkitallowfullscreen mozallowfullscreen allowfullscreen scrolling=\"yes\" class=\"iframe-class\" name=\"ARNES\"><\/iframe>\n<\/h4>\n<p><strong>Nekaj utrinkov <\/strong><span style=\"float: none;background-color: transparent;color: #666666;font-family: 'Open Sans',Arial,sans-serif;font-size: 14px;font-style: normal;font-variant: normal;font-weight: 500;letter-spacing: normal;line-height: 23.8px;text-align: left;text-decoration: none;text-indent: 0px\"><strong>iz predstave:<\/strong> ngg_shortcode_0_placeholder<\/span><\/p>\n<p>[\/et_pb_text][et_pb_divider admin_label=&#8221;Divider&#8221; color=&#8221;#007511&#8243; show_divider=&#8221;on&#8221; height=&#8221;3&#8243; divider_style=&#8221;outset&#8221; divider_position=&#8221;top&#8221; hide_on_mobile=&#8221;on&#8221; \/][et_pb_text admin_label=&#8221;Text&#8221; background_layout=&#8221;light&#8221; text_orientation=&#8221;left&#8221; use_border_color=&#8221;off&#8221; border_color=&#8221;#ffffff&#8221; border_style=&#8221;solid&#8221;]<\/p>\n<h4><strong>1. 9. 2016, se je novo \u0161olsko leto pri\u010delo s slavnostno prireditvijo, ki jo je pripravila Mestna ob\u010dina Koper.<\/strong><\/h4>\n<ul class=\"et_post_gallery clearfix\">\n\t\t\t\t\t<li class=\"et_gallery_item et_pb_gallery_image\">\n\t\t\t\t\t\t<a href=\"https:\/\/oskoper.splet.arnes.si\/files\/2016\/10\/logo10let.jpg\" title=\"logo10let\">\n\t\t\t\t\t\t\t<span class=\"et_portfolio_image\">\n\t\t\t\t\t\t\t\t<img loading=\"lazy\" decoding=\"async\" width=\"400\" height=\"225\" src=\"https:\/\/oskoper.splet.arnes.si\/files\/2016\/10\/logo10let.jpg\" class=\"attachment-et-pb-portfolio-image size-et-pb-portfolio-image\" alt=\"\" srcset=\"https:\/\/oskoper.splet.arnes.si\/files\/2016\/10\/logo10let.jpg 482w, https:\/\/oskoper.splet.arnes.si\/files\/2016\/10\/logo10let-250x141.jpg 250w, https:\/\/oskoper.splet.arnes.si\/files\/2016\/10\/logo10let-98x55.jpg 98w, https:\/\/oskoper.splet.arnes.si\/files\/2016\/10\/logo10let-470x264.jpg 470w\" sizes=\"(max-width: 400px) 100vw, 400px\" \/>\n\t\t\t\t\t\t\t\t<span class=\"et_overlay\"><\/span>\n\t\t\t\t\t\t\t<\/span>\n\t\t\t\t\t\t<\/a>\n\t\t\t\t\t\t\n\t\t\t\t\t<\/li><li class=\"et_gallery_item et_pb_gallery_image\">\n\t\t\t\t\t\t<a href=\"https:\/\/oskoper.splet.arnes.si\/files\/2016\/10\/OS105.jpg\" title=\"OS105\">\n\t\t\t\t\t\t\t<span class=\"et_portfolio_image\">\n\t\t\t\t\t\t\t\t<img loading=\"lazy\" decoding=\"async\" width=\"400\" height=\"266\" src=\"https:\/\/oskoper.splet.arnes.si\/files\/2016\/10\/OS105.jpg\" class=\"attachment-et-pb-portfolio-image size-et-pb-portfolio-image\" alt=\"\" srcset=\"https:\/\/oskoper.splet.arnes.si\/files\/2016\/10\/OS105.jpg 620w, https:\/\/oskoper.splet.arnes.si\/files\/2016\/10\/OS105-250x167.jpg 250w, https:\/\/oskoper.splet.arnes.si\/files\/2016\/10\/OS105-83x55.jpg 83w\" sizes=\"(max-width: 400px) 100vw, 400px\" \/>\n\t\t\t\t\t\t\t\t<span class=\"et_overlay\"><\/span>\n\t\t\t\t\t\t\t<\/span>\n\t\t\t\t\t\t<\/a>\n\t\t\t\t\t\t\n\t\t\t\t\t<\/li><li class=\"et_gallery_item et_pb_gallery_image\">\n\t\t\t\t\t\t<a href=\"https:\/\/oskoper.splet.arnes.si\/files\/2016\/10\/OS104.jpg\" title=\"OS104\">\n\t\t\t\t\t\t\t<span class=\"et_portfolio_image\">\n\t\t\t\t\t\t\t\t<img loading=\"lazy\" decoding=\"async\" width=\"400\" height=\"266\" src=\"https:\/\/oskoper.splet.arnes.si\/files\/2016\/10\/OS104.jpg\" class=\"attachment-et-pb-portfolio-image size-et-pb-portfolio-image\" alt=\"\" srcset=\"https:\/\/oskoper.splet.arnes.si\/files\/2016\/10\/OS104.jpg 620w, https:\/\/oskoper.splet.arnes.si\/files\/2016\/10\/OS104-250x167.jpg 250w, https:\/\/oskoper.splet.arnes.si\/files\/2016\/10\/OS104-83x55.jpg 83w\" sizes=\"(max-width: 400px) 100vw, 400px\" \/>\n\t\t\t\t\t\t\t\t<span class=\"et_overlay\"><\/span>\n\t\t\t\t\t\t\t<\/span>\n\t\t\t\t\t\t<\/a>\n\t\t\t\t\t\t\n\t\t\t\t\t<\/li><li class=\"et_gallery_item et_pb_gallery_image\">\n\t\t\t\t\t\t<a href=\"https:\/\/oskoper.splet.arnes.si\/files\/2016\/10\/OS106.jpg\" title=\"OS106\">\n\t\t\t\t\t\t\t<span class=\"et_portfolio_image\">\n\t\t\t\t\t\t\t\t<img loading=\"lazy\" decoding=\"async\" width=\"400\" height=\"266\" src=\"https:\/\/oskoper.splet.arnes.si\/files\/2016\/10\/OS106.jpg\" class=\"attachment-et-pb-portfolio-image size-et-pb-portfolio-image\" alt=\"\" srcset=\"https:\/\/oskoper.splet.arnes.si\/files\/2016\/10\/OS106.jpg 620w, https:\/\/oskoper.splet.arnes.si\/files\/2016\/10\/OS106-250x167.jpg 250w, https:\/\/oskoper.splet.arnes.si\/files\/2016\/10\/OS106-83x55.jpg 83w\" sizes=\"(max-width: 400px) 100vw, 400px\" \/>\n\t\t\t\t\t\t\t\t<span class=\"et_overlay\"><\/span>\n\t\t\t\t\t\t\t<\/span>\n\t\t\t\t\t\t<\/a>\n\t\t\t\t\t\t\n\t\t\t\t\t<\/li><li class=\"et_gallery_item et_pb_gallery_image\">\n\t\t\t\t\t\t<a href=\"https:\/\/oskoper.splet.arnes.si\/files\/2016\/10\/OS1060.jpg\" title=\"Proslava ob 10. opbletnici Osnovne \u0161ole Koper\">\n\t\t\t\t\t\t\t<span class=\"et_portfolio_image\">\n\t\t\t\t\t\t\t\t<img loading=\"lazy\" decoding=\"async\" width=\"400\" height=\"266\" src=\"https:\/\/oskoper.splet.arnes.si\/files\/2016\/10\/OS1060.jpg\" class=\"attachment-et-pb-portfolio-image size-et-pb-portfolio-image\" alt=\"\" srcset=\"https:\/\/oskoper.splet.arnes.si\/files\/2016\/10\/OS1060.jpg 620w, https:\/\/oskoper.splet.arnes.si\/files\/2016\/10\/OS1060-250x167.jpg 250w, https:\/\/oskoper.splet.arnes.si\/files\/2016\/10\/OS1060-83x55.jpg 83w\" sizes=\"(max-width: 400px) 100vw, 400px\" \/>\n\t\t\t\t\t\t\t\t<span class=\"et_overlay\"><\/span>\n\t\t\t\t\t\t\t<\/span>\n\t\t\t\t\t\t<\/a>\n\t\t\t\t\t\t\n\t\t\t\t\t<\/li>\n\t\t\t\t<\/ul>\n<p>[\/et_pb_text][et_pb_divider admin_label=&#8221;Divider&#8221; color=&#8221;#007511&#8243; show_divider=&#8221;on&#8221; divider_style=&#8221;outset&#8221; divider_position=&#8221;top&#8221; hide_on_mobile=&#8221;on&#8221; height=&#8221;3&#8243; \/][et_pb_text admin_label=&#8221;Text&#8221; background_layout=&#8221;light&#8221; text_orientation=&#8221;left&#8221; use_border_color=&#8221;off&#8221; border_color=&#8221;#ffffff&#8221; border_style=&#8221;solid&#8221;]<\/p>\n<h3>Publikacija ob 10. obletnici Osnovne \u0161ole Koper<\/h3>\n\n<!-- iframe plugin v.5.2 wordpress.org\/plugins\/iframe\/ -->\n<iframe loading=\"lazy\" style=\"width:100%; height:742px;\" src=\"\/\/e.issuu.com\/embed.html#23823064\/43173827\" frameborder=\"0\" 0=\"allowfullscreen\" width=\"100%\" height=\"500\" scrolling=\"yes\" class=\"iframe-class\" name=\"ARNES\"><\/iframe>\n\n<p>[\/et_pb_text][\/et_pb_column][\/et_pb_row][\/et_pb_section]<\/p>\n<h3>Related Images:<\/h3>","protected":false},"excerpt":{"rendered":"<p>Osnovna \u0161ola Koper je svoje 10. leto delovanja obele\u017eila dvakrat: 20. 6. 2016 z zaklju\u010dno prireditvijo Verjamemo v pravljice, v kateri so nastopali u\u010denci in u\u010ditelji osnovne \u0161ole Koper ter Obalni komorni orkester z dirigentom Patrikom Greblom. Ob tej priliki so u\u010denci naredili predstavitveni film o Osnovni \u0161oli Koper. \n<!-- iframe plugin v.5.2 wordpress.org\/plugins\/iframe\/ -->\n<iframe width=\"&#8221;640&#8243;\" height=\"&#8221;360&#8243;\" src frameborder=\"&#8221;0&#8243;\" webkitallowfullscreen=\"&#8221;&#8221;\" 0=\"[&hellip;\" scrolling=\"yes\" class=\"iframe-class\" name=\"ARNES\"><\/iframe>\n<\/p>\n","protected":false},"author":9402,"featured_media":0,"parent":1358,"menu_order":2,"comment_status":"closed","ping_status":"closed","template":"","meta":{"_et_pb_use_builder":"on","_et_pb_old_content":"<p>Film, ki so ga u\u010denci naredili za deseto obletnico, si lahko ogledate na <a href=\"https:\/\/video.arnes.si\/portal\/asset.zul?id=Q2hTNaVLGmKwJ7TSAMgjcOVS\">tem naslovu<\/a>.<\/p><p>[gallery link=\"file\" columns=\"5\" ids=\"1652,1391,1390,1392,1393\"]<\/p>","_et_gb_content_width":"","ngg_post_thumbnail":0,"footnotes":""},"class_list":["post-1334","page","type-page","status-publish","hentry"],"publishpress_future_action":{"enabled":false,"date":"2026-05-23 14:26:14","action":"change-status","newStatus":"draft","terms":[],"taxonomy":"","extraData":[]},"publishpress_future_workflow_manual_trigger":{"enabledWorkflows":[]},"_links":{"self":[{"href":"https:\/\/oskoper.splet.arnes.si\/index.php?rest_route=\/wp\/v2\/pages\/1334","targetHints":{"allow":["GET"]}}],"collection":[{"href":"https:\/\/oskoper.splet.arnes.si\/index.php?rest_route=\/wp\/v2\/pages"}],"about":[{"href":"https:\/\/oskoper.splet.arnes.si\/index.php?rest_route=\/wp\/v2\/types\/page"}],"author":[{"embeddable":true,"href":"https:\/\/oskoper.splet.arnes.si\/index.php?rest_route=\/wp\/v2\/users\/9402"}],"replies":[{"embeddable":true,"href":"https:\/\/oskoper.splet.arnes.si\/index.php?rest_route=%2Fwp%2Fv2%2Fcomments&post=1334"}],"version-history":[{"count":31,"href":"https:\/\/oskoper.splet.arnes.si\/index.php?rest_route=\/wp\/v2\/pages\/1334\/revisions"}],"predecessor-version":[{"id":1337,"href":"https:\/\/oskoper.splet.arnes.si\/index.php?rest_route=\/wp\/v2\/pages\/1334\/revisions\/1337"}],"up":[{"embeddable":true,"href":"https:\/\/oskoper.splet.arnes.si\/index.php?rest_route=\/wp\/v2\/pages\/1358"}],"wp:attachment":[{"href":"https:\/\/oskoper.splet.arnes.si\/index.php?rest_route=%2Fwp%2Fv2%2Fmedia&parent=1334"}],"curies":[{"name":"wp","href":"https:\/\/api.w.org\/{rel}","templated":true}]}}