{"id":13099,"date":"2020-03-23T19:07:37","date_gmt":"2020-03-23T18:07:37","guid":{"rendered":"http:\/\/oskoper.splet.arnes.si\/?page_id=13099"},"modified":"2021-02-09T13:43:44","modified_gmt":"2021-02-09T12:43:44","slug":"svetovalna-sluzba-na-daljavo","status":"publish","type":"page","link":"https:\/\/oskoper.splet.arnes.si\/?page_id=13099","title":{"rendered":"Svetovalna slu\u017eba na daljavo"},"content":{"rendered":"<p>[et_pb_section fb_built=&#8221;1&#8243; fullwidth=&#8221;on&#8221; admin_label=&#8221;Section&#8221; _builder_version=&#8221;3.22&#8243;][et_pb_fullwidth_post_title meta=&#8221;off&#8221; featured_image=&#8221;off&#8221; admin_label=&#8221;Fullwidth Post Title&#8221; _builder_version=&#8221;3.0.87&#8243; title_letter_spacing=&#8221;6px&#8221; parallax=&#8221;on&#8221; parallax_method=&#8221;off&#8221; text_orientation=&#8221;center&#8221; parallax_effect=&#8221;on&#8221; use_border_color=&#8221;off&#8221; border_color=&#8221;#ffffff&#8221; border_style=&#8221;solid&#8221;][\/et_pb_fullwidth_post_title][\/et_pb_section][et_pb_section fb_built=&#8221;1&#8243; admin_label=&#8221;section&#8221; _builder_version=&#8221;3.22&#8243;][et_pb_row column_structure=&#8221;1_2,1_2&#8243; admin_label=&#8221;row&#8221; _builder_version=&#8221;3.25&#8243; background_size=&#8221;initial&#8221; background_position=&#8221;top_left&#8221; background_repeat=&#8221;repeat&#8221;][et_pb_column type=&#8221;1_2&#8243; _builder_version=&#8221;3.25&#8243; custom_padding=&#8221;|||&#8221; custom_padding__hover=&#8221;|||&#8221;][et_pb_accordion admin_label=&#8221;Accordion&#8221; _builder_version=&#8221;4.7.3&#8243; hover_enabled=&#8221;0&#8243; use_border_color=&#8221;off&#8221; border_color=&#8221;#ffffff&#8221; border_style=&#8221;solid&#8221; sticky_enabled=&#8221;0&#8243;][et_pb_accordion_item title=&#8221;Spo\u0161tovani u\u010denci, star\u0161i in skrbniki&#8221; open=&#8221;on&#8221; _builder_version=&#8221;4.6.6&#8243;]<\/p>\n<p>Zaradi ponovne uvedbe pouka na daljavo bo tudi \u0161olska svetovalna slu\u017eba, izvajalci dodatne strokovne pomo\u010di ter nekateri drugi strokovni delavci delovali na daljavo.<\/p>\n<p>Kljub temu, da\u00a0 se mnogim v teh okoli\u0161\u010dinah pojavlja\u00a0 negotovost, stiska, strah \u2026 je pomembno, da ostanemo optimisti,\u00a0 da odgovorno ravnamo, poskrbimo zase, za svoje najdra\u017eje in okrepimo imunski sistem.<\/p>\n<p>To je \u010das, ki ga lahko jemljemo tudi kot darilo\u2026. za biti skupaj, za sodelovanje, igranje, branje, druga\u010dno u\u010denje, raziskovanje, tekmovanje s samim seboj\u2026 za uresni\u010devanje svojih \u017eelja, ki\u00a0 niso nikoli pri\u0161le na vrsto zaradi pomanjkanja \u010dasa.<\/p>\n<p>In hkrati je to lahko tudi \u010das, ki nas vabi, da \u00a0na novo ovrednotimo svoje \u017eivljenje, odnose, sebe.<\/p>\n<p>Vabimo vas, da se v primeru morebitnih stisk za pomo\u010d vedno lahko obrnete na \u0161olo, na osebo, ki ji zaupate vi in va\u0161 otrok. Na razpolago smo vam vsi strokovni delavci, \u0161olska svetovalna slu\u017eba in vodstvo \u0161ole.<\/p>\n<p>[\/et_pb_accordion_item][et_pb_accordion_item title=&#8221;Kontakt&#8221; _builder_version=&#8221;4.7.3&#8243; hover_enabled=&#8221;0&#8243; open=&#8221;off&#8221; sticky_enabled=&#8221;0&#8243;]<\/p>\n<p>Povabljeni ste, da se za vpra\u0161anja, nasvete, te\u017eave obrnete na nas preko elektronske po\u0161te oziroma telefona.<\/p>\n<p>Za vas bomo na razpolago od \u00a08.00 do 15.00 :<\/p>\n<h4>Svetovalni delavki :<\/h4>\n<ul>\n<li>\u0161olska pedagoginja:\u00a0 NIKA VIDERGAR mail: <a href=\"mailto:nika.vidergar@os-koper.si\">nika.vidergar@os-koper.si<\/a>; <span>tel. 05 66 38 121<\/span><\/li>\n<li>\u0161olska pedagoginja: DAJANA NEDOH mail: <a href=\"mailto:dajana.nedoh@guest.arnes.si\">dajana.nedoh@guest.arnes.si<\/a>; telefon 041 364 321<\/li>\n<\/ul>\n<h4>Izvajalke dodatne strokovne pomo\u010di:<\/h4>\n<ul>\n<li>defektologinja: BARBARA CUBAN DRA\u0160\u010cI\u010c, mail: <a href=\"mailto:barbara.cuban@guest.arnes.si\">barbara.cuban@guest.arnes.si<\/a><\/li>\n<li>socialna pedagoginja: JASNA LOVRE\u010cI\u010c, mail:<a href=\"mailto:jasna.lovrecic@guest.arnes.si\"> jasna.lovrecic@guest.arnes.si<\/a>; telefon 040 428 091<\/li>\n<li>inkluzivna pedagoginja: GRZETI\u010c TINA, mail: <span><a href=\"mailto:tina.grzetic@os-koper.si\">tina.grzetic@os-koper.si<\/a><a href=\"mailto:tina.grzetic@os-koper.si\"><\/a><\/span><\/li>\n<li><span>inkluzivna pedagoginja: MILJKOVI\u0106 KAJA, mail:\u00a0<a href=\"mailto:kaja.miljkovic@guest.arnes.si\">kaja.miljkovic@guest.arnes.si<\/a><\/span><\/li>\n<\/ul>\n<h4>Izvajalka u\u010dne pomo\u010di za u\u010dence priseljence:<\/h4>\n<p>socialna pedagoginja: NIKA RUDE\u017d, mail: <a href=\"mailto:nika.rudez@guest.arnes.si\">nika.rudez@guest.arnes.si<\/a><\/p>\n<p>[\/et_pb_accordion_item][et_pb_accordion_item title=&#8221;Kontaktne \u0161tevilke za nudenje podpore in pomo\u010di za otroke in star\u0161e izven \u0161ole&#8221; _builder_version=&#8221;4.6.6&#8243; _module_preset=&#8221;default&#8221; open=&#8221;off&#8221;]<\/p>\n<p><strong>Telefon za psiholo\u0161ko podporo NIJZ<\/strong> \u2013 24 ur na dan :\u00a0<strong>080 51 00<\/strong><\/p>\n<p>\u00a0<strong>Svetovalni center za otroke, mladostnike in star\u0161e Koper<\/strong>\u00a0na tel. \u0161t.<strong>\u00a0031 388 591<\/strong>\u00a0ali jim pi\u0161ete na\u00a0<a href=\"mailto:svetovalni.center.kp1@siol.net\">svetovalni.center.kp1@siol.net<\/a><\/p>\n<p><strong>TOM telefon za otroke in mladostnike <\/strong>(med 12.00 in 20.00):\u00a0<strong>116 111<\/strong><\/p>\n<p><strong>Center za psiholo\u0161ko svetovanje Posvet<\/strong> (vsak delavnik med 8.00 in 20.00):\u00a0<strong>031 704 707<\/strong><\/p>\n<p><strong>Zaupni telefon Samarijan<\/strong> (24h na dan brezpla\u010dno):\u00a0<strong>116 123<\/strong><\/p>\n<p>Terapevti\u00a0<strong>Slovenske krovne zveze za psihoterapijo<\/strong>\u00a0so dosegljivi na telefonski \u0161tevilki\u00a0<strong>01 600 93 26<\/strong>\u00a0vsak dan od 16. do 20. ure.<\/p>\n<p><strong>Klic v du\u0161evni stiski<\/strong> (med 19.00 in 7.00):\u00a0<strong>01 520 99 00<\/strong><\/p>\n<p> Dodatna pomo\u010d je dosegljiva pri lokalnih zdravstvenih domovih, v sklopu katerih delujejo Centri za du\u0161evno zdravje otrok in mladostnikov, Centri za krepitev zdravja in Zdravstveno-vzgojni centri.<\/p>\n<p>V primeru nasilja se lahko obrnete na\u00a0<strong>Dru\u0161tvo SOS\u00a0<\/strong>na telefon\u00a0<strong>031 699 333<\/strong>\u00a0(od 9h do 15h),\u00a0<strong>080 11 55<\/strong>\u00a0(od 12h do 18h) in na\u00a0<a href=\"mailto:drustvo-sos@drustvo-sos.si\">drustvo-sos@drustvo-sos.si<\/a>\u00a0ali<\/p>\n<p>na<strong>\u00a0Dru\u0161tvo za nenasilno komunikacijo<\/strong>\u00a0na\u00a0<strong>031 546 098<\/strong>, vsak dan od 8. do 20. ure.<\/p>\n<p>[\/et_pb_accordion_item][\/et_pb_accordion][\/et_pb_column][et_pb_column type=&#8221;1_2&#8243; _builder_version=&#8221;3.25&#8243; custom_padding=&#8221;|||&#8221; custom_padding__hover=&#8221;|||&#8221;][et_pb_blog fullwidth=&#8221;off&#8221; include_categories=&#8221;101&#8243; show_more=&#8221;on&#8221; show_author=&#8221;off&#8221; show_categories=&#8221;off&#8221; show_pagination=&#8221;off&#8221; admin_label=&#8221;Blog&#8221; _builder_version=&#8221;3.0.94&#8243; use_border_color=&#8221;off&#8221; border_color=&#8221;#ffffff&#8221; border_style=&#8221;solid&#8221; use_dropshadow=&#8221;off&#8221;][\/et_pb_blog][\/et_pb_column][\/et_pb_row][\/et_pb_section]<\/p>\n<h3>Related Images:<\/h3>","protected":false},"excerpt":{"rendered":"<p>Zaradi ponovne uvedbe pouka na daljavo bo tudi \u0161olska svetovalna slu\u017eba, izvajalci dodatne strokovne pomo\u010di ter nekateri drugi strokovni delavci delovali na daljavo. Kljub temu, da\u00a0 se mnogim v teh okoli\u0161\u010dinah pojavlja\u00a0 negotovost, stiska, strah \u2026 je pomembno, da ostanemo optimisti,\u00a0 da odgovorno ravnamo, poskrbimo zase, za svoje najdra\u017eje in okrepimo imunski sistem. To je [&hellip;]<\/p>\n","protected":false},"author":9402,"featured_media":13157,"parent":0,"menu_order":0,"comment_status":"closed","ping_status":"closed","template":"","meta":{"_et_pb_use_builder":"on","_et_pb_old_content":"<p>Spo\u0161tovani u\u010denci in star\u0161i,<\/p><p>zaradi izrednih razmer bo tudi \u0161olska svetovalna slu\u017eba, izvajalci dodatne strokovne pomo\u010di ter nekateri drugi strokovni delavci delovali na daljavo.<\/p><p>Na spletni strani bomo sproti objavljali vsebine, nasvete,\u00a0 ki so lahko u\u010dencem in star\u0161em v pomo\u010d pri premagovanju situacije v kateri smo se vsi zna\u0161li.<\/p><p>To je \u010das, ki ga lahko jemljemo tudi kot darilo\u2026.za biti skupaj, za sodelovanje, igranje, branje, druga\u010dno u\u010denje, raziskovanje, tekmovanje s samim seboj\u2026za uresni\u010devanje svojih \u017eelja, ki\u00a0 niso nikoli pri\u0161le na vrsto zaradi pomanjkanja \u010dasa.<\/p><p>In hkrati je to lahko tudi \u010das, ki nas vabi, da \u00a0na novo ovrednotimo svoje \u017eivljenje, odnose, sebe.<\/p><p>Povabljeni ste, da se za vpra\u0161anja, nasvete, te\u017eave obrnete na nas preko elektronske po\u0161te oziroma telefona.<\/p><p>Za vas bomo na razpolago od \u00a08.00 do 15.00 :<\/p><p>Svetovalni delavki :<\/p><ul><li>socialna delavka:\u00a0 NADA SLUGA mail: <a href=\"mailto:nada.sluga@guest.arnes.si\">nada.sluga@guest.arnes.si<\/a>; telefon 041 733 099<\/li><li>\u0161olska pedagoginja: DAJANA NEDOH mail: <a href=\"mailto:dajana.nedoh@guest.arnes.si\">dajana.nedoh@guest.arnes.si<\/a>; telefon 041 364 321<\/li><\/ul><p>Izvajalke dodatne strokovne pomo\u010di:<\/p><ul><li>defektologinja: BARBARA CUBAN DRA\u0160\u010cI\u010c, mail: <a href=\"mailto:barbara.cuban@guest.arnes.si\">barbara.cuban@guest.arnes.si<\/a><\/li><li>socialna pedagoginja: JASNA LOVRE\u010cI\u010c, mail:<a href=\"mailto:jasna.lovrecic@guest.arnes.si\"> jasna.lovrecic@guest.arnes.si<\/a>; telefon 040 428 091<\/li><li>inkluzivna pedagoginja: GRZETI\u010c TINA, mail: <a href=\"mailto:grzetic.tina@gmail.com\">grzetic.tina@gmail.com<\/a><\/li><li>logopedinja: MARTINA ZUBALI\u010c, mail: <a href=\"mailto:martina.zubalic@cksg.si\">martina.zubalic@cksg.si<\/a><\/li><\/ul><p>Izvajalka u\u010dne pomo\u010di za u\u010dence priseljence:<\/p><p>socialna pedagoginja: NIKA RUDE\u017d, mail: <a href=\"mailto:nika.rudez@guest.arnes.si\">nika.rudez@guest.arnes.si<\/a><\/p>","_et_gb_content_width":"","ngg_post_thumbnail":0,"footnotes":""},"class_list":["post-13099","page","type-page","status-publish","has-post-thumbnail","hentry"],"publishpress_future_action":{"enabled":false,"date":"2026-05-23 11:03:56","action":"change-status","newStatus":"draft","terms":[],"taxonomy":"","extraData":[]},"publishpress_future_workflow_manual_trigger":{"enabledWorkflows":[]},"_links":{"self":[{"href":"https:\/\/oskoper.splet.arnes.si\/index.php?rest_route=\/wp\/v2\/pages\/13099","targetHints":{"allow":["GET"]}}],"collection":[{"href":"https:\/\/oskoper.splet.arnes.si\/index.php?rest_route=\/wp\/v2\/pages"}],"about":[{"href":"https:\/\/oskoper.splet.arnes.si\/index.php?rest_route=\/wp\/v2\/types\/page"}],"author":[{"embeddable":true,"href":"https:\/\/oskoper.splet.arnes.si\/index.php?rest_route=\/wp\/v2\/users\/9402"}],"replies":[{"embeddable":true,"href":"https:\/\/oskoper.splet.arnes.si\/index.php?rest_route=%2Fwp%2Fv2%2Fcomments&post=13099"}],"version-history":[{"count":13,"href":"https:\/\/oskoper.splet.arnes.si\/index.php?rest_route=\/wp\/v2\/pages\/13099\/revisions"}],"predecessor-version":[{"id":18073,"href":"https:\/\/oskoper.splet.arnes.si\/index.php?rest_route=\/wp\/v2\/pages\/13099\/revisions\/18073"}],"wp:featuredmedia":[{"embeddable":true,"href":"https:\/\/oskoper.splet.arnes.si\/index.php?rest_route=\/wp\/v2\/media\/13157"}],"wp:attachment":[{"href":"https:\/\/oskoper.splet.arnes.si\/index.php?rest_route=%2Fwp%2Fv2%2Fmedia&parent=13099"}],"curies":[{"name":"wp","href":"https:\/\/api.w.org\/{rel}","templated":true}]}}