{"id":10775,"date":"2019-06-13T09:50:18","date_gmt":"2019-06-13T07:50:18","guid":{"rendered":"http:\/\/oskoper.splet.arnes.si\/?page_id=10775"},"modified":"2021-07-15T14:23:37","modified_gmt":"2021-07-15T12:23:37","slug":"solski-okolis","status":"publish","type":"page","link":"https:\/\/oskoper.splet.arnes.si\/?page_id=10775","title":{"rendered":"\u0160olski okoli\u0161"},"content":{"rendered":"<p>[et_pb_section fb_built=&#8221;1&#8243; admin_label=&#8221;section&#8221; _builder_version=&#8221;3.22&#8243;][et_pb_row admin_label=&#8221;row&#8221; _builder_version=&#8221;3.25&#8243; background_size=&#8221;initial&#8221; background_position=&#8221;top_left&#8221; background_repeat=&#8221;repeat&#8221;][et_pb_column type=&#8221;4_4&#8243; _builder_version=&#8221;3.25&#8243; custom_padding=&#8221;|||&#8221; custom_padding__hover=&#8221;|||&#8221;][et_pb_text admin_label=&#8221;Text&#8221; _builder_version=&#8221;4.7.3&#8243; background_size=&#8221;initial&#8221; background_position=&#8221;top_left&#8221; background_repeat=&#8221;repeat&#8221; hover_enabled=&#8221;0&#8243; sticky_enabled=&#8221;0&#8243;]<\/p>\n<p style=\"text-align: justify\">\u0160olski okoli\u0161 je opredeljen z Odlokom o ustanovitvi javnega vzgojno izobra\u017eevalnega zavoda Osnovna \u0161ola Koper (Ur. list RS, \u0161t. 4\/2006, 11\/2006, 40\/2007 in 71\/2008) in obsega: obmo\u010dje KS Koper-Center, KS \u0160kocjan razen naselij \u0160kocjan in Man\u017ean ter del KS Olmo-Prisoje, ki obsega prostorske okoli\u0161e 0129, 0128, 0143 in 0146. \u0160ola ima tudi skupni \u0161olski okoli\u0161 z O\u0160 Du\u0161ana Bordona in sicer prostorske okoli\u0161e 0145, 0352, 0116, 0115, 011 in 0114 v KS Olmo-Prisoje.<\/p>\n<p style=\"text-align: justify\">Otroke z obmo\u010dja skupnega \u0161olskega okoli\u0161a se na osnovi dogovora med \u0161olama vpisuje v eno izmed \u0161ol.<\/p>\n<p style=\"text-align: justify\">Vloge star\u0161ev iz drugih \u0161olskih okoli\u0161ev za v\u0161olanje u\u010dencev na na\u0161o \u0161olo obravnavamo individualno (\u0161olska svetovalna slu\u017eba in vodstvo).<\/p>\n<p>[\/et_pb_text][\/et_pb_column][\/et_pb_row][\/et_pb_section]<\/p>\n<h3>Related Images:<\/h3>","protected":false},"excerpt":{"rendered":"<p>\u0160olski okoli\u0161 je opredeljen z Odlokom o ustanovitvi javnega vzgojno izobra\u017eevalnega zavoda Osnovna \u0161ola Koper (Ur. list RS, \u0161t. 4\/2006, 11\/2006, 40\/2007 in 71\/2008) in obsega: obmo\u010dje KS Koper-Center, KS \u0160kocjan razen naselij \u0160kocjan in Man\u017ean ter del KS Olmo-Prisoje, ki obsega prostorske okoli\u0161e 0129, 0128, 0143 in 0146. \u0160ola ima tudi skupni \u0161olski okoli\u0161 [&hellip;]<\/p>\n","protected":false},"author":9402,"featured_media":0,"parent":0,"menu_order":0,"comment_status":"closed","ping_status":"closed","template":"","meta":{"_et_pb_use_builder":"on","_et_pb_old_content":"\u0160olski okoli\u0161 je opredeljen z Odlokom o ustanovitvi javnega vzgojno izobra\u017eevalnega zavoda Osnovna \u0161ola Koper (Ur. list RS, \u0161t. 4\/2006, 11\/2006, 40\/2007 in 71\/2008) in obsega: obmo\u010dje KS Koper-Center, KS \u0160kocjan razen naselij \u0160kocjan in Man\u017ean ter del KS Olmo-Prisoje, ki obsega prostorske okoli\u0161e 0129, 0128, 0143 in 0146. \u0160ola ima tudi skupni \u0161olski okoli\u0161 z O\u0160 Du\u0161ana Bordona in sicer prostorske okoli\u0161e 0145, 0352, 0116, 0115, 011 in 0114 v KS Olmo-Prisoje.\r\n\r\nOtroke z obmo\u010dja skupnega \u0161olskega okoli\u0161a se na osnovi dogovora med \u0161olama vpisuje v eno izmed \u0161ol.\r\n\r\nVloge star\u0161ev iz drugih \u0161olskih okoli\u0161ev za v\u0161olanje u\u010dencev na na\u0161o \u0161olo obravnavamo individualno (\u0161olska svetovalna slu\u017eba in vodstvo).","_et_gb_content_width":"","ngg_post_thumbnail":0,"footnotes":"","_expiration-date-status":"saved","_expiration-date":0,"_expiration-date-type":"","_expiration-date-categories":[],"_expiration-date-options":[]},"class_list":["post-10775","page","type-page","status-publish","hentry"],"_links":{"self":[{"href":"https:\/\/oskoper.splet.arnes.si\/index.php?rest_route=\/wp\/v2\/pages\/10775","targetHints":{"allow":["GET"]}}],"collection":[{"href":"https:\/\/oskoper.splet.arnes.si\/index.php?rest_route=\/wp\/v2\/pages"}],"about":[{"href":"https:\/\/oskoper.splet.arnes.si\/index.php?rest_route=\/wp\/v2\/types\/page"}],"author":[{"embeddable":true,"href":"https:\/\/oskoper.splet.arnes.si\/index.php?rest_route=\/wp\/v2\/users\/9402"}],"replies":[{"embeddable":true,"href":"https:\/\/oskoper.splet.arnes.si\/index.php?rest_route=%2Fwp%2Fv2%2Fcomments&post=10775"}],"version-history":[{"count":3,"href":"https:\/\/oskoper.splet.arnes.si\/index.php?rest_route=\/wp\/v2\/pages\/10775\/revisions"}],"predecessor-version":[{"id":19331,"href":"https:\/\/oskoper.splet.arnes.si\/index.php?rest_route=\/wp\/v2\/pages\/10775\/revisions\/19331"}],"wp:attachment":[{"href":"https:\/\/oskoper.splet.arnes.si\/index.php?rest_route=%2Fwp%2Fv2%2Fmedia&parent=10775"}],"curies":[{"name":"wp","href":"https:\/\/api.w.org\/{rel}","templated":true}]}}